{"id":944,"date":"2022-06-12T15:16:01","date_gmt":"2022-06-12T13:16:01","guid":{"rendered":"http:\/\/pavelpa2.vot.pl\/?page_id=944"},"modified":"2022-06-12T15:26:26","modified_gmt":"2022-06-12T13:26:26","slug":"patron-szkoly","status":"publish","type":"page","link":"https:\/\/sp22.pl\/nowa\/index.php\/patron-szkoly\/","title":{"rendered":"Patron szko\u0142y"},"content":{"rendered":"<p><img loading=\"lazy\" decoding=\"async\" class=\"size-medium wp-image-945 aligncenter\" src=\"https:\/\/sp22.pl\/nowa\/wp-content\/uploads\/2022\/06\/korczak-232x300.jpg\" alt=\"Patron szko\u0142y\" width=\"232\" height=\"300\" srcset=\"https:\/\/sp22.pl\/nowa\/wp-content\/uploads\/2022\/06\/korczak-232x300.jpg 232w, https:\/\/sp22.pl\/nowa\/wp-content\/uploads\/2022\/06\/korczak.jpg 282w\" sizes=\"auto, (max-width: 232px) 100vw, 232px\" \/><\/p>\n<p style=\"text-align: center;\"><a href=\"https:\/\/sp22.pl\/nowa\/wp-content\/uploads\/Pliki\/Do_pobrania_static\/Tworzenie%20strony%20www\/O%20Korczaku\/zyciorys_korczaka.pdf\">\u017bYCIORYS JANUSZA KORCZAKA (plik PDF)<\/a><\/p>\n<p><center><a href=\"https:\/\/sp22.pl\/nowa\/wp-content\/uploads\/Pliki\/Do_pobrania_static\/Tworzenie%20strony%20www\/O%20Korczaku\/tworczosc_literacka_korczaka.pdf\">TW\u00d3RCZO\u015a\u0106 LITERACKA JANUSZA KORCZAKA (plik PDF)<\/a><\/center><center><br \/>\n<center><a href=\"https:\/\/sp22.pl\/nowa\/wp-content\/uploads\/Pliki\/Do_pobrania_static\/Tworzenie%20strony%20www\/O%20Korczaku\/cytaty_korczaka.pdf\">WYBRANE CYTATY (plik PDF)<\/a><\/center><\/center><\/p>\n","protected":false},"excerpt":{"rendered":"<p>&#46;&#46;&#46;<\/p>\n","protected":false},"author":1,"featured_media":0,"parent":0,"menu_order":0,"comment_status":"closed","ping_status":"closed","template":"","meta":{"ngg_post_thumbnail":0,"footnotes":""},"class_list":["post-944","page","type-page","status-publish","hentry"],"_links":{"self":[{"href":"https:\/\/sp22.pl\/nowa\/index.php\/wp-json\/wp\/v2\/pages\/944","targetHints":{"allow":["GET"]}}],"collection":[{"href":"https:\/\/sp22.pl\/nowa\/index.php\/wp-json\/wp\/v2\/pages"}],"about":[{"href":"https:\/\/sp22.pl\/nowa\/index.php\/wp-json\/wp\/v2\/types\/page"}],"author":[{"embeddable":true,"href":"https:\/\/sp22.pl\/nowa\/index.php\/wp-json\/wp\/v2\/users\/1"}],"replies":[{"embeddable":true,"href":"https:\/\/sp22.pl\/nowa\/index.php\/wp-json\/wp\/v2\/comments?post=944"}],"version-history":[{"count":1,"href":"https:\/\/sp22.pl\/nowa\/index.php\/wp-json\/wp\/v2\/pages\/944\/revisions"}],"predecessor-version":[{"id":946,"href":"https:\/\/sp22.pl\/nowa\/index.php\/wp-json\/wp\/v2\/pages\/944\/revisions\/946"}],"wp:attachment":[{"href":"https:\/\/sp22.pl\/nowa\/index.php\/wp-json\/wp\/v2\/media?parent=944"}],"curies":[{"name":"wp","href":"https:\/\/api.w.org\/{rel}","templated":true}]}}