{"id":9261,"date":"2025-03-12T03:24:45","date_gmt":"2025-03-12T02:24:45","guid":{"rendered":"https:\/\/sp22.pl\/nowa\/?page_id=9261"},"modified":"2025-03-12T04:22:20","modified_gmt":"2025-03-12T03:22:20","slug":"laboratoria-przyszlosci-fotorelacja-rok-szkolny-2024-25","status":"publish","type":"page","link":"https:\/\/sp22.pl\/nowa\/index.php\/laboratoria-przyszlosci\/laboratoria-przyszlosci-fotorelacja-rok-szkolny-2024-25\/","title":{"rendered":"Laboratoria Przysz\u0142o\u015bci &#8211; Fotorelacja &#8211; Rok szkolny 2024\/25"},"content":{"rendered":"<p><strong><span style=\"color: #000000;\">RODZINKOWO<\/span><\/strong><\/p>\n<p><span style=\"color: #000000;\">Grudniowym popo\u0142udniem, w \u015bwietlicy szkolnej, odby\u0142a si\u0119 kolejna edycja rodzinnych warsztat\u00f3w plastycznych \u201eRodzinkowo\u201d, podczas&nbsp;kt\u00f3rych uczestnicy wykonywali przestrzenn\u0105 dekoracj\u0119 zimow\u0105.<br \/>\nDzi\u0119ki narz\u0119dziom i materia\u0142om zakupionym w ramach programu \u201eLaboratoria przysz\u0142o\u015bci\u201d praca przebiega\u0142a sprawniej i przyjemniej. Pistolety do kleju na gor\u0105co u\u0142atwi\u0142y \u0142\u0105czenie wszystkich element\u00f3w, a farby sprawi\u0142y, \u017ce dekoracje by\u0142y r\u00f3\u017cnokolorowe i pi\u0119kne.<\/span><\/p>\n<p><em><span style=\"color: #000000;\">Koordynator przedsi\u0119wzi\u0119cia: p. Agnieszka Bytner<\/span><\/em><br \/>\n<em><span style=\"color: #000000;\">Opracowanie: p. Agnieszka Bytner<\/span><\/em><\/p>\n<p>ngg_shortcode_0_placeholder<strong><span style=\"color: #000000;\">BIA\u0141A SZKO\u0141A W MURZASICHLE<\/span><\/strong><\/p>\n<p><span style=\"color: #000000;\">Aparat fotograficzny, zakupiony w ramach programu \u201eLaboratoria przysz\u0142o\u015bci\u201d, umo\u017cliwi\u0142 nam, podczas pobytu na \u201ebia\u0142ej szkole\u201d w&nbsp;Murzasichle, zatrzymanie wyj\u0105tkowych chwil w kadrze. Wspomnie\u0144 mamy wiele, przyg\u00f3d jeszcze wi\u0119cej, a dzi\u0119ki zdj\u0119ciom utrwalone momenty pozostan\u0105 z nami na d\u0142ugie lata w albumach rodzinnych. <\/span><\/p>\n<p><em><span style=\"color: #000000;\">Koordynator przedsi\u0119wzi\u0119cia: p. Micha\u0142 Parzuch<\/span><\/em><br \/>\n<em><span style=\"color: #000000;\">Opracowanie: p. Agnieszka Bytner<\/span><\/em><\/p>\nngg_shortcode_1_placeholder\n","protected":false},"excerpt":{"rendered":"<p>&#46;&#46;&#46;<\/p>\n","protected":false},"author":4,"featured_media":0,"parent":1100,"menu_order":0,"comment_status":"closed","ping_status":"closed","template":"","meta":{"ngg_post_thumbnail":0,"footnotes":""},"class_list":["post-9261","page","type-page","status-publish","hentry"],"_links":{"self":[{"href":"https:\/\/sp22.pl\/nowa\/index.php\/wp-json\/wp\/v2\/pages\/9261","targetHints":{"allow":["GET"]}}],"collection":[{"href":"https:\/\/sp22.pl\/nowa\/index.php\/wp-json\/wp\/v2\/pages"}],"about":[{"href":"https:\/\/sp22.pl\/nowa\/index.php\/wp-json\/wp\/v2\/types\/page"}],"author":[{"embeddable":true,"href":"https:\/\/sp22.pl\/nowa\/index.php\/wp-json\/wp\/v2\/users\/4"}],"replies":[{"embeddable":true,"href":"https:\/\/sp22.pl\/nowa\/index.php\/wp-json\/wp\/v2\/comments?post=9261"}],"version-history":[{"count":9,"href":"https:\/\/sp22.pl\/nowa\/index.php\/wp-json\/wp\/v2\/pages\/9261\/revisions"}],"predecessor-version":[{"id":9281,"href":"https:\/\/sp22.pl\/nowa\/index.php\/wp-json\/wp\/v2\/pages\/9261\/revisions\/9281"}],"up":[{"embeddable":true,"href":"https:\/\/sp22.pl\/nowa\/index.php\/wp-json\/wp\/v2\/pages\/1100"}],"wp:attachment":[{"href":"https:\/\/sp22.pl\/nowa\/index.php\/wp-json\/wp\/v2\/media?parent=9261"}],"curies":[{"name":"wp","href":"https:\/\/api.w.org\/{rel}","templated":true}]}}