{"id":902,"date":"2022-06-08T09:04:37","date_gmt":"2022-06-08T07:04:37","guid":{"rendered":"http:\/\/pavelpa2.vot.pl\/?page_id=902"},"modified":"2024-11-21T03:29:02","modified_gmt":"2024-11-21T02:29:02","slug":"poradnik-rodzica","status":"publish","type":"page","link":"https:\/\/sp22.pl\/nowa\/index.php\/strefa-rodzica\/poradnik-rodzica\/","title":{"rendered":"Poradnik rodzica"},"content":{"rendered":"<p><strong><span style=\"color: #000000;\">DO KOGO ZWR\u00d3CI\u0106 SI\u0118 O POMOC?<\/span><\/strong><\/p>\n<p><span style=\"color: #000000;\">Osoby i instytucje do kt\u00f3rych mo\u017cna zg\u0142osi\u0107 si\u0119 o wsparcie w sytuacjach wymagaj\u0105cych pomocy psychologiczno &#8211; pedagogicznej i&nbsp;wychowawczej.&nbsp;<\/span><\/p>\n<p><a href=\"https:\/\/sp22.pl\/nowa\/wp-content\/uploads\/Pliki\/Do_pobrania_static\/Tworzenie%20strony%20www\/Dla%20rodzica\/Publiczne%20Poradnie%20Psychologiczno%20-%20Pedagogiczne.docx\"><span style=\"color: #000000;\">\u2666 Wykaz publicznych i niepublicznych, w tym specjalistycznych poradni psychologiczno-pedagogicznych \/docx 36 KB\/<\/span><\/a><\/p>\n<p><span style=\"color: #000000;\"><a style=\"color: #000000;\" href=\"https:\/\/sp22.pl\/nowa\/wp-content\/uploads\/Pliki\/Do_pobrania_static\/Tworzenie%20strony%20www\/Dla%20rodzica\/Do%20kogo%20o%20pomoc\/poradnik_rodzica_o%C5%9Brodek_interwencji_kryzysowej.pdf\">\u2666 O\u015brodek Interwencji Kryzysowej \/pdf 585 KB\/<\/a><\/span><\/p>\n<p><span style=\"color: #000000;\"><a style=\"color: #000000;\" href=\"https:\/\/sp22.pl\/nowa\/wp-content\/uploads\/Pliki\/Do_pobrania_static\/Tworzenie%20strony%20www\/Dla%20rodzica\/Do%20kogo%20o%20pomoc\/poradnik_rodzica_komenda_miejska_policji.pdf\">\u2666 Komenda Miejska Policji \/pdf 475 KB\/<\/a><\/span><\/p>\n<p><span style=\"color: #000000;\">\u2666 <a style=\"color: #000000;\" href=\"https:\/\/sp22.pl\/nowa\/wp-content\/uploads\/Pliki\/Do_pobrania_static\/Tworzenie%20strony%20www\/Dla%20rodzica\/Do%20kogo%20o%20pomoc\/poradnik_rodzica_stra%C5%BC_miejska.pdf\">Stra\u017c Miejska \/pdf 484 KB\/&nbsp;<\/a><\/span><\/p>\n<p><span style=\"color: #000000;\">\u2666 <a style=\"color: #000000;\" href=\"https:\/\/sp22.pl\/nowa\/wp-content\/uploads\/Pliki\/Do_pobrania_static\/Tworzenie%20strony%20www\/Dla%20rodzica\/Dla%20ucznia\/telefony_zaufania_2024_2025.docx\">Telefony zaufania \/docx 30 KB\/<\/a><\/span><\/p>\n<p>&nbsp;<\/p>\n<p><span style=\"color: #000000;\">\u2665 <a style=\"color: #000000;\" href=\"https:\/\/sp22.pl\/nowa\/wp-content\/uploads\/Pliki\/Do_pobrania_static\/Tworzenie%20strony%20www\/Dla%20rodzica\/poradnik_rodzicow_1.pdf\">&nbsp;Moje dziecko w przedszkolu i szkole &#8211; Poradnik dla rodzic\u00f3w \/pdf 4.45 MB\/<\/a><\/span><\/p>\n<p><span style=\"color: #000000;\">\u2665 <a style=\"color: #000000;\" href=\"https:\/\/sp22.pl\/nowa\/wp-content\/uploads\/Pliki\/Do_pobrania_static\/Tworzenie%20strony%20www\/Dla%20rodzica\/poradnik_rodzicow_ze_spe.pdf\">&nbsp;Moje dziecko w przedszkolu i szkole &#8211; Poradnik dla rodzic\u00f3w uczni\u00f3w ze specjalnymi potrzebami edukacyjnymi \/pdf 2.62 MB\/&nbsp;<\/a><\/span><\/p>\n<p><span style=\"color: #000000;\">\u2665<\/span> <a href=\"https:\/\/sp22.pl\/nowa\/wp-content\/uploads\/Pliki\/Do_pobrania_static\/Tworzenie%20strony%20www\/Dla%20rodzica\/profilaktyka_uzaleznien_bibliografia.pdf\"><span style=\"color: #000000;\">Profilaktyka uzale\u017cnie\u0144 \/pdf 500 KB\/<\/span><\/a><\/p>\n<p><span style=\"color: #000000;\">\u2665 <a style=\"color: #000000;\" href=\"https:\/\/sp22.pl\/nowa\/wp-content\/uploads\/Pliki\/Do_pobrania_static\/Tworzenie%20strony%20www\/Dla%20rodzica\/dziecko_w_sieci_poradnik_rodzica.pdf\">Dziecko w sieci &#8211; Poradnik rodzica \/pdf 651 KB\/<\/a><\/span><\/p>\n<p><span style=\"color: #000000;\">\u2665 <a style=\"color: #000000;\" href=\"https:\/\/sp22.pl\/nowa\/wp-content\/uploads\/Pliki\/Do_pobrania_static\/Tworzenie%20strony%20www\/Dla%20rodzica\/dbi_ulotka_dla_rodzica_2014_15.pdf\">Zadbaj o bezpiecze\u0144stwo swego dziecka w sieci &#8211; Wskaz\u00f3wki dla rodzic\u00f3w \/odf 457 KB\/<\/a><\/span><\/p>\n<p><span style=\"color: #000000;\">\u2665 <a style=\"color: #000000;\" href=\"https:\/\/sp22.pl\/nowa\/wp-content\/uploads\/Pliki\/Do_pobrania_static\/Tworzenie%20strony%20www\/Dla%20rodzica\/Informator_dla_Rodzicow_i_Opiekunow_Dziecka_z_Niepelnosprawnoscia__2017_18.pdf\">Mazowiecki informator dla rodzic\u00f3w i opiekun\u00f3w dziecka z niepe\u0142nosprawno\u015bci\u0105 \/pdf 1.11 MB\/<\/a><\/span><\/p>\n<p><span style=\"color: #000000;\">\u2665 <a style=\"color: #000000;\" href=\"https:\/\/sp22.pl\/nowa\/wp-content\/uploads\/Pliki\/Do_pobrania_static\/Tworzenie%20strony%20www\/Dla%20rodzica\/Jak%20kocha%C4%87%20i%20wymaga%C4%87-poradnik%20dla%20rodzic%C3%B3w.pdf\">Jak kocha\u0107 i wymaga\u0107 &#8211; Poradnik dla rodzic\u00f3w \/pdf 1.3 MB\/<\/a><\/span><\/p>\n<p><span style=\"color: #000000;\">\u2665 <a style=\"color: #000000;\" href=\"https:\/\/sp22.pl\/nowa\/wp-content\/uploads\/Pliki\/Do_pobrania_static\/Tworzenie%20strony%20www\/Dla%20rodzica\/ADHD-poradnik%20dla%20rodzic%C3%B3w.pdf\">ADHD &#8211; Poradnik dla rodzic\u00f3w \/pdf 3.01 MB\/<\/a><\/span><\/p>\n<p><span style=\"color: #000000;\">\u2665 <a style=\"color: #000000;\" href=\"https:\/\/sp22.pl\/nowa\/wp-content\/uploads\/Pliki\/Do_pobrania_static\/Tworzenie%20strony%20www\/Dla%20rodzica\/Poradnik_dla_rodzic%C3%B3w_Rola_rodziny_i_os%C3%B3b_bliskich_w_promocji_zdrowia_psychicznego.pdf\">Rola rodziny i os\u00f3b bliskich w promocji zdrowia psychicznego &#8211; Poradnik dla rodzic\u00f3w \/pdf 4.66 MB\/&nbsp;<\/a><\/span><\/p>\n<p><span style=\"color: #000000;\">\u2665 <a style=\"color: #000000;\" href=\"https:\/\/sp22.pl\/nowa\/wp-content\/uploads\/Pliki\/Do_pobrania_static\/Tworzenie%20strony%20www\/Dla%20rodzica\/Poradnik_dla_rodzic%C3%B3w_Pierwsza_pomoc_emocjonalna.pdf\">Pierwsza pomoc emocjonalna &#8211; Poradnik dla rodzic\u00f3w \/pdf 1.86 MB\/ <\/a><\/span><\/p>\n<p><span style=\"color: #000000;\">\u2665 <a style=\"color: #000000;\" href=\"https:\/\/sp22.pl\/nowa\/wp-content\/uploads\/Pliki\/Do_pobrania_static\/Tworzenie%20strony%20www\/Dla%20rodzica\/Poradnik_dla_rodzic%C3%B3w_Wsparcie_rowiesnicze.pdf\">Wsparcie r\u00f3wie\u015bnicze &#8211; Poradnik dla rodzic\u00f3w \/pdf 1.02 MB\/<\/a><\/span><\/p>\n<p>&nbsp;<\/p>\n","protected":false},"excerpt":{"rendered":"<p>&#46;&#46;&#46;<\/p>\n","protected":false},"author":1,"featured_media":0,"parent":898,"menu_order":0,"comment_status":"closed","ping_status":"closed","template":"","meta":{"ngg_post_thumbnail":0,"footnotes":""},"class_list":["post-902","page","type-page","status-publish","hentry"],"_links":{"self":[{"href":"https:\/\/sp22.pl\/nowa\/index.php\/wp-json\/wp\/v2\/pages\/902","targetHints":{"allow":["GET"]}}],"collection":[{"href":"https:\/\/sp22.pl\/nowa\/index.php\/wp-json\/wp\/v2\/pages"}],"about":[{"href":"https:\/\/sp22.pl\/nowa\/index.php\/wp-json\/wp\/v2\/types\/page"}],"author":[{"embeddable":true,"href":"https:\/\/sp22.pl\/nowa\/index.php\/wp-json\/wp\/v2\/users\/1"}],"replies":[{"embeddable":true,"href":"https:\/\/sp22.pl\/nowa\/index.php\/wp-json\/wp\/v2\/comments?post=902"}],"version-history":[{"count":29,"href":"https:\/\/sp22.pl\/nowa\/index.php\/wp-json\/wp\/v2\/pages\/902\/revisions"}],"predecessor-version":[{"id":7625,"href":"https:\/\/sp22.pl\/nowa\/index.php\/wp-json\/wp\/v2\/pages\/902\/revisions\/7625"}],"up":[{"embeddable":true,"href":"https:\/\/sp22.pl\/nowa\/index.php\/wp-json\/wp\/v2\/pages\/898"}],"wp:attachment":[{"href":"https:\/\/sp22.pl\/nowa\/index.php\/wp-json\/wp\/v2\/media?parent=902"}],"curies":[{"name":"wp","href":"https:\/\/api.w.org\/{rel}","templated":true}]}}