{"id":878,"date":"2022-06-08T08:54:19","date_gmt":"2022-06-08T06:54:19","guid":{"rendered":"http:\/\/pavelpa2.vot.pl\/?page_id=878"},"modified":"2024-04-13T14:03:56","modified_gmt":"2024-04-13T12:03:56","slug":"integracja","status":"publish","type":"page","link":"https:\/\/sp22.pl\/nowa\/index.php\/z-zycia-szkol\/integracja\/","title":{"rendered":"Integracja w naszej szkole"},"content":{"rendered":"<ul>\n<li><span style=\"color: #000000;\"><a style=\"color: #000000;\" href=\"https:\/\/sp22.pl\/nowa\/index.php\/wp-content\/gallery\/ksztalcenie-integracyjne-informator\/\">Kszta\u0142cenie integracyjne &#8211; informator<\/a><\/span><\/li>\n<\/ul>\n<p>&nbsp;<\/p>\n<ul>\n<li><span style=\"color: #000000;\"><a style=\"color: #000000;\" href=\"https:\/\/sp22.pl\/nowa\/wp-content\/uploads\/Pliki\/Do_pobrania_static\/Tworzenie%20strony%20www\/kronika_integracji_1.pdf\">Kronika integracji cz. 1<\/a><\/span><\/li>\n<\/ul>\n<p>&nbsp;<\/p>\n<ul>\n<li><span style=\"color: #000000;\">Kronika integracji cz. 2 &#8211; wspomnienia<\/span><\/li>\n<\/ul>\n<p><span style=\"color: #000000;\">&nbsp; &nbsp; &nbsp; &nbsp; &nbsp; &nbsp; &nbsp; &nbsp; &nbsp; &nbsp; * <a href=\"https:\/\/sp22.pl\/nowa\/index.php\/konferencja-dzieci-ulicy-dzieci-salonu\/\">Konferencja &#8222;Dzieci ulicy, dzieci salonu&#8221; &#8211; rok 2012<\/a><\/span><\/p>\n<p style=\"text-align: left;\"><span style=\"color: #000000;\">&nbsp; &nbsp; &nbsp; &nbsp; &nbsp; &nbsp; &nbsp; &nbsp; &nbsp; &nbsp; * <a href=\"https:\/\/sp22.pl\/nowa\/?page_id=4198&amp;preview=true\">\u015apiewam z pasj\u0105, ta\u0144cz\u0119 z pasj\u0105 &#8211; rok 2012<\/a><\/span><\/p>\n<p><span style=\"color: #000000;\">&nbsp; &nbsp; &nbsp; &nbsp; &nbsp; &nbsp; &nbsp; &nbsp; &nbsp; &nbsp; * Spotkania ze s\u0142awnymi lud\u017ami&nbsp;<\/span><\/p>\n<p style=\"padding-left: 80px;\">&nbsp; &nbsp; &nbsp; &nbsp; &nbsp; &nbsp; &nbsp; <span style=\"color: #000000;\">&nbsp; &#8211; <a href=\"https:\/\/sp22.pl\/nowa\/?page_id=4235&amp;preview=true\">Dorota Gellner &#8211; rok 2012<\/a><\/span><\/p>\n<p style=\"padding-left: 160px;\"><span style=\"color: #000000;\">&#8211; <a href=\"https:\/\/sp22.pl\/nowa\/index.php\/spotkanie-z-rafalem-witkiem\/\">Rafa\u0142 Witek &#8211; rok 2017<\/a><\/span><\/p>\n<p><span style=\"color: #000000;\">&nbsp; &nbsp; &nbsp; &nbsp; &nbsp; &nbsp; &nbsp; &nbsp; &nbsp; &nbsp; * Bajka dla przedszkolaka<\/span><\/p>\n<p><span style=\"color: #000000;\">&nbsp; &nbsp; &nbsp; &nbsp; &nbsp; &nbsp; &nbsp; &nbsp; &nbsp; &nbsp; &nbsp; &nbsp; &nbsp; &nbsp; &nbsp; &nbsp; &nbsp;&#8211; <a href=\"https:\/\/sp22.pl\/nowa\/?page_id=4312&amp;preview=true\">rok 2014<\/a><\/span><\/p>\n<p><span style=\"color: #000000;\">&nbsp; &nbsp; &nbsp; &nbsp; &nbsp; &nbsp; &nbsp; &nbsp; &nbsp; &nbsp; &nbsp; &nbsp; &nbsp; &nbsp; &nbsp; &nbsp; &nbsp;&#8211; <a href=\"https:\/\/sp22.pl\/nowa\/index.php\/bajka-dla-przedszkolaka-2017\/\">rok 2017<\/a><\/span><\/p>\n<p><span style=\"color: #000000;\">&nbsp; &nbsp; &nbsp; &nbsp; &nbsp; &nbsp; &nbsp; &nbsp; &nbsp; &nbsp; * <a href=\"https:\/\/sp22.pl\/nowa\/index.php\/z-zycia-szkol\/integracja\/delegacja-z-ukrainy-w-naszej-szkole\/\">Delegacja z Ukrainy w naszej szkole &#8211; rok 2018<\/a><\/span><\/p>\n<p><span style=\"color: #000000;\">&nbsp; &nbsp; &nbsp; &nbsp; &nbsp; &nbsp; &nbsp; &nbsp; &nbsp; &nbsp; * <a href=\"https:\/\/sp22.pl\/nowa\/index.php\/z-zycia-szkol\/integracja\/miejskie-imprezy-integracyjne\/\">Miejskie imprezy integracyjne &#8211; rok 2017<\/a><\/span><\/p>\n<p><span style=\"color: #000000;\">&nbsp; &nbsp; &nbsp; &nbsp; &nbsp; &nbsp; &nbsp;<\/span> &nbsp; &nbsp; &nbsp;<span style=\"color: #000000;\"> * <a href=\"https:\/\/sp22.pl\/nowa\/index.php\/z-zycia-szkol\/integracja\/spotkanie-z-zorza-polarna\/\">Spotkania z Zorz\u0105 Polarn\u0105 &#8211; 2012 &#8211; 2023<\/a><\/span><\/p>\n","protected":false},"excerpt":{"rendered":"<p>&#46;&#46;&#46;<\/p>\n","protected":false},"author":1,"featured_media":0,"parent":858,"menu_order":0,"comment_status":"closed","ping_status":"closed","template":"","meta":{"ngg_post_thumbnail":0,"footnotes":""},"class_list":["post-878","page","type-page","status-publish","hentry"],"_links":{"self":[{"href":"https:\/\/sp22.pl\/nowa\/index.php\/wp-json\/wp\/v2\/pages\/878","targetHints":{"allow":["GET"]}}],"collection":[{"href":"https:\/\/sp22.pl\/nowa\/index.php\/wp-json\/wp\/v2\/pages"}],"about":[{"href":"https:\/\/sp22.pl\/nowa\/index.php\/wp-json\/wp\/v2\/types\/page"}],"author":[{"embeddable":true,"href":"https:\/\/sp22.pl\/nowa\/index.php\/wp-json\/wp\/v2\/users\/1"}],"replies":[{"embeddable":true,"href":"https:\/\/sp22.pl\/nowa\/index.php\/wp-json\/wp\/v2\/comments?post=878"}],"version-history":[{"count":22,"href":"https:\/\/sp22.pl\/nowa\/index.php\/wp-json\/wp\/v2\/pages\/878\/revisions"}],"predecessor-version":[{"id":5540,"href":"https:\/\/sp22.pl\/nowa\/index.php\/wp-json\/wp\/v2\/pages\/878\/revisions\/5540"}],"up":[{"embeddable":true,"href":"https:\/\/sp22.pl\/nowa\/index.php\/wp-json\/wp\/v2\/pages\/858"}],"wp:attachment":[{"href":"https:\/\/sp22.pl\/nowa\/index.php\/wp-json\/wp\/v2\/media?parent=878"}],"curies":[{"name":"wp","href":"https:\/\/api.w.org\/{rel}","templated":true}]}}