{"id":866,"date":"2022-06-08T08:43:09","date_gmt":"2022-06-08T06:43:09","guid":{"rendered":"http:\/\/pavelpa2.vot.pl\/?page_id=866"},"modified":"2024-07-03T07:41:34","modified_gmt":"2024-07-03T05:41:34","slug":"szkolne-osiagnieci","status":"publish","type":"page","link":"https:\/\/sp22.pl\/nowa\/index.php\/informator-szkoln\/szkolne-osiagnieci\/","title":{"rendered":"Szkolne osi\u0105gni\u0119cia"},"content":{"rendered":"<p><span style=\"color: #000000;\"><strong>OSI\u0104GNI\u0118CIA UCZNI\u00d3W<\/strong><\/span><\/p>\n<p><span style=\"color: #000000;\">ROK SZKOLNY 2023\/24<\/span><\/p>\n<p><a href=\"https:\/\/sp22.pl\/nowa\/wp-content\/uploads\/2024\/01\/Osiagniecia-uczniow-klas-1-3_rok-szkolny-2023_24-1.docx\"><span style=\"color: #000000;\">Osi\u0105gni\u0119cia uczni\u00f3w klas 1-3 \/docx 46 KB\/<\/span><\/a><\/p>\n<p>&nbsp;<\/p>\n<p><span style=\"color: #000000;\">ROK SZKOLNY 2022\/23<\/span><\/p>\n<p><span style=\"color: #000000;\"><a style=\"color: #000000;\" href=\"https:\/\/sp22.pl\/nowa\/wp-content\/uploads\/Pliki\/Do_pobrania_static\/Tworzenie%20strony%20www\/Dokumenty%20szkolne\/Osi%C4%85gni%C4%99cia%20uczni%C3%B3w%20klas%201-3_rok%20szkolny%202022_23.docx\">Osi\u0105gni\u0119cia uczni\u00f3w klas 1 &#8211; 3 \/docx 4.87 MB\/.<\/a><\/span><\/p>\n<p>&nbsp;<\/p>\n<p>&nbsp;<\/p>\n<p><span style=\"color: #000000;\">Osi\u0105gni\u0119cia szkolne uczni\u00f3w z poprzednich lat znajduj\u0105 na archiwalnej stronie szko\u0142y.<\/span><\/p>\n<p><span style=\"color: #000000;\"><a style=\"color: #000000;\" href=\"http:\/\/archiwalna.plemania.webd.pl\/viewpage.php?page_id=376\" target=\"_blank\" rel=\"noopener\">Osi\u0105gni\u0119cia uczni\u00f3w &#8211; link do archiwalnej strony.<\/a><\/span><\/p>\n","protected":false},"excerpt":{"rendered":"<p>&#46;&#46;&#46;<\/p>\n","protected":false},"author":1,"featured_media":0,"parent":849,"menu_order":0,"comment_status":"closed","ping_status":"closed","template":"","meta":{"ngg_post_thumbnail":0,"footnotes":""},"class_list":["post-866","page","type-page","status-publish","hentry"],"_links":{"self":[{"href":"https:\/\/sp22.pl\/nowa\/index.php\/wp-json\/wp\/v2\/pages\/866","targetHints":{"allow":["GET"]}}],"collection":[{"href":"https:\/\/sp22.pl\/nowa\/index.php\/wp-json\/wp\/v2\/pages"}],"about":[{"href":"https:\/\/sp22.pl\/nowa\/index.php\/wp-json\/wp\/v2\/types\/page"}],"author":[{"embeddable":true,"href":"https:\/\/sp22.pl\/nowa\/index.php\/wp-json\/wp\/v2\/users\/1"}],"replies":[{"embeddable":true,"href":"https:\/\/sp22.pl\/nowa\/index.php\/wp-json\/wp\/v2\/comments?post=866"}],"version-history":[{"count":11,"href":"https:\/\/sp22.pl\/nowa\/index.php\/wp-json\/wp\/v2\/pages\/866\/revisions"}],"predecessor-version":[{"id":6559,"href":"https:\/\/sp22.pl\/nowa\/index.php\/wp-json\/wp\/v2\/pages\/866\/revisions\/6559"}],"up":[{"embeddable":true,"href":"https:\/\/sp22.pl\/nowa\/index.php\/wp-json\/wp\/v2\/pages\/849"}],"wp:attachment":[{"href":"https:\/\/sp22.pl\/nowa\/index.php\/wp-json\/wp\/v2\/media?parent=866"}],"curies":[{"name":"wp","href":"https:\/\/api.w.org\/{rel}","templated":true}]}}