{"id":864,"date":"2022-06-08T08:43:09","date_gmt":"2022-06-08T06:43:09","guid":{"rendered":"http:\/\/pavelpa2.vot.pl\/?page_id=864"},"modified":"2025-08-28T19:46:46","modified_gmt":"2025-08-28T17:46:46","slug":"swietlic","status":"publish","type":"page","link":"https:\/\/sp22.pl\/nowa\/index.php\/z-zycia-szkol\/swietlic\/","title":{"rendered":"\u015awietlica"},"content":{"rendered":"<p><img loading=\"lazy\" decoding=\"async\" class=\"aligncenter size-full wp-image-1301\" src=\"https:\/\/sp22.pl\/nowa\/wp-content\/uploads\/2022\/08\/logo_swietlica.png\" alt=\"\" width=\"534\" height=\"176\" srcset=\"https:\/\/sp22.pl\/nowa\/wp-content\/uploads\/2022\/08\/logo_swietlica.png 534w, https:\/\/sp22.pl\/nowa\/wp-content\/uploads\/2022\/08\/logo_swietlica-300x99.png 300w\" sizes=\"auto, (max-width: 534px) 100vw, 534px\" \/><\/p>\n<p><span style=\"color: #000000;\">\u015awietlica w naszej szkole istnieje od 1994 roku. Zmienia\u0142a swe miejsce urz\u0119dowania, kadr\u0119 pedagogiczn\u0105, jednak\u017ce niezmiennie kieruje si\u0119 pierwotn\u0105 zasad\u0105 niesienia pomocy dzieciom tego potrzebuj\u0105cym. Wychodz\u0105c naprzeciw potrzebom dzieci i ich rodzic\u00f3w w roku szkolnym 2006\/2007 stworzono tzw. \u201ema\u0142\u0105 \u015bwietlic\u0119\u201d. W my\u015bl postanowie\u0144 zawartych w Regulaminie \u015awietlicy Szkolnej wychowawcy \u015bwietlicy zapewniaj\u0105 dzieciom opiek\u0119 w godzinach 6.30-16.30 oraz dni wolne, wg kalendarium szkolnego, na pro\u015bb\u0119 rodzic\u00f3w.<\/span><\/p>\n<p><span style=\"color: #000000;\">Praca edukacyjna w \u015bwietlicy szkolnej oparta jest na Programie Opieku\u0144czo- Wychowawczym. W ramach tych\u017ce zaj\u0119\u0107 aktywno\u015b\u0107 wychowank\u00f3w odbywa si\u0119 na wielu p\u0142aszczyznach: czytelniczej, plastycznej, technicznej, muzycznej, kulinarnej, sportowej, relaksacyjnej. Ponadto w ramach prowadzonych aktywno\u015bci proponujemy dzieciom wyj\u015bcia integracyjne, wycieczki, konkursy szkolne, spotkania z lud\u017ami r\u00f3\u017cnych profesji, aktywnie reprezentujemy nasz\u0105 szko\u0142\u0119 poprzez udzia\u0142 w konkursach artystycznych. Nieod\u0142\u0105czn\u0105 cz\u0119\u015bci\u0105 pracy pedagogicznej jest pomoc dzieciom w odrabianiu prac domowych, podejmowaniu dzia\u0142a\u0144 w zakresie pomocy materialnej, w przezwyci\u0119\u017caniu kryzys\u00f3w szkolnych, rodzinnych, r\u00f3wie\u015bniczych oraz osobistych. W \u015bwietlicy szkolnej znajduj\u0105 si\u0119 tzw. k\u0105ciki zainteresowa\u0144, a mianowicie: k\u0105cik przyrodniczy (dostosowany do panuj\u0105cej pory roku), k\u0105cik plastyczny (do spontanicznej zabawy artystycznej, jak i kierowanej przez nauczyciela), k\u0105cik gier i zabaw (dostosowany do zainteresowa\u0144 uczni\u00f3w, zaspokajaj\u0105cy ich potrzeby zabawy, dzia\u0142a\u0144 konstrukcyjnych, rozwijaj\u0105cy procesy my\u015blowe i pog\u0142\u0119biaj\u0105ce wiedz\u0119 zdobywan\u0105 podczas zaj\u0119\u0107 lekcyjnych), k\u0105cik relaksacyjno &#8211; telewizyjny (przeznaczony do projekcji bajek i film\u00f3w familijnych oraz zaj\u0119\u0107 wyciszaj\u0105cych).&nbsp;<\/span><\/p>\n<p>&nbsp;<\/p>\n<p style=\"text-align: left;\"><span style=\"color: #000000;\"><strong>KADRA PEDAGOGICZNA \u015aWIETLICY SZKOLNEJ<\/strong><\/span><\/p>\n<p style=\"text-align: left;\"><span style=\"color: #000000;\"><strong>Kierownik \u015bwietlicy<\/strong> &#8211; Marta Szumska<\/span><\/p>\n<p style=\"text-align: left;\"><span style=\"color: #000000;\"><strong>Nauczyciele \u015bwietlicy<\/strong><\/span><\/p>\n<ul>\n<li><span style=\"color: #000000;\">B\u0142aszczyk Anna<\/span><\/li>\n<li><span style=\"color: #000000;\">Bytner Agnieszka<\/span><\/li>\n<li><span style=\"color: #000000;\">Chyrzy\u0144ska Justyna<\/span><\/li>\n<li><span style=\"color: #000000;\">Go\u015bciniak Karolina<\/span><\/li>\n<li><span style=\"color: #000000;\">Grabarczyk Magdalena<\/span><\/li>\n<li><span style=\"color: #000000;\">Hass Olga<\/span><\/li>\n<li><span style=\"color: #000000;\">J\u0119drzejewska Iwona<\/span><\/li>\n<li><span style=\"color: #000000;\">Krukowska Magdalena<\/span><\/li>\n<li><span style=\"color: #000000;\">Pop\u0142awska Malwina<\/span><\/li>\n<li><span style=\"color: #000000;\">Szumska Marta<\/span><\/li>\n<li><span style=\"color: #000000;\">Tobota Kinga<\/span><\/li>\n<li><span style=\"color: #000000;\">Tomaszewska &#8211; Gdak Marzena<\/span><\/li>\n<\/ul>\n<p><span style=\"color: #000000;\"><strong>DOKUMENTACJA \u015aWIETLICY<\/strong><\/span><\/p>\n<p><span style=\"color: #000000;\"><a style=\"color: #000000;\" href=\"https:\/\/sp22.pl\/nowa\/wp-content\/uploads\/Pliki\/Do_pobrania_static\/Tworzenie%20strony%20www\/Dokumenty szkolne\/\u015bwietlica_regulamin.docx\">Regulamin \u015bwietlicy szkolnej<\/a> (DOCX 2.53MB)<\/span><\/p>\n<p><span style=\"color: #000000;\"><a style=\"color: #000000;\" href=\"https:\/\/sp22.pl\/nowa\/wp-content\/uploads\/Pliki\/Do_pobrania_static\/Tworzenie%20strony%20www\/Dokumenty szkolne\/\u015bwietlica_ramowy_plan_dnia.docx\">Ramowy plan dnia<\/a> (DOCX 5.05MB)<\/span><\/p>\n<p><span style=\"color: #000000;\"><a style=\"color: #000000;\" href=\"https:\/\/sp22.pl\/nowa\/wp-content\/uploads\/Pliki\/Do_pobrania_static\/Tworzenie%20strony%20www\/Dokumenty szkolne\/\u015bwietlica_regulamin_przyj\u0119\u0107.pdf\">Regulamin przyj\u0119\u0107 do \u015bwietlicy szkolnej<\/a> (PDF 27KB)<\/span><\/p>\n<p><a href=\"https:\/\/sp22.pl\/nowa\/wp-content\/uploads\/Pliki\/Do_pobrania_static\/Tworzenie%20strony%20www\/Dokumenty%20szkolne\/%C5%9Bwietlica_karta_zg%C5%82oszenia_2025_2026.docx\"><span style=\"color: #000000;\">Karta zg\u0142oszenia dziecka do \u015bwietlicy (DOCX 26 KB)<\/span><\/a><\/p>\n<p><a href=\"https:\/\/sp22.pl\/nowa\/wp-content\/uploads\/Pliki\/Do_pobrania_static\/Tworzenie%20strony%20www\/Dokumenty%20szkolne\/%C5%9Bwietlica_karta_zg%C5%82oszenia_2025_2026.pdf\"><span style=\"color: #000000;\">Karta zg\u0142oszenia dziecka do \u015bwietlicy&nbsp; (PDF 854 KB)<\/span><\/a><\/p>\n<p>&nbsp;<\/p>\n<p>&nbsp;<\/p>\n<p><strong><span style=\"color: #000000;\">PRZEDSI\u0118WZI\u0118CIA ORGANIZOWANE PRZEZ \u015aWIETLIC\u0118 SZKOLN\u0104<\/span><\/strong><\/p>\n<p><strong><span style=\"color: #000000;\">ROK SZKOLNY 2024\/2025<\/span><\/strong><\/p>\n<p><span style=\"color: #000000;\">\u2666 <a href=\"https:\/\/sp22.pl\/nowa\/index.php\/2024\/11\/11\/ogrody-deszczowe-zrob-je-sam\/\">Ogrody deszczowe<\/a><\/span><\/p>\n<p><span style=\"color: #000000;\">\u2666 <a style=\"color: #000000;\" href=\"https:\/\/sp22.pl\/nowa\/index.php\/2024\/11\/13\/bezpieczna-droga-do-szkoly-konkurs-plastyczny\/\">Bezpieczna droga do szko\u0142y &#8211; konkurs plastyczny<\/a><\/span><\/p>\n<p><span style=\"color: #000000;\">\u2666 <a style=\"color: #000000;\" href=\"https:\/\/sp22.pl\/nowa\/index.php\/2024\/11\/13\/spotkanie-z-panem-dzielnicowym\/\">Spotkanie z Panem Dzielnicowym<\/a><\/span><\/p>\n<p><span style=\"color: #000000;\">\u2666 Kuchnie \u015bwiata<\/span><\/p>\n<ul>\n<li><a href=\"https:\/\/sp22.pl\/nowa\/index.php\/2024\/10\/19\/kuchnie-swiata-dzien-amerykanski\/\"><span style=\"color: #000000;\">Kuchnia ameryka\u0144ska<\/span><\/a><\/li>\n<li><a href=\"https:\/\/sp22.pl\/nowa\/index.php\/2024\/11\/11\/kuchnie-swiata-dzien-wloski\/\"><span style=\"color: #000000;\">Kuchnia w\u0142oska<\/span><\/a><\/li>\n<li><a href=\"https:\/\/sp22.pl\/nowa\/index.php\/2024\/11\/18\/kuchnie-swiata-dzien-polski\/\"><span style=\"color: #000000;\">Kuchnia polska<\/span><\/a><\/li>\n<li><a href=\"https:\/\/sp22.pl\/nowa\/index.php\/2024\/12\/12\/kuchnie-swiata-dzien-francuski\/\"><span style=\"color: #000000;\">Kuchnia francuska<\/span><\/a><\/li>\n<li><a href=\"https:\/\/sp22.pl\/nowa\/index.php\/2025\/01\/27\/kuchnie-swiata-dzien-ukrainski\/\"><span style=\"color: #000000;\">Kuchnia ukrai\u0144ska<\/span><\/a><\/li>\n<li><a href=\"https:\/\/sp22.pl\/nowa\/index.php\/2025\/04\/06\/kuchnie-swiata-dzien-meksykanski\/\"><span style=\"color: #000000;\">Kuchnia meksyka\u0144ska<\/span><\/a><\/li>\n<li><a href=\"https:\/\/sp22.pl\/nowa\/index.php\/2025\/06\/18\/kuchnie-swiata-wielka-brytania\/\">Kuchnia brytyjska&nbsp;<\/a><\/li>\n<\/ul>\n<p>&nbsp;<\/p>\n<p><span style=\"color: #000000;\">\u2666 <a style=\"color: #000000;\" href=\"https:\/\/sp22.pl\/nowa\/index.php\/2024\/12\/13\/najpiekniejsza-tumska-choinka\/\">Tumska choinka<\/a><\/span><\/p>\n<p><span style=\"color: #000000;\">\u2666 <a href=\"https:\/\/sp22.pl\/nowa\/index.php\/2024\/12\/14\/swieta-w-swietlicy\/\">\u015awi\u0119ta w \u015bwietlicy<\/a><\/span><\/p>\n<p><span style=\"color: #000000;\">\u2666 <a style=\"color: #000000;\" href=\"https:\/\/sp22.pl\/nowa\/index.php\/2024\/12\/19\/przeglad-koled-i-pastoralek\/\">Przegl\u0105d kol\u0119d i pastora\u0142ek<\/a><\/span><\/p>\n<p><span style=\"color: #000000;\">\u2666<\/span><span style=\"color: #000000;\"> <a href=\"https:\/\/sp22.pl\/nowa\/index.php\/2024\/12\/19\/rodzinkowo-warsztaty-swiateczne-w-swietlicy\/\">Rodzinkowo &#8211; warsztaty \u015bwi\u0105teczne&nbsp;<\/a><\/span><\/p>\n<p><span style=\"color: #000000;\">\u2666 <a href=\"https:\/\/sp22.pl\/nowa\/index.php\/2025\/01\/21\/kuchnie-swiata\/\">Wi\u0119cej szacunku dla m\u0142odego wizerunku<\/a><\/span><\/p>\n<p>&nbsp;<\/p>\n","protected":false},"excerpt":{"rendered":"<p>&#46;&#46;&#46;<\/p>\n","protected":false},"author":1,"featured_media":0,"parent":858,"menu_order":0,"comment_status":"closed","ping_status":"closed","template":"","meta":{"ngg_post_thumbnail":0,"footnotes":""},"class_list":["post-864","page","type-page","status-publish","hentry"],"_links":{"self":[{"href":"https:\/\/sp22.pl\/nowa\/index.php\/wp-json\/wp\/v2\/pages\/864","targetHints":{"allow":["GET"]}}],"collection":[{"href":"https:\/\/sp22.pl\/nowa\/index.php\/wp-json\/wp\/v2\/pages"}],"about":[{"href":"https:\/\/sp22.pl\/nowa\/index.php\/wp-json\/wp\/v2\/types\/page"}],"author":[{"embeddable":true,"href":"https:\/\/sp22.pl\/nowa\/index.php\/wp-json\/wp\/v2\/users\/1"}],"replies":[{"embeddable":true,"href":"https:\/\/sp22.pl\/nowa\/index.php\/wp-json\/wp\/v2\/comments?post=864"}],"version-history":[{"count":52,"href":"https:\/\/sp22.pl\/nowa\/index.php\/wp-json\/wp\/v2\/pages\/864\/revisions"}],"predecessor-version":[{"id":11261,"href":"https:\/\/sp22.pl\/nowa\/index.php\/wp-json\/wp\/v2\/pages\/864\/revisions\/11261"}],"up":[{"embeddable":true,"href":"https:\/\/sp22.pl\/nowa\/index.php\/wp-json\/wp\/v2\/pages\/858"}],"wp:attachment":[{"href":"https:\/\/sp22.pl\/nowa\/index.php\/wp-json\/wp\/v2\/media?parent=864"}],"curies":[{"name":"wp","href":"https:\/\/api.w.org\/{rel}","templated":true}]}}