{"id":858,"date":"2022-06-08T08:39:10","date_gmt":"2022-06-08T06:39:10","guid":{"rendered":"http:\/\/pavelpa2.vot.pl\/?page_id=858"},"modified":"2024-10-28T03:30:34","modified_gmt":"2024-10-28T02:30:34","slug":"z-zycia-szkol","status":"publish","type":"page","link":"https:\/\/sp22.pl\/nowa\/index.php\/z-zycia-szkol\/","title":{"rendered":"Z \u017bYCIA SZKO\u0141Y"},"content":{"rendered":"<p><strong><span style=\"color: #000000;\">Z \u017bYCIA SZKO\u0141Y<\/span><\/strong><\/p>\n<p><a href=\"https:\/\/sp22.pl\/nowa\/index.php\/harcerstwo\/\"><strong><span style=\"color: #000000;\">\u2666 Harcerstwo<\/span><\/strong><\/a><\/p>\n<p><strong><a href=\"https:\/\/sp22.pl\/nowa\/index.php\/informator-szkoln\/biblioteka\/\"><span style=\"color: #000000;\">\u2666 Biblioteka<\/span><\/a><\/strong><\/p>\n<p><a href=\"https:\/\/sp22.pl\/nowa\/index.php\/informator-szkoln\/swietlic\/\"><strong><span style=\"color: #000000;\">\u2666 \u015awietlica<\/span><\/strong><\/a><\/p>\n<p><a href=\"https:\/\/sp22.pl\/nowa\/index.php\/z-zycia-szkol\/szkolne-przedsiewziecia\/\"><strong><span style=\"color: #000000;\">\u2666 Szkolne przedsi\u0119wzi\u0119cia<\/span><\/strong><\/a><\/p>\n<p><a href=\"https:\/\/sp22.pl\/nowa\/index.php\/z-zycia-szkol\/integracja\/\"><strong><span style=\"color: #000000;\">\u2666 Integracja w naszej szkole<\/span><\/strong><\/a><\/p>\n<p><a href=\"https:\/\/sp22.pl\/nowa\/index.php\/z-zycia-szkol\/konkurs-literacki-pisze-ksiazke\/\"><strong><span style=\"color: #000000;\">\u2666 Konkurs Literacki ,,Pisz\u0119 ksi\u0105\u017ck\u0119&#8221;<\/span><\/strong><\/a><\/p>\n<p><a href=\"https:\/\/sp22.pl\/nowa\/index.php\/z-zycia-szkol\/konkurs-the-smarters-brain-twister\/\"><strong><span style=\"color: #000000;\">\u2666 Konkurs ,,The Smarters Brain Twister&#8221;<\/span><\/strong><\/a><\/p>\n<p><a href=\"https:\/\/sp22.pl\/nowa\/index.php\/z-zycia-szkol\/gazetki-szkolne\/\"><strong><span style=\"color: #000000;\">\u2666 Gazetki szkolne<\/span><\/strong><\/a><\/p>\n<p><a href=\"https:\/\/sp22.pl\/nowa\/index.php\/z-zycia-szkol\/publikacje\/\"><strong><span style=\"color: #000000;\">\u2666 Publikacje<\/span><\/strong><\/a><\/p>\n<p>&nbsp;<\/p>\n","protected":false},"excerpt":{"rendered":"<p>&#46;&#46;&#46;<\/p>\n","protected":false},"author":1,"featured_media":0,"parent":0,"menu_order":0,"comment_status":"closed","ping_status":"closed","template":"","meta":{"ngg_post_thumbnail":0,"footnotes":""},"class_list":["post-858","page","type-page","status-publish","hentry"],"_links":{"self":[{"href":"https:\/\/sp22.pl\/nowa\/index.php\/wp-json\/wp\/v2\/pages\/858","targetHints":{"allow":["GET"]}}],"collection":[{"href":"https:\/\/sp22.pl\/nowa\/index.php\/wp-json\/wp\/v2\/pages"}],"about":[{"href":"https:\/\/sp22.pl\/nowa\/index.php\/wp-json\/wp\/v2\/types\/page"}],"author":[{"embeddable":true,"href":"https:\/\/sp22.pl\/nowa\/index.php\/wp-json\/wp\/v2\/users\/1"}],"replies":[{"embeddable":true,"href":"https:\/\/sp22.pl\/nowa\/index.php\/wp-json\/wp\/v2\/comments?post=858"}],"version-history":[{"count":10,"href":"https:\/\/sp22.pl\/nowa\/index.php\/wp-json\/wp\/v2\/pages\/858\/revisions"}],"predecessor-version":[{"id":7113,"href":"https:\/\/sp22.pl\/nowa\/index.php\/wp-json\/wp\/v2\/pages\/858\/revisions\/7113"}],"wp:attachment":[{"href":"https:\/\/sp22.pl\/nowa\/index.php\/wp-json\/wp\/v2\/media?parent=858"}],"curies":[{"name":"wp","href":"https:\/\/api.w.org\/{rel}","templated":true}]}}