{"id":849,"date":"2022-06-08T08:11:17","date_gmt":"2022-06-08T06:11:17","guid":{"rendered":"http:\/\/pavelpa2.vot.pl\/?page_id=849"},"modified":"2024-12-11T10:17:04","modified_gmt":"2024-12-11T09:17:04","slug":"informator-szkoln","status":"publish","type":"page","link":"https:\/\/sp22.pl\/nowa\/index.php\/informator-szkoln\/","title":{"rendered":"INFORMATOR SZKOLNY"},"content":{"rendered":"<p><strong><span style=\"color: #000000;\">INFORMATOR SZKOLNY<\/span><\/strong><\/p>\n<p><a href=\"https:\/\/sp22.pl\/nowa\/index.php\/informator-szkoln\/o-szkole\/\"><strong><span style=\"color: #000000;\">\u2666 O szkole<\/span><\/strong><\/a><\/p>\n<p><a href=\"https:\/\/sp22.pl\/nowa\/index.php\/informator-szkoln\/rada-pedagogiczna\/\"><strong><span style=\"color: #000000;\">\u2666 Rada Pedagogiczna&nbsp;<\/span><\/strong><\/a><\/p>\n<p><a href=\"https:\/\/sp22.pl\/nowa\/index.php\/informator-szkoln\/dokumenty-szkolne\/\"><strong><span style=\"color: #000000;\">\u2666 Dokumenty szkolne<\/span><\/strong><\/a><\/p>\n<p><strong><span style=\"color: #000000;\">\u2666 <a style=\"color: #000000;\" href=\"https:\/\/sp22.pl\/nowa\/wp-content\/uploads\/Pliki\/Do_pobrania_static\/Tworzenie%20strony%20www\/Dokumenty%20szkolne\/dokumenty_2024_25\/plan_pracy_szko%C5%82y_10_12_2024_2025.pdf\">Plan Pracy Szko\u0142y<\/a><\/span><\/strong><\/p>\n<p>\u2666 <a href=\"https:\/\/sp22.pl\/nowa\/wp-content\/uploads\/2024\/09\/godziny_dostepnosci_dla_rodzicow_uczniow_w_roku_szkolnym_2024_2025.png\"><strong><span style=\"color: #000000;\">Godziny dost\u0119pno\u015bci dla rodzic\u00f3w<\/span> <\/strong><\/a><\/p>\n<p><a href=\"https:\/\/sp22.pl\/nowa\/index.php\/informator-szkoln\/podreczniki\/\"><strong><span style=\"color: #000000;\">\u2666 Podr\u0119czniki<\/span><\/strong><\/a><\/p>\n<p><a href=\"https:\/\/sp22.pl\/nowa\/index.php\/informator-szkoln\/szkolne-osiagnieci\/\"><strong><span style=\"color: #000000;\">\u2666 Szkolne osi\u0105gni\u0119cia<\/span><\/strong><\/a><\/p>\n<p><a href=\"https:\/\/sp22.pl\/nowa\/index.php\/informator-szkoln\/komputer-dla-czwartoklasisty\/\"><strong><span style=\"color: #000000;\">\u2666 Komputer dla czwartoklasisty<\/span><\/strong><\/a><\/p>\n<p><a href=\"https:\/\/sp22.pl\/nowa\/index.php\/informator-szkoln\/przydatne-strony\/\"><strong><span style=\"color: #000000;\">\u2666 Przydatne strony<\/span><\/strong><\/a><\/p>\n<p>&nbsp;<\/p>\n","protected":false},"excerpt":{"rendered":"<p>&#46;&#46;&#46;<\/p>\n","protected":false},"author":1,"featured_media":0,"parent":0,"menu_order":0,"comment_status":"closed","ping_status":"closed","template":"","meta":{"ngg_post_thumbnail":0,"footnotes":""},"class_list":["post-849","page","type-page","status-publish","hentry"],"_links":{"self":[{"href":"https:\/\/sp22.pl\/nowa\/index.php\/wp-json\/wp\/v2\/pages\/849","targetHints":{"allow":["GET"]}}],"collection":[{"href":"https:\/\/sp22.pl\/nowa\/index.php\/wp-json\/wp\/v2\/pages"}],"about":[{"href":"https:\/\/sp22.pl\/nowa\/index.php\/wp-json\/wp\/v2\/types\/page"}],"author":[{"embeddable":true,"href":"https:\/\/sp22.pl\/nowa\/index.php\/wp-json\/wp\/v2\/users\/1"}],"replies":[{"embeddable":true,"href":"https:\/\/sp22.pl\/nowa\/index.php\/wp-json\/wp\/v2\/comments?post=849"}],"version-history":[{"count":21,"href":"https:\/\/sp22.pl\/nowa\/index.php\/wp-json\/wp\/v2\/pages\/849\/revisions"}],"predecessor-version":[{"id":7791,"href":"https:\/\/sp22.pl\/nowa\/index.php\/wp-json\/wp\/v2\/pages\/849\/revisions\/7791"}],"wp:attachment":[{"href":"https:\/\/sp22.pl\/nowa\/index.php\/wp-json\/wp\/v2\/media?parent=849"}],"curies":[{"name":"wp","href":"https:\/\/api.w.org\/{rel}","templated":true}]}}