{"id":7187,"date":"2024-11-03T18:24:43","date_gmt":"2024-11-03T17:24:43","guid":{"rendered":"https:\/\/sp22.pl\/nowa\/?page_id=7187"},"modified":"2025-09-16T05:30:52","modified_gmt":"2025-09-16T03:30:52","slug":"kola-zainteresowan","status":"publish","type":"page","link":"https:\/\/sp22.pl\/nowa\/index.php\/informator-szkoln\/kola-zainteresowan\/","title":{"rendered":"Ko\u0142a zainteresowa\u0144"},"content":{"rendered":"<h4><span style=\"color: #000000;\"><em>\u201eDoskonalenie siebie to \u017ar\u00f3d\u0142o <\/em><\/span><br \/>\n<span style=\"color: #000000;\"><em>wszelkiego post\u0119pu i rozwoju moralnego\u201d<\/em><\/span><br \/>\n<span style=\"color: #000000;\"><em>\/Konfucjusz\/<\/em><\/span><\/h4>\n<p><img loading=\"lazy\" decoding=\"async\" class=\"alignnone wp-image-7610\" src=\"https:\/\/sp22.pl\/nowa\/wp-content\/uploads\/2024\/11\/kola_zainteresowan_obrazek.png\" alt=\"Zbi\u00f3r piktogram\u00f3w symbolizuj\u0105cych r\u00f3\u017cne zainteresowania uczni\u00f3w np. ksi\u0105\u017cka, gitara, pi\u0142ka.\" width=\"312\" height=\"301\" srcset=\"https:\/\/sp22.pl\/nowa\/wp-content\/uploads\/2024\/11\/kola_zainteresowan_obrazek.png 466w, https:\/\/sp22.pl\/nowa\/wp-content\/uploads\/2024\/11\/kola_zainteresowan_obrazek-300x290.png 300w\" sizes=\"auto, (max-width: 312px) 100vw, 312px\" \/><\/p>\n<p><span style=\"color: #000000;\">Wykaz k\u00f3\u0142 zainteresowa\u0144 ju\u017c wkr\u00f3tce.<\/span><\/p>\n<p><span style=\"color: #000000;\">\u21d2 Ko\u0142a zainteresowa\u0144 dla uczni\u00f3w klas 1 &#8211; 3<\/span><\/p>\n<p><span style=\"color: #000000;\">\u21d2 Ko\u0142a zainteresowa\u0144 dla uczni\u00f3w klas 4 &#8211; 8<\/span><\/p>\n","protected":false},"excerpt":{"rendered":"<p>&#46;&#46;&#46;<\/p>\n","protected":false},"author":4,"featured_media":0,"parent":849,"menu_order":0,"comment_status":"closed","ping_status":"closed","template":"","meta":{"ngg_post_thumbnail":0,"footnotes":""},"class_list":["post-7187","page","type-page","status-publish","hentry"],"_links":{"self":[{"href":"https:\/\/sp22.pl\/nowa\/index.php\/wp-json\/wp\/v2\/pages\/7187","targetHints":{"allow":["GET"]}}],"collection":[{"href":"https:\/\/sp22.pl\/nowa\/index.php\/wp-json\/wp\/v2\/pages"}],"about":[{"href":"https:\/\/sp22.pl\/nowa\/index.php\/wp-json\/wp\/v2\/types\/page"}],"author":[{"embeddable":true,"href":"https:\/\/sp22.pl\/nowa\/index.php\/wp-json\/wp\/v2\/users\/4"}],"replies":[{"embeddable":true,"href":"https:\/\/sp22.pl\/nowa\/index.php\/wp-json\/wp\/v2\/comments?post=7187"}],"version-history":[{"count":6,"href":"https:\/\/sp22.pl\/nowa\/index.php\/wp-json\/wp\/v2\/pages\/7187\/revisions"}],"predecessor-version":[{"id":11398,"href":"https:\/\/sp22.pl\/nowa\/index.php\/wp-json\/wp\/v2\/pages\/7187\/revisions\/11398"}],"up":[{"embeddable":true,"href":"https:\/\/sp22.pl\/nowa\/index.php\/wp-json\/wp\/v2\/pages\/849"}],"wp:attachment":[{"href":"https:\/\/sp22.pl\/nowa\/index.php\/wp-json\/wp\/v2\/media?parent=7187"}],"curies":[{"name":"wp","href":"https:\/\/api.w.org\/{rel}","templated":true}]}}