{"id":7126,"date":"2024-10-28T03:52:51","date_gmt":"2024-10-28T02:52:51","guid":{"rendered":"https:\/\/sp22.pl\/nowa\/?page_id=7126"},"modified":"2026-03-16T17:00:27","modified_gmt":"2026-03-16T16:00:27","slug":"samorzad-uczniowski","status":"publish","type":"page","link":"https:\/\/sp22.pl\/nowa\/index.php\/strefa-ucznia\/samorzad-uczniowski\/","title":{"rendered":"Samorz\u0105d Uczniowski"},"content":{"rendered":"<p><span style=\"color: #1d51ab;\"><strong>DZIA\u0141ALNO\u015a\u0106 SAMORZ\u0104DU UCZNIOWSKIEGO W ROKU SZKOLNYM 2024\/2025<\/strong><\/span><\/p>\n<p><a href=\"https:\/\/sp22.pl\/nowa\/index.php\/strefa-ucznia\/samorzad-uczniowski\/samorzad-szkolny-rok-szkolny-2024-2025\/\"><span style=\"color: #000000;\">Kliknij tutaj, aby obejrze\u0107 dzia\u0142ania Samorz\u0105du Uczniowskiego w roku szkolnym&nbsp; 2024\/2025<\/span><\/a><\/p>\n<p>&nbsp;<\/p>\n<hr>\n<p>&nbsp;<\/p>\n<p><span style=\"color: #1d51ab;\"><strong>DZIA\u0141ALNO\u015a\u0106 SAMORZ\u0104DU UCZNIOWSKIEGO W ROKU SZKOLNYM 2025\/2026<\/strong><\/span><\/p>\n<p><strong><span style=\"color: #000000;\">Rada Samorz\u0105du Uczniowskiego w roku szkolnym 2025\/2026<\/span><\/strong><\/p>\n<p><span style=\"color: #000000;\">&#8211; Przewodnicz\u0105ca: Karolina Dominowska &#8211; kl. 8b<\/span><\/p>\n<p><span style=\"color: #000000;\">&#8211; Z-ca Przewodnicz\u0105cej: Marika Szyma\u0144ska &#8211; kl. 8a&nbsp;<\/span><\/p>\n<p><span style=\"color: #000000;\">&#8211; Sekretarz: Magdalena B\u0142aszczyk &#8211; kl. 7c<\/span><\/p>\n<p><span style=\"color: #000000;\">Opiekunowie Samorz\u0105du Uczniowskiego: Celina Krysi\u0144ska i Aneta Szatkowska&nbsp;<\/span><\/p>\n<p>&nbsp; &nbsp; &nbsp; &nbsp; &nbsp; &nbsp; &nbsp; &nbsp; &nbsp; &nbsp; &nbsp; &nbsp; &nbsp; &nbsp; &nbsp; &nbsp; &nbsp; &nbsp; &nbsp; &nbsp;<img loading=\"lazy\" decoding=\"async\" class=\"alignnone wp-image-12565\" src=\"https:\/\/sp22.pl\/nowa\/wp-content\/uploads\/2025\/11\/RADA-sAMORZADU-UCZNIO-300x138.png\" alt=\"\" width=\"400\" height=\"184\" srcset=\"https:\/\/sp22.pl\/nowa\/wp-content\/uploads\/2025\/11\/RADA-sAMORZADU-UCZNIO-300x138.png 300w, https:\/\/sp22.pl\/nowa\/wp-content\/uploads\/2025\/11\/RADA-sAMORZADU-UCZNIO-768x353.png 768w, https:\/\/sp22.pl\/nowa\/wp-content\/uploads\/2025\/11\/RADA-sAMORZADU-UCZNIO.png 980w\" sizes=\"auto, (max-width: 400px) 100vw, 400px\" \/>&nbsp; &nbsp;&nbsp;<\/p>\n<p><strong>PRZEDSI\u0118WZI\u0118CIA SAMORZ\u0104DU UCZNIOWSKIEGO \u2013 rok szkolny 2025\/2026<\/strong><\/p>\n<p><a href=\"https:\/\/sp22.pl\/nowa\/index.php\/2025\/09\/17\/dzien-kropki-w-naszej-szkole\/\"><span style=\"color: #000000;\">\u2666 Dzie\u0144 Kropki w naszej Szkole!<\/span><\/a><\/p>\n<p><a href=\"https:\/\/sp22.pl\/nowa\/index.php\/2025\/09\/21\/samorzad-uczniowski-na-festynie-rodzinnym\/\">\u2666 Samorz\u0105d Uczniowski na Festynie Rodzinnym<\/a><\/p>\n<p><span style=\"color: #000000;\"><a style=\"color: #000000;\" href=\"https:\/\/sp22.pl\/nowa\/index.php\/2025\/10\/06\/dzien-chlopaka-w-naszej-szkole\/\">\u2666 Dzie\u0144 Ch\u0142opaka w naszej Szkole<\/a><\/span><\/p>\n<p><a href=\"https:\/\/sp22.pl\/nowa\/index.php\/2025\/10\/09\/podsumowanie-ii-etapu-konkursu-przyjazna-klasa\/\"><span style=\"color: #000000;\">\u2666 Podsumowanie II etapu konkursu &#8222;Przyjazna klasa&#8221;<\/span><\/a><\/p>\n<p><a href=\"https:\/\/sp22.pl\/nowa\/index.php\/2025\/10\/10\/12154\/\"><span style=\"color: #000000;\">\u2666 Apel Sukcesu &#8211; uhonorowanie stypendyst\u00f3w Prezydenta Miasta P\u0142ocka<\/span><\/a><\/p>\n<p><a href=\"https:\/\/sp22.pl\/nowa\/index.php\/2025\/10\/20\/wybory-do-rady-samorzadu-uczniowskiego-2025-2026\/\"><span style=\"color: #000000;\">\u2666 Wybory do Rady Samorz\u0105du Uczniowskiego 2025\/2026<\/span><\/a><\/p>\n<p><a href=\"https:\/\/sp22.pl\/nowa\/index.php\/2025\/10\/21\/rada-su-w-ratuszu\/\"><span style=\"color: #000000;\">\u2666 Spotkanie Samorz\u0105d\u00f3w Uczniowskich w Urz\u0119dzie Miasta P\u0142ocka<\/span><\/a><\/p>\n<p><a href=\"https:\/\/sp22.pl\/nowa\/index.php\/2025\/10\/27\/spotkanie-nowo-wybranej-rady-samorzadu-uczniowskiego-z-dyrekcja-szkoly\/\"><span style=\"color: #000000;\">\u2666 Spotkanie nowo wybranej Rady Samorz\u0105du Uczniowskiego z Dyrekcj\u0105 Szko\u0142y<\/span><\/a><\/p>\n<p><span style=\"color: #000000;\"><a style=\"color: #000000;\" href=\"https:\/\/sp22.pl\/nowa\/index.php\/2025\/11\/06\/bialo-czerwone-kotyliony-od-samorzadu-uczniowskiego\/\">\u2666 Bia\u0142o-czerwone kotyliony od Samorz\u0105du Uczniowskiego&nbsp;<\/a><\/span><\/p>\n<p><span style=\"color: #000000;\"><a style=\"color: #000000;\" href=\"https:\/\/sp22.pl\/nowa\/index.php\/2025\/11\/07\/bajkowy-dzien-w-naszej-szkole\/\">\u2666 Bajkowy dzie\u0144 w naszej Szkole<\/a><\/span><\/p>\n<p><a href=\"https:\/\/sp22.pl\/nowa\/index.php\/2025\/11\/16\/samorzad-uczniowski-na-obchodach-narodowego-swieta-niepodleglosci-w-plocku\/\"><span style=\"color: #000000;\">\u2666 Samorz\u0105d Uczniowski podczas obchod\u00f3w Narodowego \u015awi\u0119ta Niepodleg\u0142o\u015bci w P\u0142ocku<\/span><\/a><\/p>\n<p><a href=\"https:\/\/sp22.pl\/nowa\/index.php\/2025\/11\/26\/dzien-zyczliwosci-i-pozdrowien-w-naszej-szkole\/\"><span style=\"color: #000000;\">\u2666 Dzie\u0144 \u017byczliwo\u015bci i Pozdrowie\u0144 w naszej Szkole<\/span><\/a><\/p>\n<p><a href=\"https:\/\/sp22.pl\/nowa\/index.php\/2025\/12\/03\/andrzejkowa-dyskoteka-pelna-magii-i-wspanialej-zabawy\/\"><span style=\"color: #000000;\">\u2666 Andrzejkowa dyskoteka pe\u0142na magii i wspania\u0142ej zabawy!<\/span><\/a><\/p>\n<p><a href=\"https:\/\/sp22.pl\/nowa\/index.php\/2025\/12\/17\/wybory-do-mlodziezowej-rady-miasta-plocka-podsumowanie\/\"><span style=\"color: #000000;\">\u2666 Wybory do M\u0142odzie\u017cowej Rady Miasta P\u0142ocka &#8211; podsumowanie<\/span><\/a><\/p>\n<p><a href=\"https:\/\/sp22.pl\/nowa\/index.php\/2025\/12\/17\/betlejemskie-swiatlo-pokoju-w-naszej-szkole\/\"><span style=\"color: #000000;\">\u2666 Betlejemskie \u015awiat\u0142o Pokoju w naszej Szkole<\/span><\/a><\/p>\n<p><a href=\"https:\/\/sp22.pl\/nowa\/index.php\/2026\/01\/14\/dzien-pizamy-w-naszej-szkole\/\"><span style=\"color: #000000;\">\u2666 Dzie\u0144 Pi\u017camy w naszej szkole<\/span><\/a><\/p>\n<p><a href=\"https:\/\/sp22.pl\/nowa\/index.php\/2026\/01\/14\/ferie-zimowe-bez-ekranu-podejmij-wyzwanie\/\"><span style=\"color: #000000;\">\u2666 Ferie zimowe bez ekranu \u2013 podejmij wyzwanie!<\/span><\/a><\/p>\n<p><a href=\"https:\/\/sp22.pl\/nowa\/index.php\/2026\/02\/19\/poczta-walentynkowa-samorzadu-uczniowskiego\/\"><span style=\"color: #000000;\">\u2666 <span style=\"font-family: Arial, sans-serif;\"><span style=\"font-size: medium;\">Poczta Walentynkowa Samorz\u0105du Uczniowskiego<\/span><\/span><\/span><\/a><\/p>\n<p><a href=\"https:\/\/sp22.pl\/nowa\/index.php\/2026\/03\/03\/apel-sukcesu-2\/\"><span style=\"color: #000000;\">\u2666 Apel Sukcesu<\/span><\/a><\/p>\n<p><a href=\"https:\/\/sp22.pl\/nowa\/index.php\/2026\/03\/16\/dzien-kobiet-w-naszej-szkole\/\"><span style=\"color: #000000;\">\u2666 Szkolne obchody Dnia Kobiet<\/span><\/a><\/p>\n<p>&nbsp;<\/p>\n","protected":false},"excerpt":{"rendered":"<p>&#46;&#46;&#46;<\/p>\n","protected":false},"author":4,"featured_media":0,"parent":5597,"menu_order":0,"comment_status":"closed","ping_status":"closed","template":"","meta":{"ngg_post_thumbnail":0,"footnotes":""},"class_list":["post-7126","page","type-page","status-publish","hentry"],"_links":{"self":[{"href":"https:\/\/sp22.pl\/nowa\/index.php\/wp-json\/wp\/v2\/pages\/7126","targetHints":{"allow":["GET"]}}],"collection":[{"href":"https:\/\/sp22.pl\/nowa\/index.php\/wp-json\/wp\/v2\/pages"}],"about":[{"href":"https:\/\/sp22.pl\/nowa\/index.php\/wp-json\/wp\/v2\/types\/page"}],"author":[{"embeddable":true,"href":"https:\/\/sp22.pl\/nowa\/index.php\/wp-json\/wp\/v2\/users\/4"}],"replies":[{"embeddable":true,"href":"https:\/\/sp22.pl\/nowa\/index.php\/wp-json\/wp\/v2\/comments?post=7126"}],"version-history":[{"count":110,"href":"https:\/\/sp22.pl\/nowa\/index.php\/wp-json\/wp\/v2\/pages\/7126\/revisions"}],"predecessor-version":[{"id":14133,"href":"https:\/\/sp22.pl\/nowa\/index.php\/wp-json\/wp\/v2\/pages\/7126\/revisions\/14133"}],"up":[{"embeddable":true,"href":"https:\/\/sp22.pl\/nowa\/index.php\/wp-json\/wp\/v2\/pages\/5597"}],"wp:attachment":[{"href":"https:\/\/sp22.pl\/nowa\/index.php\/wp-json\/wp\/v2\/media?parent=7126"}],"curies":[{"name":"wp","href":"https:\/\/api.w.org\/{rel}","templated":true}]}}