{"id":6551,"date":"2024-07-03T07:10:34","date_gmt":"2024-07-03T05:10:34","guid":{"rendered":"https:\/\/sp22.pl\/nowa\/?page_id=6551"},"modified":"2024-07-03T07:15:00","modified_gmt":"2024-07-03T05:15:00","slug":"projekt-edukacyjno-czytelniczy-historia-plocka-basniami-i-legendami-opowiedziana","status":"publish","type":"page","link":"https:\/\/sp22.pl\/nowa\/index.php\/narodowy-program-rozwoju-czytelnictwa-2-0\/projekt-edukacyjno-czytelniczy-historia-plocka-basniami-i-legendami-opowiedziana\/","title":{"rendered":"Projekt edukacyjno &#8211; czytelniczy ,,Historia P\u0142ocka ba\u015bniami i legendami opowiedziana&#8221;"},"content":{"rendered":"<h2>Projekt edukacyjno &#8211; czytelniczy ,,Historia P\u0142ocka ba\u015bniami i legendami opowiedziana&#8221;<\/h2>\n<p><img loading=\"lazy\" decoding=\"async\" class=\"alignnone size-full wp-image-4565\" src=\"https:\/\/sp22.pl\/nowa\/wp-content\/uploads\/2024\/01\/nprcz_logo_2023_24.jpg\" alt=\"Na tle bia\u0142ego prostok\u0105ta wizerunek or\u0142a oraz napis Ministerstwo Kultury i Dziedzictwa Narodowego, Ministerstwo Edukacji i Nauki oraz napis Narodowy Program Rozwoju Czytelnictwa.\" width=\"2000\" height=\"257\" srcset=\"https:\/\/sp22.pl\/nowa\/wp-content\/uploads\/2024\/01\/nprcz_logo_2023_24.jpg 2000w, https:\/\/sp22.pl\/nowa\/wp-content\/uploads\/2024\/01\/nprcz_logo_2023_24-300x39.jpg 300w, https:\/\/sp22.pl\/nowa\/wp-content\/uploads\/2024\/01\/nprcz_logo_2023_24-1024x132.jpg 1024w, https:\/\/sp22.pl\/nowa\/wp-content\/uploads\/2024\/01\/nprcz_logo_2023_24-768x99.jpg 768w, https:\/\/sp22.pl\/nowa\/wp-content\/uploads\/2024\/01\/nprcz_logo_2023_24-1536x197.jpg 1536w\" sizes=\"auto, (max-width: 2000px) 100vw, 2000px\" \/><\/p>\n<p><span style=\"color: #000000;\">Ba\u015bnie, a zw\u0142aszcza legendy zach\u0119caj\u0105 do poznawania historii, r\u00f3wnie\u017c tej lokalnej. W ciekawy spos\u00f3b opowiadaj\u0105 o wa\u017cnych dla naszej kultury postaciach i wydarzeniach. Odpowiednio dobrane i zaprezentowane s\u0105 \u015bwietn\u0105 baz\u0105 do pog\u0142\u0119biania wiedzy i ciekawych rozm\u00f3w. W taki w\u0142a\u015bnie spos\u00f3b uczniowie klas sz\u00f3stych przygotowali swoj\u0105 pierwsz\u0105 cyfrow\u0105 ksi\u0105\u017ck\u0119 z ba\u015bniami i legendami o P\u0142ocku. Dla m\u0142odszych koleg\u00f3w i kole\u017canek jest to bardzo ciekawa pozycja &#8211; dzi\u0119ki niej w atrakcyjny spos\u00f3b przyswoj\u0105 wiele ciekawych informacji, dotycz\u0105cych historii P\u0142ocka, a tak\u017ce kultury, przyrody i zabytk\u00f3w naszego miasta.<\/span><\/p>\nngg_shortcode_0_placeholder\nngg_shortcode_1_placeholder\n","protected":false},"excerpt":{"rendered":"<p>&#46;&#46;&#46;<\/p>\n","protected":false},"author":4,"featured_media":0,"parent":3689,"menu_order":0,"comment_status":"closed","ping_status":"closed","template":"","meta":{"ngg_post_thumbnail":0,"footnotes":""},"class_list":["post-6551","page","type-page","status-publish","hentry"],"_links":{"self":[{"href":"https:\/\/sp22.pl\/nowa\/index.php\/wp-json\/wp\/v2\/pages\/6551","targetHints":{"allow":["GET"]}}],"collection":[{"href":"https:\/\/sp22.pl\/nowa\/index.php\/wp-json\/wp\/v2\/pages"}],"about":[{"href":"https:\/\/sp22.pl\/nowa\/index.php\/wp-json\/wp\/v2\/types\/page"}],"author":[{"embeddable":true,"href":"https:\/\/sp22.pl\/nowa\/index.php\/wp-json\/wp\/v2\/users\/4"}],"replies":[{"embeddable":true,"href":"https:\/\/sp22.pl\/nowa\/index.php\/wp-json\/wp\/v2\/comments?post=6551"}],"version-history":[{"count":4,"href":"https:\/\/sp22.pl\/nowa\/index.php\/wp-json\/wp\/v2\/pages\/6551\/revisions"}],"predecessor-version":[{"id":6555,"href":"https:\/\/sp22.pl\/nowa\/index.php\/wp-json\/wp\/v2\/pages\/6551\/revisions\/6555"}],"up":[{"embeddable":true,"href":"https:\/\/sp22.pl\/nowa\/index.php\/wp-json\/wp\/v2\/pages\/3689"}],"wp:attachment":[{"href":"https:\/\/sp22.pl\/nowa\/index.php\/wp-json\/wp\/v2\/media?parent=6551"}],"curies":[{"name":"wp","href":"https:\/\/api.w.org\/{rel}","templated":true}]}}