{"id":5601,"date":"2024-04-22T01:04:54","date_gmt":"2024-04-21T23:04:54","guid":{"rendered":"https:\/\/sp22.pl\/nowa\/?page_id=5601"},"modified":"2024-10-28T04:01:40","modified_gmt":"2024-10-28T03:01:40","slug":"dla-dzieci-i-mlodziezy-13-15-lat","status":"publish","type":"page","link":"https:\/\/sp22.pl\/nowa\/index.php\/z-zycia-szkol\/harcerstwo\/dla-dzieci-i-mlodziezy-13-15-lat\/","title":{"rendered":"Dla dzieci i m\u0142odzie\u017cy 13-15 lat"},"content":{"rendered":"<p><img loading=\"lazy\" decoding=\"async\" class=\"wp-image-5615 aligncenter\" src=\"https:\/\/sp22.pl\/nowa\/wp-content\/uploads\/2024\/04\/harcerze_1b.jpg\" alt=\"\" width=\"800\" height=\"534\" srcset=\"https:\/\/sp22.pl\/nowa\/wp-content\/uploads\/2024\/04\/harcerze_1b.jpg 1024w, https:\/\/sp22.pl\/nowa\/wp-content\/uploads\/2024\/04\/harcerze_1b-300x200.jpg 300w, https:\/\/sp22.pl\/nowa\/wp-content\/uploads\/2024\/04\/harcerze_1b-768x512.jpg 768w\" sizes=\"auto, (max-width: 800px) 100vw, 800px\" \/><\/p>\r\n<p><span style=\"color: #000000;\">Czuwaj! Jeste\u015bmy 202 Grunwaldzk\u0105 Dru\u017cyn\u0105 Starszoharcersk\u0105 im. Janusza Korczaka. Je\u015bli lubisz biwaki pod namiotem, piesze wycieczki, zdobywanie nowych umiej\u0119tno\u015bci i przyjaci\u00f3\u0142, zapraszamy do nas! W naszej dru\u017cynie b\u0119dziesz m\u00f3g\u0142 rozwija\u0107 si\u0119 harcersko, a dzi\u0119ki temu mo\u017cesz pog\u0142\u0119bi\u0107 swoje pasje lub naby\u0107 nowe zdolno\u015bci. <\/span><\/p>\r\n<p><span style=\"color: #000000;\">Zbi\u00f3rki odbywaj\u0105 si\u0119 w ka\u017cdy pi\u0105tek o godzinie <strong>17:30<\/strong> w harc\u00f3wce, kt\u00f3ra znajduj\u0119 si\u0119 w Szkole Podstawowej nr 22. <\/span><\/p>\r\n<p><span style=\"color: #000000;\">Wi\u0119cej informacji udzieli Ci dru\u017cynowa \u2013 <strong>dh Agata Sieradzka<\/strong><\/span><\/p>\r\n<p><span style=\"color: #000000;\"><strong>Kontakt:<\/strong><\/span><\/p>\r\n<p><span style=\"color: #000000;\">Tel. 534 831&nbsp;158<\/span><\/p>\r\n<p><span style=\"color: #000000;\">E-mail: agata.sieradzka@zhp.net.pl<\/span><\/p>\r\n<p><img loading=\"lazy\" decoding=\"async\" class=\"wp-image-5617 aligncenter\" src=\"https:\/\/sp22.pl\/nowa\/wp-content\/uploads\/2024\/04\/harcerze_3b.jpg\" alt=\"\" width=\"800\" height=\"534\" srcset=\"https:\/\/sp22.pl\/nowa\/wp-content\/uploads\/2024\/04\/harcerze_3b.jpg 1024w, https:\/\/sp22.pl\/nowa\/wp-content\/uploads\/2024\/04\/harcerze_3b-300x200.jpg 300w, https:\/\/sp22.pl\/nowa\/wp-content\/uploads\/2024\/04\/harcerze_3b-768x512.jpg 768w\" sizes=\"auto, (max-width: 800px) 100vw, 800px\" \/><\/p>\r\n<p><img loading=\"lazy\" decoding=\"async\" class=\"aligncenter wp-image-5616\" src=\"https:\/\/sp22.pl\/nowa\/wp-content\/uploads\/2024\/04\/harcerze_2b.jpg\" alt=\"\" width=\"800\" height=\"534\" srcset=\"https:\/\/sp22.pl\/nowa\/wp-content\/uploads\/2024\/04\/harcerze_2b.jpg 1024w, https:\/\/sp22.pl\/nowa\/wp-content\/uploads\/2024\/04\/harcerze_2b-300x200.jpg 300w, https:\/\/sp22.pl\/nowa\/wp-content\/uploads\/2024\/04\/harcerze_2b-768x512.jpg 768w\" sizes=\"auto, (max-width: 800px) 100vw, 800px\" \/><\/p>\r\n\r\n<p>&nbsp;<\/p>\r\n\r\n\r\n\r\n<p>&nbsp;<\/p>\r\n","protected":false},"excerpt":{"rendered":"<p>&#46;&#46;&#46;<\/p>\n","protected":false},"author":4,"featured_media":0,"parent":7121,"menu_order":0,"comment_status":"closed","ping_status":"closed","template":"","meta":{"ngg_post_thumbnail":0,"footnotes":""},"class_list":["post-5601","page","type-page","status-publish","hentry"],"_links":{"self":[{"href":"https:\/\/sp22.pl\/nowa\/index.php\/wp-json\/wp\/v2\/pages\/5601","targetHints":{"allow":["GET"]}}],"collection":[{"href":"https:\/\/sp22.pl\/nowa\/index.php\/wp-json\/wp\/v2\/pages"}],"about":[{"href":"https:\/\/sp22.pl\/nowa\/index.php\/wp-json\/wp\/v2\/types\/page"}],"author":[{"embeddable":true,"href":"https:\/\/sp22.pl\/nowa\/index.php\/wp-json\/wp\/v2\/users\/4"}],"replies":[{"embeddable":true,"href":"https:\/\/sp22.pl\/nowa\/index.php\/wp-json\/wp\/v2\/comments?post=5601"}],"version-history":[{"count":19,"href":"https:\/\/sp22.pl\/nowa\/index.php\/wp-json\/wp\/v2\/pages\/5601\/revisions"}],"predecessor-version":[{"id":7129,"href":"https:\/\/sp22.pl\/nowa\/index.php\/wp-json\/wp\/v2\/pages\/5601\/revisions\/7129"}],"up":[{"embeddable":true,"href":"https:\/\/sp22.pl\/nowa\/index.php\/wp-json\/wp\/v2\/pages\/7121"}],"wp:attachment":[{"href":"https:\/\/sp22.pl\/nowa\/index.php\/wp-json\/wp\/v2\/media?parent=5601"}],"curies":[{"name":"wp","href":"https:\/\/api.w.org\/{rel}","templated":true}]}}