{"id":5599,"date":"2024-04-22T01:04:01","date_gmt":"2024-04-21T23:04:01","guid":{"rendered":"https:\/\/sp22.pl\/nowa\/?page_id=5599"},"modified":"2024-10-28T03:59:28","modified_gmt":"2024-10-28T02:59:28","slug":"dla-dzieci-10-12-lat","status":"publish","type":"page","link":"https:\/\/sp22.pl\/nowa\/index.php\/z-zycia-szkol\/harcerstwo\/dla-dzieci-10-12-lat\/","title":{"rendered":"Dla dzieci 10-12 lat"},"content":{"rendered":"<p><img loading=\"lazy\" decoding=\"async\" class=\"aligncenter wp-image-5606\" src=\"https:\/\/sp22.pl\/nowa\/wp-content\/uploads\/2024\/04\/harcerze_3a.jpg\" alt=\"\" width=\"800\" height=\"600\" srcset=\"https:\/\/sp22.pl\/nowa\/wp-content\/uploads\/2024\/04\/harcerze_3a.jpg 1024w, https:\/\/sp22.pl\/nowa\/wp-content\/uploads\/2024\/04\/harcerze_3a-300x225.jpg 300w, https:\/\/sp22.pl\/nowa\/wp-content\/uploads\/2024\/04\/harcerze_3a-768x576.jpg 768w\" sizes=\"auto, (max-width: 800px) 100vw, 800px\" \/><\/p>\n<p><span style=\"color: #000000;\">Czuwaj! Z tej strony 20 Dru\u017cyna Harcerska &#8222;Flamingos&#8221;. Lubisz rozwija\u0107 nowe pasje, podejmowa\u0107 si\u0119 r\u00f3\u017cnych wyzwa\u0144, przebywa\u0107 w lesie lub sp\u0119dza\u0107 czas w dobrym towarzystwie? Witamy w naszych szeregach! W dru\u017cynie harcerskiej mo\u017cesz zdoby\u0107 nowe przyja\u017anie i wiele przydatnych umiej\u0119tno\u015bci, jak rozpalanie ogniska od jednej zapa\u0142ki, pos\u0142ugiwanie si\u0119 kompasem i korzystanie z mapy, pierwszej pomocy czy innych technik harcerskich. Brzmi dobrze, prawda? <\/span><\/p>\n<p><span style=\"color: #000000;\">Zapraszamy, wi\u0119c na nasze zbi\u00f3rki, kt\u00f3re s\u0105 co pi\u0105tek o godzinie <strong>16:00<\/strong>, w harc\u00f3wce w Szkole Podstawowej nr 22. <\/span><\/p>\n<p><span style=\"color: #000000;\">Wi\u0119cej informacji mo\u017cna otrzyma\u0107 u dru\u017cynowej \u2013 &nbsp;<strong>pwd. Aleksandry Wojciechowskiej<\/strong><\/span><\/p>\n<p><span style=\"color: #000000;\"><strong>Kontakt:<\/strong><\/span><\/p>\n<p><span style=\"color: #000000;\">Tel. 727 931&nbsp;934<\/span><\/p>\n<p><span style=\"color: #000000;\">E-mail: aleksandra.wojciechowska@zhp.net.pl<\/span><\/p>\n<p><img loading=\"lazy\" decoding=\"async\" class=\"aligncenter wp-image-5605\" src=\"https:\/\/sp22.pl\/nowa\/wp-content\/uploads\/2024\/04\/harcerze_2a.jpg\" alt=\"\" width=\"800\" height=\"534\" srcset=\"https:\/\/sp22.pl\/nowa\/wp-content\/uploads\/2024\/04\/harcerze_2a.jpg 1024w, https:\/\/sp22.pl\/nowa\/wp-content\/uploads\/2024\/04\/harcerze_2a-300x200.jpg 300w, https:\/\/sp22.pl\/nowa\/wp-content\/uploads\/2024\/04\/harcerze_2a-768x512.jpg 768w\" sizes=\"auto, (max-width: 800px) 100vw, 800px\" \/><img loading=\"lazy\" decoding=\"async\" class=\"aligncenter wp-image-5604\" src=\"https:\/\/sp22.pl\/nowa\/wp-content\/uploads\/2024\/04\/harcerze_1a.jpg\" alt=\"\" width=\"800\" height=\"534\" srcset=\"https:\/\/sp22.pl\/nowa\/wp-content\/uploads\/2024\/04\/harcerze_1a.jpg 1024w, https:\/\/sp22.pl\/nowa\/wp-content\/uploads\/2024\/04\/harcerze_1a-300x200.jpg 300w, https:\/\/sp22.pl\/nowa\/wp-content\/uploads\/2024\/04\/harcerze_1a-768x512.jpg 768w\" sizes=\"auto, (max-width: 800px) 100vw, 800px\" \/><\/p>\n<p>&nbsp;<\/p>\n","protected":false},"excerpt":{"rendered":"<p>&#46;&#46;&#46;<\/p>\n","protected":false},"author":4,"featured_media":0,"parent":7121,"menu_order":0,"comment_status":"closed","ping_status":"closed","template":"","meta":{"ngg_post_thumbnail":0,"footnotes":""},"class_list":["post-5599","page","type-page","status-publish","hentry"],"_links":{"self":[{"href":"https:\/\/sp22.pl\/nowa\/index.php\/wp-json\/wp\/v2\/pages\/5599","targetHints":{"allow":["GET"]}}],"collection":[{"href":"https:\/\/sp22.pl\/nowa\/index.php\/wp-json\/wp\/v2\/pages"}],"about":[{"href":"https:\/\/sp22.pl\/nowa\/index.php\/wp-json\/wp\/v2\/types\/page"}],"author":[{"embeddable":true,"href":"https:\/\/sp22.pl\/nowa\/index.php\/wp-json\/wp\/v2\/users\/4"}],"replies":[{"embeddable":true,"href":"https:\/\/sp22.pl\/nowa\/index.php\/wp-json\/wp\/v2\/comments?post=5599"}],"version-history":[{"count":14,"href":"https:\/\/sp22.pl\/nowa\/index.php\/wp-json\/wp\/v2\/pages\/5599\/revisions"}],"predecessor-version":[{"id":5665,"href":"https:\/\/sp22.pl\/nowa\/index.php\/wp-json\/wp\/v2\/pages\/5599\/revisions\/5665"}],"up":[{"embeddable":true,"href":"https:\/\/sp22.pl\/nowa\/index.php\/wp-json\/wp\/v2\/pages\/7121"}],"wp:attachment":[{"href":"https:\/\/sp22.pl\/nowa\/index.php\/wp-json\/wp\/v2\/media?parent=5599"}],"curies":[{"name":"wp","href":"https:\/\/api.w.org\/{rel}","templated":true}]}}