{"id":5094,"date":"2024-03-03T13:45:59","date_gmt":"2024-03-03T12:45:59","guid":{"rendered":"http:\/\/sp22.pl\/nowa\/?page_id=5094"},"modified":"2024-07-01T22:25:14","modified_gmt":"2024-07-01T20:25:14","slug":"laboratoria-przyszlosci-fotorelacja-rok-szkolny-2023-24","status":"publish","type":"page","link":"https:\/\/sp22.pl\/nowa\/index.php\/laboratoria-przyszlosci\/laboratoria-przyszlosci-fotorelacja-rok-szkolny-2023-24\/","title":{"rendered":"Laboratoria Przysz\u0142o\u015bci &#8211; Fotorelacja &#8211; Rok szkolny 2023\/24"},"content":{"rendered":"<p style=\"text-align: center;\"><strong><span style=\"color: #000000;\">\u015awi\u0105teczne warsztaty &#8222;Rodzinkowo&#8221;<\/span><\/strong><\/p>\n<div style=\"width: 1720px;\" class=\"wp-video\"><video class=\"wp-video-shortcode\" id=\"video-5094-1\" width=\"1720\" height=\"880\" preload=\"metadata\" controls=\"controls\"><source type=\"video\/mp4\" src=\"https:\/\/sp22.pl\/nowa\/wp-content\/uploads\/2023\/12\/Warsztaty-swiateczne-Rodzinkowo.mp4?_=1\" \/><a href=\"https:\/\/sp22.pl\/nowa\/wp-content\/uploads\/2023\/12\/Warsztaty-swiateczne-Rodzinkowo.mp4\">https:\/\/sp22.pl\/nowa\/wp-content\/uploads\/2023\/12\/Warsztaty-swiateczne-Rodzinkowo.mp4<\/a><\/video><\/div>\n<p>&nbsp;<\/p>\n<p style=\"text-align: center;\"><strong><span style=\"color: #000000;\">Fotograficzna relacja&nbsp; z wycieczki szkolnej &#8211; Murzasichle 2024<\/span><\/strong><\/p>\nngg_shortcode_0_placeholder\n<p style=\"text-align: center;\"><strong><span style=\"color: #000000;\">Fotorelacja z zaj\u0119\u0107 &#8211; wykorzystanie ozobot\u00f3w<\/span><\/strong><\/p>\nngg_shortcode_1_placeholder\n<p style=\"text-align: center;\"><span style=\"color: #000000;\"><strong>Fotorelacja &#8211; wykorzystanie sprz\u0119tu nag\u0142a\u015bniaj\u0105cego oraz o\u015bwietlenia<\/strong><\/span><\/p>\nngg_shortcode_2_placeholder\n","protected":false},"excerpt":{"rendered":"<p>&#46;&#46;&#46;<\/p>\n","protected":false},"author":4,"featured_media":0,"parent":1100,"menu_order":0,"comment_status":"closed","ping_status":"closed","template":"","meta":{"ngg_post_thumbnail":0,"footnotes":""},"class_list":["post-5094","page","type-page","status-publish","hentry"],"_links":{"self":[{"href":"https:\/\/sp22.pl\/nowa\/index.php\/wp-json\/wp\/v2\/pages\/5094","targetHints":{"allow":["GET"]}}],"collection":[{"href":"https:\/\/sp22.pl\/nowa\/index.php\/wp-json\/wp\/v2\/pages"}],"about":[{"href":"https:\/\/sp22.pl\/nowa\/index.php\/wp-json\/wp\/v2\/types\/page"}],"author":[{"embeddable":true,"href":"https:\/\/sp22.pl\/nowa\/index.php\/wp-json\/wp\/v2\/users\/4"}],"replies":[{"embeddable":true,"href":"https:\/\/sp22.pl\/nowa\/index.php\/wp-json\/wp\/v2\/comments?post=5094"}],"version-history":[{"count":8,"href":"https:\/\/sp22.pl\/nowa\/index.php\/wp-json\/wp\/v2\/pages\/5094\/revisions"}],"predecessor-version":[{"id":6456,"href":"https:\/\/sp22.pl\/nowa\/index.php\/wp-json\/wp\/v2\/pages\/5094\/revisions\/6456"}],"up":[{"embeddable":true,"href":"https:\/\/sp22.pl\/nowa\/index.php\/wp-json\/wp\/v2\/pages\/1100"}],"wp:attachment":[{"href":"https:\/\/sp22.pl\/nowa\/index.php\/wp-json\/wp\/v2\/media?parent=5094"}],"curies":[{"name":"wp","href":"https:\/\/api.w.org\/{rel}","templated":true}]}}