{"id":4768,"date":"2024-01-23T11:54:37","date_gmt":"2024-01-23T10:54:37","guid":{"rendered":"http:\/\/sp22.pl\/nowa\/?page_id=4768"},"modified":"2024-10-28T08:25:46","modified_gmt":"2024-10-28T07:25:46","slug":"szkolne-przedsiewziecia-2023-24","status":"publish","type":"page","link":"https:\/\/sp22.pl\/nowa\/index.php\/z-zycia-szkol\/szkolne-przedsiewziecia\/szkolne-przedsiewziecia-2023-24\/","title":{"rendered":"Szkolne przedsi\u0119wzi\u0119cia 2023\/2024"},"content":{"rendered":"<p><a href=\"https:\/\/sp22.pl\/nowa\/index.php\/2023\/09\/19\/rozpoczecie-roku-szkolnego-2023-24-klas-pierwszych\/\"><span style=\"color: #000000;\">\u2666 Rozpocz\u0119cie roku szkolnego 2023\/24 klas pierwszych.<\/span><\/a><\/p>\n<p><a href=\"https:\/\/sp22.pl\/nowa\/index.php\/2023\/09\/19\/narodowe-czytanie-nad-niemnem-elizy-orzeszkowej\/\"><span style=\"color: #000000;\">\u2666 Narodowe czytanie &#8222;Nad Niemnem&#8221; Elizy Orzeszkowej.<\/span><\/a><\/p>\n<p><a href=\"https:\/\/sp22.pl\/nowa\/index.php\/2023\/09\/29\/ratownicy-czytelnictwa-kolejne-wyroznienie-dla-biblioteki\/\"><span style=\"color: #000000;\">\u2666 Ratownicy czytelnictwa &#8211; wyr\u00f3\u017cnienie dla biblioteki.<\/span><\/a><\/p>\n<p><a href=\"https:\/\/sp22.pl\/nowa\/index.php\/2023\/10\/15\/narodowy-program-rozwoju-czytelnictwa-2-0-w-naszej-szkole\/\"><span style=\"color: #000000;\">\u2666 Narodowy Program Rozwoju Czytelnictwa 2.0 w naszej szkole.<\/span><\/a><\/p>\n<p><a href=\"https:\/\/sp22.pl\/nowa\/index.php\/2023\/10\/15\/kolo-czytelnicze-z-elementami-kodowania\/\"><span style=\"color: #000000;\">\u2666 Ko\u0142o czytelnicze z elementami kodowania.&nbsp;<\/span><\/a><\/p>\n<p><a href=\"https:\/\/sp22.pl\/nowa\/index.php\/2023\/10\/15\/lv-zlot-po-ziemi-mazowieckiej\/\"><span style=\"color: #000000;\">\u2666 LV Zlot po Ziemi Mazowieckiej&nbsp;<\/span><\/a><\/p>\n<p><span style=\"color: #000000;\"><a style=\"color: #000000;\" href=\"https:\/\/sp22.pl\/nowa\/index.php\/2023\/10\/23\/dzien-edukacji-narodowej-2\/\">\u2666 Dzie\u0144 Edukacji Narodowej.<\/a><\/span><\/p>\n<p><a href=\"https:\/\/sp22.pl\/nowa\/index.php\/2023\/10\/27\/europejski-dzien-jezykow-obcych\/\"><span style=\"color: #000000;\">\u2666 Europejski Dzie\u0144 J\u0119zyk\u00f3w Obcych.<\/span><\/a><\/p>\n<p><a href=\"https:\/\/sp22.pl\/nowa\/index.php\/2023\/10\/27\/zajecia_klasy_3a_w_orlen_arenie\/\"><span style=\"color: #000000;\">\u2666 Zaj\u0119cia klasy 3a w Orlen Arenie.<\/span><\/a><\/p>\n<p><a href=\"https:\/\/sp22.pl\/nowa\/index.php\/2023\/10\/27\/ogolnopolski_dzien_czytania_dzieciom\/\"><span style=\"color: #000000;\">\u2666 Og\u00f3lnopolski Dzie\u0144 Czytania Dzieciom.<\/span><\/a><\/p>\n<p><a href=\"https:\/\/sp22.pl\/nowa\/index.php\/2023\/10\/27\/xlv-rajd-pieczonego-ziemniaka\/\"><span style=\"color: #000000;\">\u2666 XLV Rajd Pieczonego Ziemniaka.<\/span><\/a><\/p>\n<p><a href=\"https:\/\/sp22.pl\/nowa\/index.php\/2023\/10\/30\/doswiadczenia_z_fizyki_w_klasie_7e\/\"><span style=\"color: #000000;\">\u2666 Do\u015bwiadczenia z fizyki w klasie 7e.<\/span><\/a><\/p>\n<p><a href=\"https:\/\/sp22.pl\/nowa\/index.php\/2023\/10\/30\/projekt_zwierzeta_doktora_dolittle\/\"><span style=\"color: #000000;\">\u2666 Projekt edukacyjno &#8211; czytelniczy &#8222;Zwierz\u0119ta Doktora Dolittle&#8221; w klasach 2.<\/span><\/a><\/p>\n<p><a href=\"https:\/\/sp22.pl\/nowa\/index.php\/2023\/11\/15\/pazdziernik_miesiacem_bibliotek\/\"><span style=\"color: #000000;\">\u2666 Pa\u017adziernik miesi\u0105cem bibliotek szkolnych.&nbsp;<\/span><\/a><\/p>\n<p><a href=\"https:\/\/sp22.pl\/nowa\/index.php\/2023\/11\/15\/matematyka_na_swiezym_powietrzu\/\"><span style=\"color: #000000;\">\u2666 Matematyka na \u015bwie\u017cym powietrzu.<\/span><\/a><\/p>\n<p><a href=\"https:\/\/sp22.pl\/nowa\/index.php\/2023\/11\/15\/konkurs_wieza_babel\/\"><span style=\"color: #000000;\">\u2666 Konkurs lingwistyki matematycznej &#8222;Wie\u017ca Babel&#8221;.<\/span><\/a><\/p>\n<p><a href=\"https:\/\/sp22.pl\/nowa\/index.php\/2023\/11\/15\/miesiac_bibliotek_szkolnych\/\"><span style=\"color: #000000;\">\u2666 Mi\u0119dzynarodowy Miesi\u0105c Bibliotek Szkolnych.<\/span><\/a><\/p>\n<p><a href=\"https:\/\/sp22.pl\/nowa\/index.php\/2023\/11\/16\/dawniej_dziady_dzis_zaduszki\/\"><span style=\"color: #000000;\">\u2666 Dawniej Dziady, dzi\u015b Zaduszki.<\/span><\/a><\/p>\n<p><a href=\"https:\/\/sp22.pl\/nowa\/index.php\/2023\/11\/20\/jestem_eko_z_biblioteka\/\"><span style=\"color: #000000;\">\u2666 Jestem eko z bibliotek\u0105!<\/span><\/a><\/p>\n<p><a href=\"https:\/\/sp22.pl\/nowa\/index.php\/2023\/11\/30\/xxxi-rajd-niepodleglosci-szlakami-legionistow-plockich\/\"><span style=\"color: #000000;\">\u2666 XXXI Rajd Niepodleg\u0142o\u015bci &#8222;Szlakami Legionist\u00f3w P\u0142ockich&#8221;.<\/span><\/a><\/p>\n<p><a href=\"https:\/\/sp22.pl\/nowa\/index.php\/2023\/11\/30\/przystanek_niepodleglosc\/\"><span style=\"color: #000000;\">\u2666 Przystanek Niepodleg\u0142o\u015b\u0107.<\/span><\/a><\/p>\n<p><a href=\"https:\/\/sp22.pl\/nowa\/index.php\/2023\/11\/30\/gra_miejska_kobiecym_okiem\/\"><span style=\"color: #000000;\">\u2666 Gra miejska &#8222;Kobiecym Okiem&#8221;.<\/span><\/a><\/p>\n<p><a href=\"https:\/\/sp22.pl\/nowa\/index.php\/2023\/11\/30\/turniej_masterchefa\/\"><span style=\"color: #000000;\">\u2666 Turniej o tytu\u0142 Masterchefa Literackiej Kuchni Ksi\u0105\u017cnicy P\u0142ockiej.<\/span><\/a><\/p>\n<p><a href=\"https:\/\/sp22.pl\/nowa\/index.php\/2023\/12\/05\/wybralismy-super-psy\/\"><span style=\"color: #000000;\">\u2666 Wybrali\u015bmy Super Psy!<\/span><\/a><\/p>\n<p><a href=\"https:\/\/sp22.pl\/nowa\/index.php\/2023\/12\/07\/11-listopada-narodowe-swieto-niepodleglosci\/\"><span style=\"color: #000000;\">\u2666 11 listopada &#8211; Narodowe \u015awi\u0119to Niepodleg\u0142o\u015bci.<\/span><\/a>&nbsp;<\/p>\n<p><a href=\"https:\/\/sp22.pl\/nowa\/index.php\/2023\/12\/10\/mikolajki-w-bibliotece\/\"><span style=\"color: #000000;\">\u2666 Miko\u0142ajki w bibliotece.&nbsp;<\/span><\/a><\/p>\n<p><a href=\"https:\/\/sp22.pl\/nowa\/index.php\/2023\/12\/09\/wszyscy-razem\/\"><span style=\"color: #000000;\">\u2666 Wszyscy Razem&nbsp;<\/span><\/a><\/p>\n<p><a href=\"https:\/\/sp22.pl\/nowa\/index.php\/2023\/12\/12\/projekt_znam_noblistke\/\"><span style=\"color: #000000;\">\u2666 Projekt edukacyjno &#8211; czytelniczy &#8211; To oczywiste, \u017ce znam noblistk\u0119!&nbsp;<\/span><\/a><\/p>\n<p><a href=\"https:\/\/sp22.pl\/nowa\/index.php\/2023\/12\/11\/przeglad-tworczosci-osob-z-niepelnosprawnosciami\/\"><span style=\"color: #000000;\">\u2666 Przegl\u0105d Tw\u00f3rczo\u015bci Os\u00f3b z Niepe\u0142nosprawno\u015bciami&nbsp;&nbsp;<\/span><\/a><\/p>\n<p><a href=\"https:\/\/sp22.pl\/nowa\/index.php\/2023\/12\/12\/swiatowy-dzien-misia\/\"><span style=\"color: #000000;\">\u2666 \u015awiatowy Dzie\u0144 Misia&nbsp;<\/span><\/a><\/p>\n<p><a href=\"https:\/\/sp22.pl\/nowa\/index.php\/2023\/12\/17\/swieta_to_czas_spotkan\/\"><span style=\"color: #000000;\">\u2666 \u015awi\u0119ta to czas spotka\u0144.<\/span><\/a><\/p>\n<p><a href=\"https:\/\/sp22.pl\/nowa\/index.php\/2023\/12\/17\/moj-ulubiony-wiersz-konkurs-recytatorski\/\"><span style=\"color: #000000;\">\u2666 M\u00f3j ulubiony wiersz &#8211; konkurs recytatorski.<\/span><\/a><\/p>\n<p><a href=\"https:\/\/sp22.pl\/nowa\/index.php\/2023\/12\/17\/kartka-dla-seniora\/\"><span style=\"color: #000000;\">\u2666 Kartka dla Seniora.<\/span><\/a><\/p>\n<p><span style=\"color: #000000;\">\u2666 <a href=\"https:\/\/sp22.pl\/nowa\/index.php\/2023\/12\/21\/laboratorium-swietego-mikolaja\/\">Laboratorium \u015awi\u0119tego Miko\u0142aja.<\/a><\/span><\/p>\n<p><a href=\"https:\/\/sp22.pl\/nowa\/index.php\/2023\/12\/17\/swiateczne-warsztaty-rodzinkowo\/\"><span style=\"color: #000000;\">\u2666 \u015awi\u0105teczne warsztaty &#8222;Rodzinkowo&#8221;.&nbsp;<\/span><\/a><\/p>\n<p><a href=\"https:\/\/sp22.pl\/nowa\/index.php\/2023\/12\/20\/spotkanie-swiateczne-w-klasie-2c\/\"><span style=\"color: #000000;\">\u2666 Spotkanie \u015bwi\u0105teczne w klasie 2c.&nbsp;<\/span><\/a><\/p>\n<p><a href=\"https:\/\/sp22.pl\/nowa\/index.php\/2023\/12\/18\/wigilia-klasy-2b\/\"><span style=\"color: #000000;\">\u2666 Wigilia klasy 2b&nbsp;<\/span><\/a><\/p>\n<p><a href=\"https:\/\/sp22.pl\/nowa\/index.php\/2023\/12\/29\/o-tradycjach-bozonarodzeniowych-w-bibliotece\/\"><span style=\"color: #000000;\">\u2666 O tradycjach bo\u017conarodzeniowych w bibliotece.<\/span><\/a><\/p>\n<p><span style=\"color: #000000;\">\u2666<a href=\"https:\/\/sp22.pl\/nowa\/index.php\/2023\/12\/09\/projekt-edukacyjny-zaprosmy-marie-sklodowska-curie-na-nasza-lekcje\/\"> Projekt edukacyjny &#8222;Zapro\u015bmy Mari\u0119 Sk\u0142odowska &#8211; Curie na nasz\u0105 lekcj\u0119&#8221;.&nbsp;<\/a><\/span><\/p>\n<p><a href=\"https:\/\/sp22.pl\/nowa\/index.php\/2024\/01\/15\/bozonarodzeniowy-koncert-charytatywny\/\"><span style=\"color: #000000;\">\u2666 Bo\u017conarodzeniowy Koncert Charytatywny.&nbsp;&nbsp;<\/span><\/a><\/p>\n<p><span style=\"color: #000000;\">\u2666<\/span> <a href=\"https:\/\/sp22.pl\/nowa\/index.php\/2024\/01\/31\/slowo-stalo-sie-czlowiekiem\/\"><span style=\"color: #000000;\">S\u0142owo sta\u0142o si\u0119 Cz\u0142owiekiem&nbsp;<\/span><\/a><\/p>\n<p><a href=\"https:\/\/sp22.pl\/nowa\/index.php\/2024\/01\/31\/dzien-patrona-szkoly\/\"><span style=\"color: #000000;\">\u2666 Dzie\u0144 Patrona Szko\u0142y<\/span><\/a><\/p>\n<p><a href=\"https:\/\/sp22.pl\/nowa\/index.php\/2024\/02\/11\/pasowanie-na-czytelnika\/\"><span style=\"color: #000000;\">\u2666 Pasowanie na czytelnika<\/span><\/a><\/p>\n<p><a href=\"https:\/\/sp22.pl\/nowa\/index.php\/2024\/02\/18\/swiatowy-dzien-lamiglowek\/\"><span style=\"color: #000000;\">\u2666 \u015awiatowy Dzie\u0144 \u0141amig\u0142\u00f3wek<\/span><\/a><\/p>\n<p><a href=\"https:\/\/sp22.pl\/nowa\/index.php\/2024\/02\/19\/dzien-otwarty-szkoly-3\/\"><span style=\"color: #000000;\">\u2666 Dzie\u0144 Otwarty Szko\u0142y<\/span><\/a><\/p>\n<p><a href=\"https:\/\/sp22.pl\/nowa\/index.php\/2024\/02\/19\/bal-karnawalowy-klas-1-3\/\"><span style=\"color: #000000;\">\u2666 Bal karnawa\u0142owy klas 1-3<\/span><\/a><\/p>\n<p><a href=\"https:\/\/sp22.pl\/nowa\/index.php\/2024\/03\/20\/iii-konferencja-naukowa-prawidla-zycia-wczoraj-i-dzis-2\/\"><span style=\"color: #000000;\">\u2666 III Konferencja Naukowa ,,Prawid\u0142a \u017bycia Wczoraj i Dzi\u015b&#8221;&nbsp;<\/span><\/a><\/p>\n<p><a href=\"https:\/\/sp22.pl\/nowa\/index.php\/2024\/03\/20\/spotkanie-z-pisarzem-jakubem-skworzem\/\"><span style=\"color: #000000;\">\u2666 Spotkanie z pisarzem Jakubem Skworzem&nbsp;<\/span><\/a><\/p>\n<p><a href=\"https:\/\/sp22.pl\/nowa\/index.php\/2024\/03\/25\/zajecia-dla-przedszkolakow\/\"><span style=\"color: #000000;\">\u2666 Zaj\u0119cia dla przedszkolak\u00f3w&nbsp;<\/span><\/a><\/p>\n<p><a href=\"https:\/\/sp22.pl\/nowa\/index.php\/2024\/03\/25\/wesolych-swiat-3\/\"><span style=\"color: #000000;\">\u2666 Sukces w Og\u00f3lnopolskim Konkursie Matematyczno &#8211; Informatycznym InstaLogik<\/span><\/a><\/p>\n<p><a href=\"https:\/\/sp22.pl\/nowa\/index.php\/2024\/03\/25\/wiosna\/\"><span style=\"color: #000000;\">\u2666 Ko\u0142o czytelnicze wita wiosn\u0119<\/span><\/a><\/p>\n<p><a href=\"https:\/\/sp22.pl\/nowa\/index.php\/2024\/03\/25\/rozstrzygniecie-xxii-powiatowego-konkursu-literackiego-pisze-ksiazke\/\"><span style=\"color: #000000;\">\u2666 Rozstrzygni\u0119cie XXII Powiatowego Konkursu Literackiego ,,Pisz\u0119 ksi\u0105\u017ck\u0119&#8221;&nbsp;<\/span><\/a><\/p>\n<p><a href=\"https:\/\/sp22.pl\/nowa\/index.php\/2024\/04\/15\/projekt-edukacyjno-czytelniczy-wsrod-greckich-bogow-i-herosow\/\"><span style=\"color: #000000;\">\u2666 Projekt edukacyjno &#8211; czytelniczy ,,W\u015br\u00f3d greckich bog\u00f3w i heros\u00f3w&#8221;&nbsp;<\/span><\/a><\/p>\n<p><a href=\"https:\/\/sp22.pl\/nowa\/index.php\/2024\/04\/15\/wiosenne-trele-morele\/\"><span style=\"color: #000000;\">\u2666 Wiosenne Trele Morele&nbsp;&nbsp;<\/span><\/a><\/p>\n<p><a href=\"https:\/\/sp22.pl\/nowa\/index.php\/2024\/04\/17\/basniowe-urodziny\/\"><span style=\"color: #000000;\">\u2666 Ba\u015bniowe urodziny&nbsp;<\/span><\/a><\/p>\n<p><a href=\"https:\/\/sp22.pl\/nowa\/index.php\/2024\/04\/17\/konkurs-pieknego-czytania\/\"><span style=\"color: #000000;\">\u2666 Konkurs Pi\u0119knego Czytania&nbsp;<\/span><\/a><\/p>\n<p><a href=\"https:\/\/sp22.pl\/nowa\/index.php\/2024\/05\/26\/warsztaty-fotograficzne-utrwal-szczegol\/\"><span style=\"color: #000000;\">\u2666 Warsztaty fotograficzne ,,Utrwal szczeg\u00f3\u0142&#8221;&nbsp;&nbsp;<\/span><\/a><\/p>\n<p><a href=\"https:\/\/sp22.pl\/nowa\/index.php\/2024\/05\/26\/mlodziezowy-projekt-ekologiczny-akcja-segregacja\/\"><span style=\"color: #000000;\">\u2666 M\u0142odzie\u017cowy Projekt Ekologiczny ,,Akcja: segregacja&#8221;&nbsp;<\/span><\/a><\/p>\n<p><a href=\"https:\/\/sp22.pl\/nowa\/index.php\/2024\/05\/27\/polska-niezapominajka\/\"><span style=\"color: #000000;\">\u2666 Polska Niezapominajka&nbsp;&nbsp;<\/span><\/a><\/p>\n<p><a href=\"https:\/\/sp22.pl\/nowa\/index.php\/2024\/05\/29\/pola-nadziei\/\"><span style=\"color: #000000;\">\u2666 Pola Nadziei&nbsp;<\/span><\/a><\/p>\n<p><a href=\"https:\/\/sp22.pl\/nowa\/index.php\/2024\/05\/30\/miasteczko-malki\/\"><span style=\"color: #000000;\">\u2666 Miasteczko Malki&nbsp;&nbsp;<\/span><\/a><\/p>\n<p><a href=\"https:\/\/sp22.pl\/nowa\/index.php\/2024\/05\/30\/ta-smieszna-i-straszna-prl\/\"><span style=\"color: #000000;\">\u2666 Ta \u015bmieszna i straszna PRL&#8230;&nbsp;<\/span><\/a><\/p>\n<p><a href=\"https:\/\/sp22.pl\/nowa\/index.php\/2024\/06\/09\/projekt-fizyczny\/\"><span style=\"color: #000000;\">\u2666 Projekt fizyczny&nbsp;<\/span><\/a><\/p>\n<p><a href=\"https:\/\/sp22.pl\/nowa\/index.php\/2024\/06\/09\/jestem-przyjacielem-przyrody\/\"><span style=\"color: #000000;\">\u2666 Jestem Przyjacielem Przyrody&nbsp;&nbsp;<\/span><\/a><\/p>\n<p><a href=\"https:\/\/sp22.pl\/nowa\/index.php\/2024\/06\/13\/rozstrzygniecie-miedzyszkolnego-konkursu-multimedialnego-zapraszamy-do-plocka\/\"><span style=\"color: #000000;\">\u2666 Rozstrzygni\u0119cie Mi\u0119dzyszkolnego Konkursu Multimedialnego ,,Zapraszamy do P\u0142ocka&#8221;&nbsp;<\/span><\/a><\/p>\n<p><a href=\"https:\/\/sp22.pl\/nowa\/index.php\/2024\/06\/14\/xii-edycja-powiatowego-konkursu-jezyka-angielskiego\/\"><span style=\"color: #000000;\">\u2666 XII Edycja Powiatowego Konkursu J\u0119zyka Angielskiego&nbsp;&nbsp;&nbsp;<\/span><\/a><\/p>\n<p><a href=\"https:\/\/sp22.pl\/nowa\/index.php\/2024\/06\/16\/szkolny-przeglad-talentow-talentaria\/\"><span style=\"color: #000000;\">\u2666 Szkolny Przegl\u0105d Talent\u00f3w &#8211; Talentaria&nbsp;&nbsp;<\/span><\/a><\/p>\n<p><a href=\"https:\/\/sp22.pl\/nowa\/index.php\/2024\/06\/17\/cala-polska-czyta-dzieciom-2\/\"><span style=\"color: #000000;\">\u2666 Ca\u0142a Polska Czyta Dzieciom&nbsp;<\/span><\/a><\/p>\n<p><a href=\"https:\/\/sp22.pl\/nowa\/index.php\/2024\/06\/17\/czytanie-na-polanie-xxii-ogolnopolski-tydzien-czytania-dzieciom-2\/\"><span style=\"color: #000000;\">\u2666 XXII Og\u00f3lnopolski Tydzie\u0144 Czytania Dzieciom &#8211; Czytanie na Polanie&nbsp;<\/span><\/a><\/p>\n<p><a href=\"https:\/\/sp22.pl\/nowa\/index.php\/2024\/06\/17\/podsumowanie-akcji-rowerowy-maj\/\"><span style=\"color: #000000;\">\u2666 Podsumowanie akcji &#8211; Rowerowy Maj&nbsp;<\/span><\/a><\/p>\n<p><a href=\"https:\/\/sp22.pl\/nowa\/index.php\/2024\/06\/17\/od-grosika-do-zlotowki\/\"><span style=\"color: #000000;\">\u2666 Projekt &#8211; Od grosika do z\u0142ot\u00f3wki&nbsp;<\/span><\/a><\/p>\n<p><a href=\"https:\/\/sp22.pl\/nowa\/index.php\/2024\/06\/18\/bal-osmych-klas\/\"><span style=\"color: #000000;\">\u2666 Bal \u00f3smych klas&nbsp;<\/span><\/a><\/p>\n<p><a href=\"https:\/\/sp22.pl\/nowa\/index.php\/2024\/06\/18\/sukces-ucznia-w-konkursie-slowa-maja-moc\/\"><span style=\"color: #000000;\">\u2666 Sukces ucznia w konkursie ,,S\u0142owa maj\u0105 wielk\u0105 moc&#8221;&nbsp;&nbsp;<\/span><\/a><\/p>\n<p><a href=\"https:\/\/sp22.pl\/nowa\/index.php\/2024\/06\/19\/festyn-rodzinny-zyj-eko-zdrowo-i-kolorowo-2\/\"><span style=\"color: #000000;\">\u2666 Festyn Rodzinny &#8211; ,,\u017byj eko &#8211; zdrowo i kolorowo&#8221;&nbsp;<\/span><\/a><\/p>\n<p><a href=\"https:\/\/sp22.pl\/nowa\/index.php\/2024\/06\/24\/zakonczenie-roku-szkolnego-2023-24-klas-3\/\"><span style=\"color: #000000;\">\u2666 Zako\u0144czenie roku szkolnego 2023\/24 &#8211; klasy trzecie&nbsp;<\/span><\/a><\/p>\n<p><a href=\"https:\/\/sp22.pl\/nowa\/index.php\/2024\/06\/25\/zakonczenie-roku-szkolnego-2023-24-klasy-osme\/\"><span style=\"color: #000000;\">\u2666 Zako\u0144czenie roku szkolnego 2023\/24 &#8211; klasy \u00f3sme&nbsp;<\/span><\/a><\/p>\n<p>&nbsp;<\/p>\n<p>&nbsp;<\/p>\n<p>&nbsp;<\/p>\n<p>&nbsp;<\/p>\n<p>&nbsp;<\/p>\n<p>&nbsp;<\/p>\n<p>&nbsp;<\/p>\n<p>&nbsp;<\/p>\n<p>&nbsp;<\/p>\n","protected":false},"excerpt":{"rendered":"<p>&#46;&#46;&#46;<\/p>\n","protected":false},"author":4,"featured_media":0,"parent":184,"menu_order":0,"comment_status":"closed","ping_status":"closed","template":"","meta":{"ngg_post_thumbnail":0,"footnotes":""},"class_list":["post-4768","page","type-page","status-publish","hentry"],"_links":{"self":[{"href":"https:\/\/sp22.pl\/nowa\/index.php\/wp-json\/wp\/v2\/pages\/4768","targetHints":{"allow":["GET"]}}],"collection":[{"href":"https:\/\/sp22.pl\/nowa\/index.php\/wp-json\/wp\/v2\/pages"}],"about":[{"href":"https:\/\/sp22.pl\/nowa\/index.php\/wp-json\/wp\/v2\/types\/page"}],"author":[{"embeddable":true,"href":"https:\/\/sp22.pl\/nowa\/index.php\/wp-json\/wp\/v2\/users\/4"}],"replies":[{"embeddable":true,"href":"https:\/\/sp22.pl\/nowa\/index.php\/wp-json\/wp\/v2\/comments?post=4768"}],"version-history":[{"count":33,"href":"https:\/\/sp22.pl\/nowa\/index.php\/wp-json\/wp\/v2\/pages\/4768\/revisions"}],"predecessor-version":[{"id":7144,"href":"https:\/\/sp22.pl\/nowa\/index.php\/wp-json\/wp\/v2\/pages\/4768\/revisions\/7144"}],"up":[{"embeddable":true,"href":"https:\/\/sp22.pl\/nowa\/index.php\/wp-json\/wp\/v2\/pages\/184"}],"wp:attachment":[{"href":"https:\/\/sp22.pl\/nowa\/index.php\/wp-json\/wp\/v2\/media?parent=4768"}],"curies":[{"name":"wp","href":"https:\/\/api.w.org\/{rel}","templated":true}]}}