{"id":4727,"date":"2024-01-15T10:08:35","date_gmt":"2024-01-15T09:08:35","guid":{"rendered":"http:\/\/sp22.pl\/nowa\/?page_id=4727"},"modified":"2026-02-19T09:03:31","modified_gmt":"2026-02-19T08:03:31","slug":"rada-rodzicow-fundacja","status":"publish","type":"page","link":"https:\/\/sp22.pl\/nowa\/index.php\/strefa-rodzica\/rada-rodzicow\/rada-rodzicow-fundacja\/","title":{"rendered":"Rada Rodzic\u00f3w &#8211; Fundacja"},"content":{"rendered":"<p><em><span style=\"color: #000000;\">Porozumienie Rady Rodzic\u00f3w a Fundacj\u0105 Studenck\u0105 M\u0142odzi M\u0142odym \u2013 kt\u00f3ra wspiera tych, kt\u00f3rzy pomagaj\u0105 innym<\/span><\/em><\/p>\n<p><span style=\"color: #000000;\">Fundacja Studencka M\u0142odzi M\u0142odym (FSMM) dzia\u0142a na rzecz r\u00f3\u017cnych grup spo\u0142ecznych, tworz\u0105c przestrze\u0144 do prowadzenia kampanii 1,5% podatku. Dzi\u0119ki temu rozwi\u0105zaniu mo\u017cliwe jest skuteczne pozyskiwanie \u015brodk\u00f3w na realizacj\u0119 inicjatyw skierowanych do os\u00f3b potrzebuj\u0105cych, organizacji pozarz\u0105dowych, instytucji edukacyjnych, klub\u00f3w sportowych czy schronisk dla zwierz\u0105t.<\/span><\/p>\n<p><span style=\"color: #000000;\">Z tej formy wsparcia mog\u0105 korzysta\u0107 r\u00f3wnie\u017c nieformalne fundacje charytatywne, grupy rodzic\u00f3w, opiekun\u00f3w oraz inne podmioty, kt\u00f3re nios\u0105 pomoc, ale nie posiadaj\u0105 statusu Organizacji Po\u017cytku Publicznego. FSMM umo\u017cliwia im legalne i przejrzyste gromadzenie funduszy na wa\u017cne cele spo\u0142eczne.<\/span><\/p>\n<p><em><span style=\"color: #000000;\">Wspierasz \u2013 realnie zmieniasz<\/span><\/em><\/p>\n<p><span style=\"color: #000000;\">Ka\u017cda przekazana z\u0142ot\u00f3wka w ramach kampanii 1,5% zostanie w pe\u0142ni przeznaczona na potrzeby uczni\u00f3w Szko\u0142y Podstawowej nr 22. Dzi\u0119ki zebranym \u015brodkom zakupimy niezb\u0119dne pomoce dydaktyczne, materia\u0142y edukacyjne oraz wyposa\u017cenie wspieraj\u0105ce rozw\u00f3j dzieci. B\u0119dziemy r\u00f3wnie\u017c aktywnie anga\u017cowa\u0107 si\u0119 w dzia\u0142ania szko\u0142y, wspieraj\u0105c inicjatywy, kt\u00f3re buduj\u0105 bezpieczne, inspiruj\u0105ce i przyjazne \u015brodowisko nauki.<\/span><\/p>\n<p><em><span style=\"color: #000000;\">Wsp\u00f3\u0142praca na rzecz uczni\u00f3w<\/span><\/em><\/p>\n<p><span style=\"color: #000000;\">W styczniu 2026 r. Rada Rodzic\u00f3w podpisa\u0142a porozumienie z Fundacj\u0105 Studenck\u0105 M\u0142odzi M\u0142odym, dzi\u0119ki czemu mo\u017cliwe sta\u0142o si\u0119 prowadzenie kampanii 1,5% podatku na rzecz SP 22 w spos\u00f3b w pe\u0142ni zgodny, przejrzysty i skuteczny. To partnerstwo otwiera nowe mo\u017cliwo\u015bci pozyskiwania \u015brodk\u00f3w, kt\u00f3re bezpo\u015brednio prze\u0142o\u017c\u0105 si\u0119 na rozw\u00f3j i potrzeby naszych uczni\u00f3w.<\/span><\/p>\n<p>&nbsp;<\/p>\n<p><img loading=\"lazy\" decoding=\"async\" class=\" wp-image-13482 aligncenter\" src=\"https:\/\/sp22.pl\/nowa\/wp-content\/uploads\/2026\/01\/RR_fundacja_wizytowka.jpeg\" alt=\"\" width=\"540\" height=\"640\" srcset=\"https:\/\/sp22.pl\/nowa\/wp-content\/uploads\/2026\/01\/RR_fundacja_wizytowka.jpeg 1137w, https:\/\/sp22.pl\/nowa\/wp-content\/uploads\/2026\/01\/RR_fundacja_wizytowka-253x300.jpeg 253w, https:\/\/sp22.pl\/nowa\/wp-content\/uploads\/2026\/01\/RR_fundacja_wizytowka-863x1024.jpeg 863w, https:\/\/sp22.pl\/nowa\/wp-content\/uploads\/2026\/01\/RR_fundacja_wizytowka-768x911.jpeg 768w\" sizes=\"auto, (max-width: 540px) 100vw, 540px\" \/><\/p>\n<p>&nbsp;<\/p>\n<p>&nbsp;<\/p>\n","protected":false},"excerpt":{"rendered":"<p>&#46;&#46;&#46;<\/p>\n","protected":false},"author":4,"featured_media":0,"parent":1716,"menu_order":0,"comment_status":"closed","ping_status":"closed","template":"","meta":{"ngg_post_thumbnail":0,"footnotes":""},"class_list":["post-4727","page","type-page","status-publish","hentry"],"_links":{"self":[{"href":"https:\/\/sp22.pl\/nowa\/index.php\/wp-json\/wp\/v2\/pages\/4727","targetHints":{"allow":["GET"]}}],"collection":[{"href":"https:\/\/sp22.pl\/nowa\/index.php\/wp-json\/wp\/v2\/pages"}],"about":[{"href":"https:\/\/sp22.pl\/nowa\/index.php\/wp-json\/wp\/v2\/types\/page"}],"author":[{"embeddable":true,"href":"https:\/\/sp22.pl\/nowa\/index.php\/wp-json\/wp\/v2\/users\/4"}],"replies":[{"embeddable":true,"href":"https:\/\/sp22.pl\/nowa\/index.php\/wp-json\/wp\/v2\/comments?post=4727"}],"version-history":[{"count":9,"href":"https:\/\/sp22.pl\/nowa\/index.php\/wp-json\/wp\/v2\/pages\/4727\/revisions"}],"predecessor-version":[{"id":13781,"href":"https:\/\/sp22.pl\/nowa\/index.php\/wp-json\/wp\/v2\/pages\/4727\/revisions\/13781"}],"up":[{"embeddable":true,"href":"https:\/\/sp22.pl\/nowa\/index.php\/wp-json\/wp\/v2\/pages\/1716"}],"wp:attachment":[{"href":"https:\/\/sp22.pl\/nowa\/index.php\/wp-json\/wp\/v2\/media?parent=4727"}],"curies":[{"name":"wp","href":"https:\/\/api.w.org\/{rel}","templated":true}]}}