{"id":3668,"date":"2023-10-15T07:21:08","date_gmt":"2023-10-15T05:21:08","guid":{"rendered":"http:\/\/sp22.pl\/nowa\/?page_id=3668"},"modified":"2023-10-26T13:57:04","modified_gmt":"2023-10-26T11:57:04","slug":"komputer-dla-czwartoklasisty","status":"publish","type":"page","link":"https:\/\/sp22.pl\/nowa\/index.php\/informator-szkoln\/komputer-dla-czwartoklasisty\/","title":{"rendered":"Komputer dla czwartoklasisty"},"content":{"rendered":"<p><img loading=\"lazy\" decoding=\"async\" class=\"alignleft wp-image-3671\" src=\"https:\/\/sp22.pl\/nowa\/wp-content\/uploads\/2023\/10\/komputer_dla_czwartoklasisty.jpg\" alt=\"Na biurku umieszczony jest notes i d\u0142ugopis oraz laptop.\" width=\"375\" height=\"250\" srcset=\"https:\/\/sp22.pl\/nowa\/wp-content\/uploads\/2023\/10\/komputer_dla_czwartoklasisty.jpg 1280w, https:\/\/sp22.pl\/nowa\/wp-content\/uploads\/2023\/10\/komputer_dla_czwartoklasisty-300x200.jpg 300w, https:\/\/sp22.pl\/nowa\/wp-content\/uploads\/2023\/10\/komputer_dla_czwartoklasisty-1024x682.jpg 1024w, https:\/\/sp22.pl\/nowa\/wp-content\/uploads\/2023\/10\/komputer_dla_czwartoklasisty-768x512.jpg 768w\" sizes=\"auto, (max-width: 375px) 100vw, 375px\" \/>&nbsp; &nbsp; &nbsp; &nbsp; &nbsp; &nbsp; &nbsp; &nbsp; &nbsp; &nbsp; &nbsp; &nbsp; &nbsp; &nbsp; &nbsp; &nbsp; &nbsp; &nbsp; &nbsp; &nbsp; &nbsp; &nbsp; &nbsp; &nbsp; &nbsp; &nbsp; &nbsp; &nbsp; &nbsp; &nbsp; &nbsp; &nbsp; &nbsp; &nbsp; &nbsp; &nbsp; &nbsp; &nbsp; &nbsp; &nbsp; &nbsp; &nbsp; &nbsp; &nbsp; &nbsp; &nbsp; &nbsp; &nbsp; &nbsp;<\/p>\n<p>&nbsp;<\/p>\n<p>&nbsp;<\/p>\n<p>&nbsp;<\/p>\n<p>&nbsp;<\/p>\n<p>&nbsp;<\/p>\n<p>&nbsp;<\/p>\n<ul>\n<li><a href=\"https:\/\/sp22.pl\/nowa\/wp-content\/uploads\/Pliki\/Do_pobrania_static\/Tworzenie%20strony%20www\/Dokumenty%20szkolne\/komputer_czwartoklasisty_specyfikacja_techniczna.pdf\">Specyfikacja techniczna&nbsp; &nbsp; \/PDF 784 KB\/<\/a><\/li>\n<li><a href=\"https:\/\/sp22.pl\/nowa\/wp-content\/uploads\/Pliki\/Do_pobrania_static\/Tworzenie%20strony%20www\/Dokumenty%20szkolne\/komputer_czwartoklasisty_karta_katalogowa.pdf\">Karta katalogowa&nbsp; &nbsp; &nbsp; &nbsp; &nbsp; &nbsp; \/PDF 268 KB\/<\/a><\/li>\n<li><a href=\"https:\/\/sp22.pl\/nowa\/wp-content\/uploads\/Pliki\/Do_pobrania_static\/Tworzenie%20strony%20www\/Dokumenty%20szkolne\/komputer_czwartoklasisty_karta_gwarancyjna.pdf\">Karta gwarancyjna&nbsp; &nbsp; &nbsp; &nbsp; &nbsp; \/PDF 148 KB\/<\/a>&nbsp;<\/li>\n<\/ul>\n<h5>&nbsp;<\/h5>\n<h5>1)&nbsp; Gwarancja na komputery wynosi 36 miesi\u0119cy, w celu reklamacji laptop&nbsp; nale\u017cy przynie\u015b\u0107 do sekretariatu szko\u0142y.&nbsp;<\/h5>\n<h5>2)<span style=\"color: #ff0000;\"><strong> Je\u017celi komputer jest uszkodzony z winy u\u017cytkownika nale\u017cy go naprawi\u0107 w autoryzowanym serwisie.<\/strong> <\/span><\/h5>\n<h5>Tylko taki spos\u00f3b post\u0119powania zapewni Pa\u0144stwu zachowanie ci\u0105g\u0142o\u015bci gwarancji.<\/h5>\n<h5><strong>Zg\u0142oszenia uszkodzenia nale\u017cy dokona\u0107 samodzielnie bezpo\u015brednio do firmy DELL pod numerem 22 507 17 00.<\/strong><\/h5>\n<h5>Prosz\u0119 przygotowa\u0107 model oraz numer seryjny widoczny na spodzie laptopa.<\/h5>\n<h5>Po kontakcie z firm\u0105 DELL zostanie Pa\u0144stwu przedstawiony kosztorys naprawy, dopiero po jego zaakceptowaniu naprawa zostanie wykonana<\/h5>\n<h5>&nbsp;<\/h5>\n<h5><span style=\"color: #ff0000;\">JE\u017bELI MAJ\u0104 PA\u0143STWO JAKIE\u015a W\u0104TPLIWO\u015aCI LUB PYTANIA DOTYCZ\u0104CE GWARANCJI, <\/span><\/h5>\n<h5><span style=\"color: #ff0000;\">ZAPRASZAMY BEZPO\u015aREDNIO DO SEKRETARIATU SZKO\u0141Y LUB PROSIMY O KONTAKT POD NUMEREM TELEFONU: (24) 364 40 27 .<\/span><\/h5>\n","protected":false},"excerpt":{"rendered":"<p>&#46;&#46;&#46;<\/p>\n","protected":false},"author":4,"featured_media":0,"parent":849,"menu_order":0,"comment_status":"closed","ping_status":"closed","template":"","meta":{"ngg_post_thumbnail":0,"footnotes":""},"class_list":["post-3668","page","type-page","status-publish","hentry"],"_links":{"self":[{"href":"https:\/\/sp22.pl\/nowa\/index.php\/wp-json\/wp\/v2\/pages\/3668","targetHints":{"allow":["GET"]}}],"collection":[{"href":"https:\/\/sp22.pl\/nowa\/index.php\/wp-json\/wp\/v2\/pages"}],"about":[{"href":"https:\/\/sp22.pl\/nowa\/index.php\/wp-json\/wp\/v2\/types\/page"}],"author":[{"embeddable":true,"href":"https:\/\/sp22.pl\/nowa\/index.php\/wp-json\/wp\/v2\/users\/4"}],"replies":[{"embeddable":true,"href":"https:\/\/sp22.pl\/nowa\/index.php\/wp-json\/wp\/v2\/comments?post=3668"}],"version-history":[{"count":14,"href":"https:\/\/sp22.pl\/nowa\/index.php\/wp-json\/wp\/v2\/pages\/3668\/revisions"}],"predecessor-version":[{"id":3847,"href":"https:\/\/sp22.pl\/nowa\/index.php\/wp-json\/wp\/v2\/pages\/3668\/revisions\/3847"}],"up":[{"embeddable":true,"href":"https:\/\/sp22.pl\/nowa\/index.php\/wp-json\/wp\/v2\/pages\/849"}],"wp:attachment":[{"href":"https:\/\/sp22.pl\/nowa\/index.php\/wp-json\/wp\/v2\/media?parent=3668"}],"curies":[{"name":"wp","href":"https:\/\/api.w.org\/{rel}","templated":true}]}}