{"id":3189,"date":"2023-05-25T15:25:20","date_gmt":"2023-05-25T13:25:20","guid":{"rendered":"http:\/\/sp22.pl\/nowa\/?page_id=3189"},"modified":"2024-10-28T08:24:27","modified_gmt":"2024-10-28T07:24:27","slug":"szkolne-przedsiewziecia-2022-23","status":"publish","type":"page","link":"https:\/\/sp22.pl\/nowa\/index.php\/z-zycia-szkol\/szkolne-przedsiewziecia\/szkolne-przedsiewziecia-2022-23\/","title":{"rendered":"SZKOLNE PRZEDSI\u0118WZI\u0118CIA 2022\/2023"},"content":{"rendered":"<p><span style=\"color: #000000;\"><a style=\"color: #000000;\" href=\"https:\/\/sp22.pl\/nowa\/index.php\/2022\/09\/12\/uroczystosc-rozpoczecia-roku-szkolnego-2022-23\/\">\u2666 Uroczysto\u015b\u0107 rozpocz\u0119cia roku szkolnego 2022\/23 &#8211; klasy pierwsze.&nbsp;<\/a><\/span><\/p>\n<p><span style=\"color: #000000;\">\u2666<a style=\"color: #000000;\" href=\"https:\/\/sp22.pl\/nowa\/index.php\/2022\/09\/27\/narodowe-czytanie\/\"> Narodowe Czytanie &#8211; &#8222;Ballady i Romanse&#8221; Adama Mickiewicza.&nbsp;<\/a><\/span><\/p>\n<p><span style=\"color: #000000;\">\u2666 <a style=\"color: #000000;\" href=\"https:\/\/sp22.pl\/nowa\/index.php\/2022\/09\/29\/miedzynarodowy-dzien-kropki\/\">Mi\u0119dzynarodowy Dzie\u0144 Kropki.<\/a><\/span><\/p>\n<p><span style=\"color: #000000;\"><a style=\"color: #000000;\" href=\"https:\/\/sp22.pl\/nowa\/index.php\/2022\/10\/03\/filmowa-akademia-nauczyciela\/\">\u2666 Filmowa Akademia Nauczyciela.<\/a><\/span><\/p>\n<p><span style=\"color: #000000;\">\u2666 <a style=\"color: #000000;\" href=\"https:\/\/sp22.pl\/nowa\/index.php\/2022\/10\/20\/doswiadczenia-z-elektrostatyki-w-klasach-8\/\">Do\u015bwiadczenia z elektrostatyki w klasach 8.<\/a><\/span><\/p>\n<p><span style=\"color: #000000;\">\u2666 <a style=\"color: #000000;\" href=\"https:\/\/sp22.pl\/nowa\/index.php\/2022\/10\/30\/ogolnopolski-dzien-czytania-dzieciom\/\">Og\u00f3lnopolski Dzie\u0144 Czytania Dzieciom.<\/a><\/span><\/p>\n<p><span style=\"color: #000000;\">\u2666 <a style=\"color: #000000;\" href=\"https:\/\/sp22.pl\/nowa\/index.php\/2022\/11\/02\/dzien-edukacji-narodowej\/\">Dzie\u0144 Edukacji Narodowej.<\/a><\/span><\/p>\n<p><span style=\"color: #000000;\">\u2666 <a style=\"color: #000000;\" href=\"https:\/\/sp22.pl\/nowa\/index.php\/2022\/11\/06\/ciemno-wszedzie-glucho-wszedzie-co-to-bedzie-co-to-bedzie\/\">Czytanie &#8222;Dziad\u00f3w&#8221; A. Mickiewicza.<\/a><\/span><\/p>\n<p><span style=\"color: #000000;\">\u2666 <a style=\"color: #000000;\" href=\"https:\/\/sp22.pl\/nowa\/index.php\/2022\/11\/22\/miedzynarodowy-miesiac-bibliotek-szkolnych\/\">Mi\u0119dzynarodowy Miesi\u0105c Bibliotek Szkolnych.&nbsp;<\/a><\/span><\/p>\n<p><span style=\"color: #000000;\">\u2666 <a style=\"color: #000000;\" href=\"https:\/\/sp22.pl\/nowa\/index.php\/2022\/11\/24\/przystanek-niepodleglosc\/\">Przystanek &#8222;Niepodleg\u0142o\u015b\u0107&#8221;.&nbsp;<\/a><\/span><\/p>\n<p><span style=\"color: #000000;\">\u2666 <a style=\"color: #000000;\" href=\"https:\/\/sp22.pl\/nowa\/index.php\/2022\/11\/28\/szkola-do-hymnu\/\">Szko\u0142a do Hymnu.<\/a><\/span><\/p>\n<p><span style=\"color: #000000;\">\u2666 <a style=\"color: #000000;\" href=\"https:\/\/sp22.pl\/nowa\/index.php\/2022\/12\/05\/wyjscie-uczniow-klas-osmych-na-wystawe-o-alpinistce-wandzie-rutkiewicz\/\">Wystawa o Wandzie Rutkiewicz.&nbsp;<\/a><\/span><\/p>\n<p><span style=\"color: #000000;\">\u2666 <a style=\"color: #000000;\" href=\"https:\/\/sp22.pl\/nowa\/index.php\/2022\/12\/05\/wizyta-w-muzeum-mazowieckim-okazja-do-poznawania-historii-miasta-oraz-kultury-i-sztuki-dalekiego-wschodu\/\">Zaj\u0119cia w Muzeum Mazowieckim.&nbsp;<\/a><\/span><\/p>\n<p><span style=\"color: #000000;\">\u2666 <a style=\"color: #000000;\" href=\"https:\/\/sp22.pl\/nowa\/index.php\/2022\/12\/05\/tytul-masterchefa-literackiej-kuchni-2022-dla-uczniow-naszej-szkoly\/\">Tytu\u0142 Masterchefa Literackiej Kuchni dla uczni\u00f3w naszej szko\u0142y.&nbsp;<\/a><\/span><\/p>\n<p><a href=\"https:\/\/sp22.pl\/nowa\/index.php\/2022\/12\/08\/szkola-pamieta\/\"><span style=\"color: #000000;\">\u2666 Szko\u0142a Pami\u0119ta&#8230;&nbsp;<\/span><\/a><\/p>\n<p><a href=\"https:\/\/sp22.pl\/nowa\/index.php\/2022\/12\/08\/szkolny-konkurs-recytatorski-dla-kogo-wiersze-wladyslaw-broniewski\/\"><span style=\"color: #000000;\">\u2666 Szkolny Konkurs Recytatorski ,,Dla kogo wiersze? &#8211; W\u0142adys\u0142aw Broniewski&#8221;.&nbsp;<\/span><\/a><\/p>\n<p><a href=\"https:\/\/sp22.pl\/nowa\/index.php\/2022\/12\/12\/kampania-edukacyjna-wodociagow-plockich\/\"><span style=\"color: #000000;\">\u2666 Kampania Edukacyjna Wodoci\u0105g\u00f3w P\u0142ockich ,,Toaleta to nie \u015bmietnik&#8221;.&nbsp;&nbsp;<\/span><\/a><\/p>\n<p><a href=\"https:\/\/sp22.pl\/nowa\/index.php\/2022\/12\/12\/edukreator-na-mazowszu-nagroda-dla-nauczyciela-naszej-szkoly-gratulujemy\/\"><span style=\"color: #000000;\">\u2666 Edukreator na Mazowszu &#8211; nagroda dla nauczyciela naszej szko\u0142y.&nbsp;<\/span><\/a><\/p>\n<p><a href=\"https:\/\/sp22.pl\/nowa\/index.php\/2022\/12\/17\/cos-2\/\"><span style=\"color: #000000;\">\u2666 Mi\u0119dzynarodowa wymiana kartek i list\u00f3w \u015bwi\u0105tecznych.&nbsp;<\/span><\/a><\/p>\n<p><a href=\"https:\/\/sp22.pl\/nowa\/index.php\/2022\/12\/29\/wigilia-w-1c\/\"><span style=\"color: #000000;\">\u2666 Bo\u017conarodzeniowe Kol\u0119dowanie w klasie 1c.&nbsp;&nbsp;<\/span><\/a><\/p>\n<p><a href=\"https:\/\/sp22.pl\/nowa\/index.php\/2022\/12\/29\/kartka-dla-seniona\/\"><span style=\"color: #000000;\">\u2666 Bo\u017conarodzeniowa kartka dla Seniora.<\/span><\/a> &nbsp;<\/p>\n<p><a href=\"https:\/\/sp22.pl\/nowa\/index.php\/2022\/12\/30\/szczesliwego-nowego-roku\/\"><span style=\"color: #000000;\">\u2666 Bo\u017conarodzeniowe Kol\u0119dowanie.&nbsp;&nbsp;&nbsp;<\/span><\/a><\/p>\n<p><a href=\"https:\/\/sp22.pl\/nowa\/index.php\/2023\/01\/04\/dzien-otwarty-szkoly\/\"><span style=\"color: #000000;\">\u2666 Orszak Trzech Kr\u00f3li.&nbsp;<\/span><\/a><\/p>\n<p><a href=\"https:\/\/sp22.pl\/nowa\/index.php\/2023\/01\/30\/ksiazki-w-jezyku-ukrainskim-w-naszej-bibliotece\/\"><span style=\"color: #000000;\">\u2666 Ksi\u0105\u017cki w j\u0119zyku ukrai\u0144skim w naszej bibliotece.<\/span><\/a>&nbsp;<\/p>\n<p><a href=\"https:\/\/sp22.pl\/nowa\/index.php\/2023\/01\/30\/podziekowania-dla-szkolnego-wolontariatu-uskrzydleni-od-otoz-animals\/\"><span style=\"color: #000000;\">\u2666 Podzi\u0119kowania dla szkolnego wolontariatu ,,Uskrzydleni&#8221; od OTOZ Animals.<\/span><\/a>&nbsp;<\/p>\n<p><a href=\"https:\/\/sp22.pl\/nowa\/index.php\/2023\/01\/30\/dzien-otwarty-szkoly-2\/\"><span style=\"color: #000000;\">\u2666 Dzie\u0144 Otwarty Szko\u0142y.&nbsp;<\/span><\/a><\/p>\n<p><a href=\"https:\/\/sp22.pl\/nowa\/index.php\/2023\/01\/30\/prywatne-cos-2\/\"><span style=\"color: #000000;\">\u2666 Dzie\u0144 Patrona Szko\u0142y.&nbsp;&nbsp;<\/span><\/a><\/p>\n<p><a href=\"https:\/\/sp22.pl\/nowa\/index.php\/2023\/02\/05\/cos-1-3\/\"><span style=\"color: #000000;\">\u2666 Koncert Charytatywny.&nbsp;<\/span><\/a><\/p>\n<p><a href=\"https:\/\/sp22.pl\/nowa\/index.php\/2023\/02\/05\/cos-2-2\/\"><span style=\"color: #000000;\">\u2666 Sukces ucznia w konkursie ,,S\u0142owa maj\u0105 moc&#8221;.&nbsp;<\/span><\/a><\/p>\n<p><a href=\"https:\/\/sp22.pl\/nowa\/index.php\/2023\/02\/05\/cos-3\/\"><span style=\"color: #000000;\">\u2666 Szkolny Konkurs ,,Mistrz Czytelnictwa&#8221;.<\/span><\/a><\/p>\n<p><a href=\"https:\/\/sp22.pl\/nowa\/index.php\/2023\/02\/05\/cos-4\/\"><span style=\"color: #000000;\">\u2666 Pasowanie Pierwszoklasist\u00f3w na Czytelnika.&nbsp;&nbsp;<\/span><\/a><\/p>\n<p><a href=\"https:\/\/sp22.pl\/nowa\/index.php\/2023\/02\/05\/cos-7\/\"><span style=\"color: #000000;\">\u2666 Bal karnawa\u0142owy klas 1-3.&nbsp;<\/span><\/a><\/p>\n<p><a href=\"https:\/\/sp22.pl\/nowa\/index.php\/2023\/04\/07\/wesolych-swiat-2\/\"><span style=\"color: #000000;\">\u2666 Dary ksi\u0105\u017ckowe od Fundacji Powszechnego Czytania.&nbsp;<\/span><\/a><\/p>\n<p><a href=\"https:\/\/sp22.pl\/nowa\/index.php\/2023\/04\/13\/sukces-w-ogolnopolskim-konkursie\/\"><span style=\"color: #000000;\">\u2666 Sukces w Og\u00f3lnopolskim Konkursie.<\/span><\/a><\/p>\n<p><a href=\"https:\/\/sp22.pl\/nowa\/index.php\/2023\/04\/13\/wiosenny-turniej-tworczosci\/\"><span style=\"color: #000000;\">\u2666 Wiosenny Turniej Tw\u00f3rczo\u015bci.&nbsp;<\/span><\/a><\/p>\n<p><a href=\"https:\/\/sp22.pl\/nowa\/index.php\/2023\/04\/13\/zdobylismy-tytul-biblioteka-przyjazna-uczniowi\/\"><span style=\"color: #000000;\">\u2666 Zdobyli\u015bmy tytu\u0142 ,,Biblioteka Przyjazna Uczniowi&#8221;.&nbsp;<\/span><\/a><\/p>\n<p><a href=\"https:\/\/sp22.pl\/nowa\/index.php\/2023\/04\/13\/xxi-powiatowy-konkurs-literacki-pisze-ksiazke\/\"><span style=\"color: #000000;\">\u2666 XXI Powiatowy Konkurs Literacki ,,Pisz\u0119 ksi\u0105\u017ck\u0119&#8221;.&nbsp;&nbsp;<\/span><\/a><\/p>\n<p><a href=\"https:\/\/sp22.pl\/nowa\/index.php\/2023\/05\/07\/warsztaty-wielkanocne-w-klubie-seniora\/\"><span style=\"color: #000000;\">\u2666 Warsztaty wielkanocne w Klubie Seniora.<\/span><\/a><\/p>\n<p><a href=\"https:\/\/sp22.pl\/nowa\/index.php\/2023\/05\/07\/herstoria-plocka-lekcja-o-znanych-plocczankach\/\"><span style=\"color: #000000;\">\u2666 Herstoria P\u0142ocka &#8211; lekcja o znanych p\u0142occzankach.&nbsp;<\/span><\/a><\/p>\n<p><a href=\"https:\/\/sp22.pl\/nowa\/index.php\/2023\/05\/10\/warsztaty-historyczne-w-muzeum-mazowieckim\/\"><span style=\"color: #000000;\">\u2666 Warsztaty historyczne w Muzeum Mazowieckim.&nbsp;<\/span><\/a><\/p>\n<p><a href=\"https:\/\/sp22.pl\/nowa\/index.php\/2023\/05\/10\/konkurs-recytatorski-biblioteki-dla-dzieci-chotomek\/\"><span style=\"color: #000000;\">\u2666 Konkurs recytatorski Biblioteki dla Dzieci ,,Chotomek&#8221;.&nbsp;&nbsp;<\/span><\/a><\/p>\n<p><a href=\"https:\/\/sp22.pl\/nowa\/index.php\/2023\/05\/10\/akcja-zonkile-w-naszej-szkole\/\"><span style=\"color: #000000;\">\u2666 Akcja ,,\u017bonkile&#8221; w naszej szkole.&nbsp;<\/span><\/a><\/p>\n<p><a href=\"https:\/\/sp22.pl\/nowa\/index.php\/2023\/05\/14\/niech-pokolenia-pokoleniom-podaja-pamiatke-dnia-tego\/\"><span style=\"color: #000000;\">\u2666 ,,Niech pokolenia pokoleniom podaj\u0105 pami\u0105tk\u0119 dnia tego&#8221;.&nbsp;<\/span><\/a><\/p>\n<p><a href=\"https:\/\/sp22.pl\/nowa\/index.php\/2023\/05\/23\/sukces-uczennicy-w-konkursie\/\"><span style=\"color: #000000;\">\u2666 Sukces uczennicy w konkursie.&nbsp;<\/span><\/a><\/p>\n<p><a href=\"https:\/\/sp22.pl\/nowa\/index.php\/2023\/05\/23\/tydzien-z-kopernikiem-w-szkolnej-bibliotece\/\"><span style=\"color: #000000;\">\u2666 ,,Tydzie\u0144 z Kopernikiem&#8221; w szkolnej bibliotece.&nbsp;<\/span><\/a><\/p>\n<p><a href=\"https:\/\/sp22.pl\/nowa\/index.php\/2023\/06\/16\/pola-nadziei-2023\/\"><span style=\"color: #000000;\">\u2666 Pola Nadziei 2023.<\/span><\/a><\/p>\n<p><a href=\"https:\/\/sp22.pl\/nowa\/index.php\/2023\/06\/16\/cala-polska-czyta-dzieciom\/\"><span style=\"color: #000000;\">\u2666 Ca\u0142a Polska Czyta Dzieciom.<\/span><\/a><\/p>\n<p><a href=\"https:\/\/sp22.pl\/nowa\/index.php\/2023\/06\/25\/sukces-w-regionalnym-konkursie-edukacyjnym-zakopernikuj-sie\/\"><span style=\"color: #000000;\">\u2666 ,,Zakopernikuj si\u0119&#8221; &#8211; Sukces w Regionalnym Konkursie Edukacyjnym.&nbsp;<\/span><\/a><\/p>\n<p><a href=\"https:\/\/sp22.pl\/nowa\/index.php\/2023\/06\/25\/plock-na-szostke\/\"><span style=\"color: #000000;\">\u2666 P\u0142ock na sz\u00f3stk\u0119.<\/span><\/a><\/p>\n<p><a href=\"https:\/\/sp22.pl\/nowa\/index.php\/2023\/06\/25\/czytanie-na-polanie-xxii-ogolnopolski-tydzien-czytania-dzieciom\/\"><span style=\"color: #000000;\">\u2666 Czytanie na Polanie &#8211; XXII Og\u00f3lnopolski Tydzie\u0144 Czytania Dzieciom.<\/span><\/a><\/p>\n<p><a href=\"https:\/\/sp22.pl\/nowa\/index.php\/2023\/06\/25\/spotkanie-autorskie-z-barbara-kosmowska\/\"><span style=\"color: #000000;\">\u2666 Spotkanie autorskie z Barbar\u0105 Kosmowsk\u0105.&nbsp;<\/span><\/a><\/p>\n<p><a href=\"https:\/\/sp22.pl\/nowa\/index.php\/2023\/06\/25\/festyn-rodzinny-zyj-eko-zdrowo-i-kolorowo\/\"><span style=\"color: #000000;\">\u2666 Festyn Rodzinny ,,\u017byj Eko &#8211; Zdrowo i Kolorowo&#8221;.&nbsp;<\/span><\/a><\/p>\n<p><a href=\"https:\/\/sp22.pl\/nowa\/index.php\/2023\/06\/27\/zakonczenie-roku-szkolnego\/\"><span style=\"color: #000000;\">\u2666 VI edycja Konkursu Ortograficznego ,,O pi\u00f3ro Dyrektora Szko\u0142y&#8221;.&nbsp;<\/span><\/a><\/p>\n<p><a href=\"https:\/\/sp22.pl\/nowa\/index.php\/2023\/07\/04\/miedzyszkolny-konkurs-multimedialny-2\/\"><span style=\"color: #000000;\">\u2666 Mi\u0119dzyszkolny Konkurs Multimedialny.&nbsp;<\/span><\/a><\/p>\n<p><a href=\"https:\/\/sp22.pl\/nowa\/index.php\/2023\/07\/04\/bal-8-klas\/\"><span style=\"color: #000000;\">\u2666 Bal \u00d3smoklasisty.&nbsp;<\/span><\/a><\/p>\n<p><a href=\"https:\/\/sp22.pl\/nowa\/index.php\/2023\/07\/04\/zakonczenie-3-klas\/\"><span style=\"color: #000000;\">\u2666 Uroczysto\u015b\u0107 zako\u0144czenia roku szkolnego 2022\/23 klas trzecich.&nbsp;<\/span><\/a><\/p>\n<p><a href=\"https:\/\/sp22.pl\/nowa\/index.php\/2023\/07\/04\/zakonczenie-8-klas\/\"><span style=\"color: #000000;\">\u2666 Uroczysto\u015b\u0107 zako\u0144czenie roku szkolnego 2022\/23 klas \u00f3smych.&nbsp;<\/span><\/a><\/p>\n<p>&nbsp;<\/p>\n<p>&nbsp;<\/p>\n<p>&nbsp;<\/p>\n<p>&nbsp;<\/p>\n<p>&nbsp;<\/p>\n","protected":false},"excerpt":{"rendered":"<p>&#46;&#46;&#46;<\/p>\n","protected":false},"author":4,"featured_media":0,"parent":184,"menu_order":0,"comment_status":"closed","ping_status":"closed","template":"","meta":{"ngg_post_thumbnail":0,"footnotes":""},"class_list":["post-3189","page","type-page","status-publish","hentry"],"_links":{"self":[{"href":"https:\/\/sp22.pl\/nowa\/index.php\/wp-json\/wp\/v2\/pages\/3189","targetHints":{"allow":["GET"]}}],"collection":[{"href":"https:\/\/sp22.pl\/nowa\/index.php\/wp-json\/wp\/v2\/pages"}],"about":[{"href":"https:\/\/sp22.pl\/nowa\/index.php\/wp-json\/wp\/v2\/types\/page"}],"author":[{"embeddable":true,"href":"https:\/\/sp22.pl\/nowa\/index.php\/wp-json\/wp\/v2\/users\/4"}],"replies":[{"embeddable":true,"href":"https:\/\/sp22.pl\/nowa\/index.php\/wp-json\/wp\/v2\/comments?post=3189"}],"version-history":[{"count":16,"href":"https:\/\/sp22.pl\/nowa\/index.php\/wp-json\/wp\/v2\/pages\/3189\/revisions"}],"predecessor-version":[{"id":7143,"href":"https:\/\/sp22.pl\/nowa\/index.php\/wp-json\/wp\/v2\/pages\/3189\/revisions\/7143"}],"up":[{"embeddable":true,"href":"https:\/\/sp22.pl\/nowa\/index.php\/wp-json\/wp\/v2\/pages\/184"}],"wp:attachment":[{"href":"https:\/\/sp22.pl\/nowa\/index.php\/wp-json\/wp\/v2\/media?parent=3189"}],"curies":[{"name":"wp","href":"https:\/\/api.w.org\/{rel}","templated":true}]}}