{"id":1977,"date":"2022-11-16T08:58:13","date_gmt":"2022-11-16T07:58:13","guid":{"rendered":"http:\/\/sp22.pl\/nowa\/?page_id=1977"},"modified":"2022-11-16T08:59:19","modified_gmt":"2022-11-16T07:59:19","slug":"publikacje","status":"publish","type":"page","link":"https:\/\/sp22.pl\/nowa\/index.php\/z-zycia-szkol\/publikacje\/","title":{"rendered":"Publikacje"},"content":{"rendered":"<p><img loading=\"lazy\" decoding=\"async\" class=\"aligncenter size-full wp-image-1972\" src=\"https:\/\/sp22.pl\/nowa\/wp-content\/uploads\/2022\/11\/publikacje_nauczycieli_1_2022_23.png\" alt=\"\" width=\"793\" height=\"363\" srcset=\"https:\/\/sp22.pl\/nowa\/wp-content\/uploads\/2022\/11\/publikacje_nauczycieli_1_2022_23.png 793w, https:\/\/sp22.pl\/nowa\/wp-content\/uploads\/2022\/11\/publikacje_nauczycieli_1_2022_23-300x137.png 300w, https:\/\/sp22.pl\/nowa\/wp-content\/uploads\/2022\/11\/publikacje_nauczycieli_1_2022_23-768x352.png 768w\" sizes=\"auto, (max-width: 793px) 100vw, 793px\" \/><\/p>\n<p><span style=\"font-size: 10.0pt; font-family: 'Trebuchet MS',sans-serif; color: black;\">Agnieszka Bytner &#8211; wychowawca \u015bwietlicy szkolnej zaprasza w podr\u00f3\u017c mi\u0119dzyplanetarn\u0105, <\/span><\/p>\n<p><span style=\"font-size: 10.0pt; font-family: 'Trebuchet MS',sans-serif; color: black;\">czyli do lektury artyku\u0142u &#8222;W drodze do samokszta\u0142cenia&#8230;&#8221; w Mazowieckim Kwartalniku Edukacyjnym &#8222;Meritum&#8221;.<\/span><\/p>\n<p><a href=\"https:\/\/online.flippingbook.com\/view\/769419422\/102\/\"><img loading=\"lazy\" decoding=\"async\" class=\"aligncenter size-full wp-image-1973\" src=\"https:\/\/sp22.pl\/nowa\/wp-content\/uploads\/2022\/11\/publikacje_nauczycieli_1a_2022_23.png\" alt=\"\" width=\"448\" height=\"307\" srcset=\"https:\/\/sp22.pl\/nowa\/wp-content\/uploads\/2022\/11\/publikacje_nauczycieli_1a_2022_23.png 448w, https:\/\/sp22.pl\/nowa\/wp-content\/uploads\/2022\/11\/publikacje_nauczycieli_1a_2022_23-300x206.png 300w\" sizes=\"auto, (max-width: 448px) 100vw, 448px\" \/><\/a><\/p>\n","protected":false},"excerpt":{"rendered":"<p>&#46;&#46;&#46;<\/p>\n","protected":false},"author":1,"featured_media":0,"parent":858,"menu_order":0,"comment_status":"closed","ping_status":"closed","template":"","meta":{"ngg_post_thumbnail":0,"footnotes":""},"class_list":["post-1977","page","type-page","status-publish","hentry"],"_links":{"self":[{"href":"https:\/\/sp22.pl\/nowa\/index.php\/wp-json\/wp\/v2\/pages\/1977","targetHints":{"allow":["GET"]}}],"collection":[{"href":"https:\/\/sp22.pl\/nowa\/index.php\/wp-json\/wp\/v2\/pages"}],"about":[{"href":"https:\/\/sp22.pl\/nowa\/index.php\/wp-json\/wp\/v2\/types\/page"}],"author":[{"embeddable":true,"href":"https:\/\/sp22.pl\/nowa\/index.php\/wp-json\/wp\/v2\/users\/1"}],"replies":[{"embeddable":true,"href":"https:\/\/sp22.pl\/nowa\/index.php\/wp-json\/wp\/v2\/comments?post=1977"}],"version-history":[{"count":2,"href":"https:\/\/sp22.pl\/nowa\/index.php\/wp-json\/wp\/v2\/pages\/1977\/revisions"}],"predecessor-version":[{"id":1979,"href":"https:\/\/sp22.pl\/nowa\/index.php\/wp-json\/wp\/v2\/pages\/1977\/revisions\/1979"}],"up":[{"embeddable":true,"href":"https:\/\/sp22.pl\/nowa\/index.php\/wp-json\/wp\/v2\/pages\/858"}],"wp:attachment":[{"href":"https:\/\/sp22.pl\/nowa\/index.php\/wp-json\/wp\/v2\/media?parent=1977"}],"curies":[{"name":"wp","href":"https:\/\/api.w.org\/{rel}","templated":true}]}}