{"id":1716,"date":"2022-09-22T05:23:27","date_gmt":"2022-09-22T03:23:27","guid":{"rendered":"http:\/\/sp22.pl\/nowa\/?page_id=1716"},"modified":"2025-10-21T08:27:14","modified_gmt":"2025-10-21T06:27:14","slug":"rada-rodzicow","status":"publish","type":"page","link":"https:\/\/sp22.pl\/nowa\/index.php\/strefa-rodzica\/rada-rodzicow\/","title":{"rendered":"Rada Rodzic\u00f3w"},"content":{"rendered":"<p><a href=\"https:\/\/www.facebook.com\/profile.php?id=61568976714339\"><img loading=\"lazy\" decoding=\"async\" class=\"wp-image-7982 aligncenter\" src=\"https:\/\/sp22.pl\/nowa\/wp-content\/uploads\/2024\/12\/fb_rady_rodzicow.png\" alt=\"\" width=\"470\" height=\"216\" srcset=\"https:\/\/sp22.pl\/nowa\/wp-content\/uploads\/2024\/12\/fb_rady_rodzicow.png 980w, https:\/\/sp22.pl\/nowa\/wp-content\/uploads\/2024\/12\/fb_rady_rodzicow-300x138.png 300w, https:\/\/sp22.pl\/nowa\/wp-content\/uploads\/2024\/12\/fb_rady_rodzicow-768x353.png 768w\" sizes=\"auto, (max-width: 470px) 100vw, 470px\" \/><\/a>&nbsp;<\/p>\n<p><span style=\"color: #000000;\"><strong>Prezydium Rady Rodzic\u00f3w<\/strong><\/span><\/p>\n<p><span style=\"color: #000000;\"><strong>Szko\u0142y Podstawowej z Oddzia\u0142ami Integracyjnym nr 22<\/strong><\/span><\/p>\n<p><span style=\"color: #000000;\"><strong>im. Janusza Korczaka w&nbsp;P\u0142ocku<\/strong><\/span><\/p>\n<p>&nbsp;<\/p>\n<p><span style=\"color: #000000;\"><strong>PRZEWODNICZ\u0104CY<\/strong><\/span><\/p>\n<p><span style=\"color: #000000;\">Przemys\u0142aw Zieli\u0144ski<\/span><\/p>\n<p><span style=\"color: #000000;\"><strong>WICEPRZEWODNICZ\u0104CY<\/strong><\/span><\/p>\n<p><span style=\"color: #000000;\">Aleksandra Krakowska<\/span><\/p>\n<p><span style=\"color: #000000;\"><strong>SEKRETARZ\/SKARBNIK<\/strong><\/span><\/p>\n<p><span style=\"color: #000000;\">Aneta Wr\u00f3blewska<\/span><\/p>\n<p><span style=\"color: #000000;\"><strong>CZ\u0141ONKOWIE RADY RODZIC\u00d3W<\/strong><\/span><\/p>\n<p><span style=\"color: #000000;\">Renata G\u0142owacka<\/span><\/p>\n<p><span style=\"color: #000000;\">\u0141ukasz K\u0142opotowski<\/span><\/p>\n<p><span style=\"color: #000000;\">Anna Marcinkowska&nbsp;<\/span><\/p>\n<p><span style=\"color: #000000;\">Aleksandra Szwech<\/span><\/p>\n<p><span style=\"color: #000000;\"><strong>KOMISJA REWIZYJNA RADY RODZIC\u00d3W<\/strong><\/span><\/p>\n<p><span style=\"color: #000000;\">Paulina Gawi\u0144ska<\/span><\/p>\n<p><span style=\"color: #000000;\">Karolina Koper<\/span><\/p>\n<p><span style=\"color: #000000;\">Marlena Olszewska<\/span><\/p>\n<p><span style=\"color: #000080;\"><strong>E-mail kontaktowy: rada.rodzicow.sp22.plock@gmail.com<\/strong><\/span><\/p>\n<p><span style=\"color: #000000;\"><strong>Numer rachunku bankowego Rady Rodzic\u00f3w Szko\u0142y Podstawowej z Oddzia\u0142ami Integracyjnym nr 22 im. Janusza Korczaka w P\u0142ocku<\/strong><\/span><\/p>\n<p><span style=\"color: #000000;\">BNP Paribas Bank Polska S.A. Oddzia\u0142 w P\u0142ocku<\/span><br \/>\n<span style=\"color: #000000;\">Nr konta bankowego:&nbsp;<strong>67 2030 0045 1110 0000 0015 9240<\/strong><\/span><\/p>\n<p><span style=\"color: #000000;\">Na rachunek bankowy Rady Rodzic\u00f3w mo\u017cna dokonywa\u0107 indywidualnych i&nbsp;zbiorowych wp\u0142at.<\/span><\/p>\n<p><span style=\"color: #000000;\">W&nbsp;tytule przelewu prosz\u0119 poda\u0107:<\/span><\/p>\n<ul>\n<li><span style=\"color: #000000;\">imi\u0119 i&nbsp;nazwisko dziecka,<\/span><\/li>\n<li><span style=\"color: #000000;\">klas\u0119,<\/span><\/li>\n<li><span style=\"color: #000000;\">czego dotyczy wp\u0142ata (sk\u0142adka na Rad\u0119 Rodzic\u00f3w, indywidualne darowizny itp.).<\/span><\/li>\n<\/ul>\n<p><span style=\"color: #000000;\"><strong>Szanowni Pa\u0144stwo<\/strong><\/span><\/p>\n<p><span style=\"color: #000000;\">Dzi\u0119ki Pa\u0144stwa sumiennym wp\u0142atom mo\u017cemy zrobi\u0107 znacznie wi\u0119cej dla naszych dzieci oraz szko\u0142y. Mamy wiele pomys\u0142\u00f3w i ch\u0119ci, ale bez wsparcia finansowego, niestety niewiele mo\u017cemy.&nbsp; W tym roku szkolnym chcemy aktywnie w\u0142\u0105czy\u0107 si\u0119 w \u017cycie szko\u0142y, zatem licz\u0119 na pe\u0142ne Pa\u0144stwa zrozumienie.<\/span><\/p>\n<p><span style=\"color: #000000;\">Informujemy, i\u017c wysoko\u015b\u0107 sk\u0142adek na Rad\u0119 Rodzic\u00f3w &nbsp;wynosi 60 z\u0142 na pierwsze dziecko ucz\u0105ce si\u0119 w szkole. Je\u015bli do szko\u0142y ucz\u0119szcza rodze\u0144stwo, aby zachowa\u0107 frekwencj\u0119 wp\u0142at w klasie ubiegaj\u0105cej si\u0119 o zwrot, nale\u017cy dokona\u0107 wp\u0142at 30 z\u0142 na ka\u017cde kolejne dziecko.<\/span><\/p>\n<p><span style=\"color: #000000;\">Otrzymane \u015brodki finansowe, zgodnie z Regulaminem Rady Rodzic\u00f3w, przeznaczone s\u0105 na pomoc materialn\u0105 (po\u015bredni\u0105 i&nbsp;bezpo\u015bredni\u0105) uczniom tj.: nagradzanie uczni\u00f3w za osi\u0105gni\u0119cia w&nbsp;konkursach przedmiotowych, turniejach, olimpiadach i&nbsp;zawodach sportowych, za wsp\u00f3\u0142zawodnictwo indywidualne i&nbsp;klasowe, za wysokie wyniki w&nbsp;nauce i&nbsp;zachowaniu, wspieranie dzia\u0142a\u0144 pozalekcyjnych organizowanych w&nbsp;szkole i&nbsp;przez szko\u0142\u0119, zakup pomocy dydaktycznych oraz finansowanie innych wydatk\u00f3w wspieraj\u0105cych dzia\u0142ania szko\u0142y.<\/span><\/p>\n<p><span style=\"color: #000000;\">Z powa\u017caniem<\/span><\/p>\n<p><span style=\"color: #000000;\">Przemys\u0142aw Zieli\u0144ski<\/span><\/p>\n<p><span style=\"color: #000000;\">Przewodnicz\u0105cy Szkolnej Rady Rodzic\u00f3w<\/span><\/p>\n<p>&nbsp;<\/p>\n<p><span style=\"color: #000000;\"><strong>DOKUMENTACJA<\/strong><\/span><\/p>\n<ul>\n<li><a href=\"https:\/\/sp22.pl\/nowa\/wp-content\/uploads\/Pliki\/Do_pobrania_static\/Tworzenie%20strony%20www\/Dokumenty%20szkolne\/dokumenty_2024_25\/Regulamin_Rady_Rodzic%C3%B3w_2024_2025.pdf\"><span style=\"color: #000000;\">Regulamin Rady Rodzic\u00f3w Szko\u0142y Podstawowej z Oddzia\u0142ami Integracyjnymi nr 22 &nbsp;im. Janusza Korczaka w P\u0142ocku&nbsp; \/PDF 445 KB\/<\/span><\/a><\/li>\n<\/ul>\n","protected":false},"excerpt":{"rendered":"<p>&#46;&#46;&#46;<\/p>\n","protected":false},"author":1,"featured_media":0,"parent":898,"menu_order":0,"comment_status":"closed","ping_status":"closed","template":"","meta":{"ngg_post_thumbnail":0,"footnotes":""},"class_list":["post-1716","page","type-page","status-publish","hentry"],"_links":{"self":[{"href":"https:\/\/sp22.pl\/nowa\/index.php\/wp-json\/wp\/v2\/pages\/1716","targetHints":{"allow":["GET"]}}],"collection":[{"href":"https:\/\/sp22.pl\/nowa\/index.php\/wp-json\/wp\/v2\/pages"}],"about":[{"href":"https:\/\/sp22.pl\/nowa\/index.php\/wp-json\/wp\/v2\/types\/page"}],"author":[{"embeddable":true,"href":"https:\/\/sp22.pl\/nowa\/index.php\/wp-json\/wp\/v2\/users\/1"}],"replies":[{"embeddable":true,"href":"https:\/\/sp22.pl\/nowa\/index.php\/wp-json\/wp\/v2\/comments?post=1716"}],"version-history":[{"count":20,"href":"https:\/\/sp22.pl\/nowa\/index.php\/wp-json\/wp\/v2\/pages\/1716\/revisions"}],"predecessor-version":[{"id":11966,"href":"https:\/\/sp22.pl\/nowa\/index.php\/wp-json\/wp\/v2\/pages\/1716\/revisions\/11966"}],"up":[{"embeddable":true,"href":"https:\/\/sp22.pl\/nowa\/index.php\/wp-json\/wp\/v2\/pages\/898"}],"wp:attachment":[{"href":"https:\/\/sp22.pl\/nowa\/index.php\/wp-json\/wp\/v2\/media?parent=1716"}],"curies":[{"name":"wp","href":"https:\/\/api.w.org\/{rel}","templated":true}]}}