{"id":1486,"date":"2022-08-11T09:38:02","date_gmt":"2022-08-11T07:38:02","guid":{"rendered":"http:\/\/pavelpa2.vot.pl\/?page_id=1486"},"modified":"2022-08-11T10:12:17","modified_gmt":"2022-08-11T08:12:17","slug":"pomoce-dydaktyczne-dla-szkoly","status":"publish","type":"page","link":"https:\/\/sp22.pl\/nowa\/index.php\/pomoce-dydaktyczne-dla-szkoly\/","title":{"rendered":"Pomoce dydaktyczne dla szko\u0142y"},"content":{"rendered":"<p style=\"text-align: center;\"><strong>PRACOWNIE J\u0118ZYKOWE W P\u0141OCKICH SZKO\u0141ACH<img loading=\"lazy\" decoding=\"async\" class=\"aligncenter size-full wp-image-1478\" src=\"https:\/\/sp22.pl\/nowa\/wp-content\/uploads\/2022\/08\/logo_orlen_plock.png\" alt=\"\" width=\"302\" height=\"155\" srcset=\"https:\/\/sp22.pl\/nowa\/wp-content\/uploads\/2022\/08\/logo_orlen_plock.png 302w, https:\/\/sp22.pl\/nowa\/wp-content\/uploads\/2022\/08\/logo_orlen_plock-300x154.png 300w\" sizes=\"auto, (max-width: 302px) 100vw, 302px\" \/><\/strong><\/p>\n<p>Program &#8222;Pracownie j\u0119zykowe w p\u0142ockich szko\u0142ach&#8221; to przedsi\u0119wzi\u0119cie wsp\u00f3\u0142finansowane przez miasto P\u0142ock i Fundacj\u0119 ORLEN. W ramach projektu 20 szk\u00f3\u0142 podstawowych i ponadpodstawowych zosta\u0142o doposa\u017cone nowoczesnym sprz\u0119tem, kt\u00f3ry znacz\u0105co u\u0142atwia nauk\u0119 j\u0119zyk\u00f3w obcych. Koszt programu to 490 tysi\u0119cy z\u0142otych, z czego 400 tys. zosta\u0142o dofinansowane ze \u015brodk\u00f3w Fundacji ORLEN, a 90 tys. pochodzi\u0142o z bud\u017cetu miasta P\u0142ocka. Tym razem, po pracowniach fizycznych chemicznych, biologicznych oraz zawodowych, 20 p\u0142ockich szk\u00f3\u0142 wzbogaci\u0142o si\u0119 o nowoczesne, multimedialne pracownie j\u0119zykowe.<\/p>\n<p><a href=\"https:\/\/sp22.pl\/nowa\/wp-content\/uploads\/Pliki\/Do_pobrania_static\/Tworzenie%20strony%20www\/Dokumenty%20szkolne\/orlen_pomoce_2020_21.docx\">Wi\u0119cej informacji o zakupie pomocy<\/a> (DOCX 41.KB)<\/p>\n<p>&nbsp;<\/p>\n<p style=\"text-align: center;\"><strong>DOFINANSOWANIE ZAKUPU POMOCY DYDAKTYCZNYCH DO FIZYKI, CHEMII I BIOLOGII ZE \u015aRODK\u00d3W PKN ORLEN<\/strong><\/p>\n<p>&nbsp;<\/p>\n<p><img loading=\"lazy\" decoding=\"async\" class=\"aligncenter size-full wp-image-1487\" src=\"https:\/\/sp22.pl\/nowa\/wp-content\/uploads\/2022\/08\/logo_orlen_plock_1.png\" alt=\"\" width=\"302\" height=\"155\" srcset=\"https:\/\/sp22.pl\/nowa\/wp-content\/uploads\/2022\/08\/logo_orlen_plock_1.png 302w, https:\/\/sp22.pl\/nowa\/wp-content\/uploads\/2022\/08\/logo_orlen_plock_1-300x154.png 300w\" sizes=\"auto, (max-width: 302px) 100vw, 302px\" \/><\/p>\n<p>10 p\u0142ockich szk\u00f3\u0142 podstawowych otrzyma\u0142o dofinansowanie ze \u015brodk\u00f3w PKN ORLEN na zakup pomocy dydaktycznych do fizyki, chemii i biologii. To efekt umowy podpisanej przez Miasto P\u0142ock z PKN ORLEN, kt\u00f3ry jest inicjatorem i g\u0142\u00f3wnym sponsorem programu edukacyjnego wyposa\u017cenia sal dydaktycznych. Ju\u017c w listopadzie pracownie fizyczne, chemiczne i biologiczne Szk\u00f3\u0142 Podstawowych nr 2, 3, 5, 11, 12, 14, 17, 18, 21 i 22 wzbogaci\u0142y si\u0119 o nowe, zakupione zgodne z ich indywidualnymi potrzebami, wyposa\u017cenie. Do plac\u00f3wek trafi\u0142y m.in. monitory interaktywne, wizualizery, tablety ze specjalistycznymi czujnikami i oprogramowaniem, dygestoria, sto\u0142y demonstracyjne, tor z poduszk\u0105 powietrzn\u0105, zestawy do do\u015bwiadcze\u0144 z optyki, zestawy odczynnik\u00f3w chemicznych, sprz\u0119t laboratoryjny, modele anatomiczne, mikroskopy, czy urz\u0105dzenia pomiarowe. Ca\u0142kowite dofinansowanie przekazane przez Sponsora to prawie 240 tys. z\u0142.<\/p>\n<p><a href=\"https:\/\/sp22.pl\/nowa\/wp-content\/uploads\/Pliki\/Do_pobrania_static\/Tworzenie%20strony%20www\/Dokumenty%20szkolne\/orlen_pomoce_2019_20.pdf\" target=\"_blank\" rel=\"noopener\">Wi\u0119cej informacji o zakupie pomocy <\/a>(PDF 305.KB)<\/p>\n<p>&nbsp;<\/p>\n","protected":false},"excerpt":{"rendered":"<p>&#46;&#46;&#46;<\/p>\n","protected":false},"author":1,"featured_media":0,"parent":0,"menu_order":0,"comment_status":"closed","ping_status":"closed","template":"","meta":{"ngg_post_thumbnail":0,"footnotes":""},"class_list":["post-1486","page","type-page","status-publish","hentry"],"_links":{"self":[{"href":"https:\/\/sp22.pl\/nowa\/index.php\/wp-json\/wp\/v2\/pages\/1486","targetHints":{"allow":["GET"]}}],"collection":[{"href":"https:\/\/sp22.pl\/nowa\/index.php\/wp-json\/wp\/v2\/pages"}],"about":[{"href":"https:\/\/sp22.pl\/nowa\/index.php\/wp-json\/wp\/v2\/types\/page"}],"author":[{"embeddable":true,"href":"https:\/\/sp22.pl\/nowa\/index.php\/wp-json\/wp\/v2\/users\/1"}],"replies":[{"embeddable":true,"href":"https:\/\/sp22.pl\/nowa\/index.php\/wp-json\/wp\/v2\/comments?post=1486"}],"version-history":[{"count":7,"href":"https:\/\/sp22.pl\/nowa\/index.php\/wp-json\/wp\/v2\/pages\/1486\/revisions"}],"predecessor-version":[{"id":1495,"href":"https:\/\/sp22.pl\/nowa\/index.php\/wp-json\/wp\/v2\/pages\/1486\/revisions\/1495"}],"wp:attachment":[{"href":"https:\/\/sp22.pl\/nowa\/index.php\/wp-json\/wp\/v2\/media?parent=1486"}],"curies":[{"name":"wp","href":"https:\/\/api.w.org\/{rel}","templated":true}]}}