{"id":12602,"date":"2025-11-25T01:50:37","date_gmt":"2025-11-25T00:50:37","guid":{"rendered":"https:\/\/sp22.pl\/nowa\/?page_id=12602"},"modified":"2025-11-25T02:37:58","modified_gmt":"2025-11-25T01:37:58","slug":"samorzad-szkolny-rok-szkolny-2024-2025","status":"publish","type":"page","link":"https:\/\/sp22.pl\/nowa\/index.php\/strefa-ucznia\/samorzad-uczniowski\/samorzad-szkolny-rok-szkolny-2024-2025\/","title":{"rendered":"SAMORZ\u0104D UCZNIOWSKI &#8211; ROK SZKOLNY 2024\/2025"},"content":{"rendered":"<p><span style=\"color: #165fcc;\"><strong>DZIA\u0141ALNO\u015a\u0106 SAMORZ\u0104DU UCZNIOWSKIEGO W ROKU SZKOLNYM 2024\/2025<\/strong><\/span><\/p>\n<hr>\n<p>&nbsp;<strong><span style=\"color: #000000;\">Rada Samorz\u0105du Uczniowskiego w roku szkolnym 2024\/2025<\/span><\/strong><\/p>\n<p><span style=\"color: #000000;\">&#8211; Przewodnicz\u0105ca: Nadia Zimny &#8211; kl. 7g&nbsp;<\/span><\/p>\n<p><span style=\"color: #000000;\">&#8211; Z-ca Przewodnicz\u0105cej: Igor J\u0119drzejewski &#8211; kl. 8d&nbsp;<\/span><\/p>\n<p><span style=\"color: #000000;\">&#8211; Sekretarz: Julia Szczepa\u0144ska &#8211; kl. 8b oraz Marika Szyma\u0144ska &#8211; kl. 7a&nbsp;<\/span><\/p>\n<p><span style=\"color: #000000;\">Opiekunowie Samorz\u0105du Uczniowskiego: Celina Krysi\u0144ska, Halina Mielcarek i Aneta Szatkowska&nbsp;<\/span><\/p>\n<p><a href=\"https:\/\/sp22.pl\/nowa\/wp-content\/uploads\/Pliki\/Do_pobrania_static\/Tworzenie%20strony%20www\/Strefa%20ucznia%20-%20Samorz%C4%85d\/plan_pracy_samorz%C4%85du_uczniowskiego_2024_2025.docx\"><span style=\"color: #000000;\">\u2666 Plan Pracy Samorz\u0105du Uczniowskiego &#8211; rok szkolny 2024\/2025 \/docx 4.95 MB\/<\/span><\/a><\/p>\nngg_shortcode_0_placeholder\n<p><strong><span style=\"color: #000000;\">SZKOLNY KONKURS &#8222;PRZYJAZNA KLASA&#8221;&nbsp;<\/span><\/strong><\/p>\n<p><span style=\"color: #000000;\"><strong>\u21d2<\/strong> <a style=\"color: #000000;\" href=\"https:\/\/sp22.pl\/nowa\/wp-content\/uploads\/Pliki\/Do_pobrania_static\/Tworzenie%20strony%20www\/Strefa%20ucznia%20-%20Samorz%C4%85d\/przyjazna_klasa_regulamin_2024_2025.docx\">Regulamin konkursu \/docx 4.98 MB\/<\/a><\/span><\/p>\n<p><span style=\"color: #000000;\"><strong>\u21d2<\/strong> Harmonogram konkursu<\/span><\/p>\n<p><span style=\"color: #000000;\"> \u2022 <a style=\"color: #000000;\" href=\"https:\/\/sp22.pl\/nowa\/wp-content\/uploads\/Pliki\/Do_pobrania_static\/Tworzenie%20strony%20www\/Strefa%20ucznia%20-%20Samorz%C4%85d\/przyjazna_klasa_pa%C5%BAdziernik_a_harmonogram_2024_2025.docx\">pa\u017adziernik \/docx 4.94 MB\/<\/a><\/span><\/p>\n<p><span style=\"color: #000000;\">\u2022 <a style=\"color: #000000;\" href=\"https:\/\/sp22.pl\/nowa\/wp-content\/uploads\/Pliki\/Do_pobrania_static\/Tworzenie%20strony%20www\/Strefa%20ucznia%20-%20Samorz%C4%85d\/przyjazna_klasa_listopad_harmonogram_2024_2025.docx\">listopad \/docx 4.94 MB\/<\/a><\/span><\/p>\n<p><span style=\"color: #000000;\">\u2022&nbsp;<a style=\"color: #000000;\" href=\"https:\/\/sp22.pl\/nowa\/wp-content\/uploads\/Pliki\/Do_pobrania_static\/Tworzenie%20strony%20www\/Strefa%20ucznia%20-%20Samorz%C4%85d\/przyjazna_klasa_grudzie%C5%84_harmonogram.docx\">grudzie\u0144 \/docx 2.3 MB\/<\/a><\/span><\/p>\n<p><span style=\"color: #000000;\">\u2022 <a style=\"color: #000000;\" href=\"https:\/\/sp22.pl\/nowa\/wp-content\/uploads\/Pliki\/Do_pobrania_static\/Tworzenie%20strony%20www\/Strefa%20ucznia%20-%20Samorz%C4%85d\/przyjazna_klasa_stycze%C5%84_harmonogram_2024_2025.docx\">stycze\u0144 \/docx 5.02 MB\/<\/a><\/span><\/p>\n<p><span style=\"color: #000000;\">\u2022 <a style=\"color: #000000;\" href=\"https:\/\/sp22.pl\/nowa\/wp-content\/uploads\/Pliki\/Do_pobrania_static\/Tworzenie%20strony%20www\/Strefa%20ucznia%20-%20Samorz%C4%85d\/przyjazna_klasa_luty_harmonogram_2024_2025.doc\">luty \/docx 51 KB\/<\/a><\/span><\/p>\n<p><span style=\"color: #000000;\">\u2022 <a style=\"color: #000000;\" href=\"https:\/\/sp22.pl\/nowa\/wp-content\/uploads\/2025\/06\/przyjazna_klasa_marzec_harmonogram_2024_2025.doc\">marzec \/docx 15 KB\/<\/a><\/span><\/p>\n<p><span style=\"color: #000000;\">\u2022 <a style=\"color: #000000;\" href=\"https:\/\/sp22.pl\/nowa\/wp-content\/uploads\/2025\/06\/przyjazna_klasa_kwiecien_harmonogram_2024_2025.doc\">kwiecie\u0144 \/docx 15 KB\/<\/a><\/span><\/p>\n<p><span style=\"color: #000000;\">\u2022 <a href=\"https:\/\/sp22.pl\/nowa\/wp-content\/uploads\/Pliki\/Do_pobrania_static\/Tworzenie%20strony%20www\/Strefa%20ucznia%20-%20Samorz%C4%85d\/przyjazna_klasa_harmonogram_2024_2025.doc\">maj \/doc 42 KB\/<\/a><\/span><\/p>\n<p><strong><span style=\"color: #000000;\">Aktywno\u015bci w poszczeg\u00f3lnych miesi\u0105cach<\/span><\/strong><\/p>\n<p><span style=\"color: #000000;\"><strong>\u2022 Pa\u017adziernik<\/strong><\/span><\/p>\n<p><span style=\"color: #000000;\"> &#8211; <a style=\"color: #000000;\" href=\"https:\/\/sp22.pl\/nowa\/index.php\/2024\/12\/11\/przyjazna-klasa\/\">fotorelacja<\/a><\/span><\/p>\n<p><span style=\"color: #000000;\">&#8211; <a style=\"color: #000000;\" href=\"https:\/\/sp22.pl\/nowa\/wp-content\/uploads\/Pliki\/Do_pobrania_static\/Tworzenie%20strony%20www\/Strefa%20ucznia%20-%20Samorz%C4%85d\/przyjazna_klasa_punktacja_pa%C5%BAdziernik_2024_2025.docx\">punktacja \/docx 4.99 KB\/<\/a><\/span><\/p>\n<p><span style=\"color: #000000;\"><strong>\u2022 Listopad<\/strong><\/span><\/p>\n<p><span style=\"color: #000000;\">&#8211; <a style=\"color: #000000;\" href=\"https:\/\/sp22.pl\/nowa\/index.php\/2024\/12\/03\/przyjazna-klasa-listopad\/\">fotorelacja<\/a><\/span><\/p>\n<p><span style=\"color: #000000;\">&#8211; <a style=\"color: #000000;\" href=\"https:\/\/sp22.pl\/nowa\/wp-content\/uploads\/Pliki\/Do_pobrania_static\/Tworzenie%20strony%20www\/Strefa%20ucznia%20-%20Samorz%C4%85d\/przyjazna_klasa_punktacja_listopad_2024_2025.xlsx\">punktacja \/xlsx 16 KB\/<\/a><\/span><\/p>\n<p><span style=\"color: #000000;\"><strong>\u2022 Grudzie\u0144<\/strong><\/span><\/p>\n<p><span style=\"color: #000000;\">&#8211; <a style=\"color: #000000;\" href=\"https:\/\/sp22.pl\/nowa\/index.php\/2025\/01\/23\/przyjazna-klasa-grudzien\/\">fotorelacja<\/a><\/span><\/p>\n<p><span style=\"color: #000000;\">&#8211; <a style=\"color: #000000;\" href=\"https:\/\/sp22.pl\/nowa\/wp-content\/uploads\/Pliki\/Do_pobrania_static\/Tworzenie%20strony%20www\/Strefa%20ucznia%20-%20Samorz%C4%85d\/przyjazna_klasa_punktacja_grudzie%C5%84_2024_2025.xlsx\">punktacja \/xls 13 KB\/<\/a><\/span><\/p>\n<p><span style=\"color: #000000;\"><strong>\u2022 Stycze\u0144<\/strong><\/span><\/p>\n<p><span style=\"color: #000000;\">&#8211; <a style=\"color: #000000;\" href=\"https:\/\/sp22.pl\/nowa\/index.php\/2025\/02\/09\/przyjazna-klasa-grudzien-2\/\">fotorelacja<\/a><\/span><\/p>\n<p>&#8211; <span style=\"color: #000000;\"><a style=\"color: #000000;\" href=\"https:\/\/sp22.pl\/nowa\/wp-content\/uploads\/Pliki\/Do_pobrania_static\/Tworzenie%20strony%20www\/Strefa%20ucznia%20-%20Samorz%C4%85d\/przyjazna_klasa_punktacja_stycze%C5%84_2024_2025.xlsx\">punktacja \/xls 14 KB\/<\/a><\/span><\/p>\n<p><strong><span style=\"color: #000000;\">\u2665 Podsumowanie I etapu konkursu &#8222;Przyjazna Klasa&#8221;<\/span><\/strong><\/p>\n<p><span style=\"color: #000000;\">&#8211; <a style=\"color: #000000;\" href=\"https:\/\/sp22.pl\/nowa\/index.php\/2025\/02\/20\/podsumowanie-i-etapu-konkursu-przyjazna-klasa\/\">fotorelacja<\/a><\/span><\/p>\n<p><span style=\"color: #000000;\">&#8211; <a style=\"color: #000000;\" href=\"https:\/\/sp22.pl\/nowa\/index.php\/2025\/06\/11\/wygrana-klasy-5-c-w-i-etapie-konkursu-przyjazna-klasa\/\">Wygrana klasy 5c \u2013 w I etapie konkursu ,,Przyjazna klasa\u201d<\/a><\/span><\/p>\n<p><span style=\"color: #000000;\"><strong>\u2022 Luty<\/strong><\/span><\/p>\n<p>&#8211;&nbsp;<a href=\"https:\/\/sp22.pl\/nowa\/index.php\/2025\/03\/17\/przyjazna-klasa-luty\/\"><span style=\"color: #000000;\">fotorelacja<\/span><\/a><\/p>\n<p><span style=\"color: #000000;\">&#8211; <a style=\"color: #000000;\" href=\"https:\/\/sp22.pl\/nowa\/wp-content\/uploads\/Pliki\/Do_pobrania_static\/Tworzenie%20strony%20www\/Strefa%20ucznia%20-%20Samorz%C4%85d\/przyjazna_klasa_punktacja_luty_2024_2025.xlsx\">punktacja \/xlsx 13 KB\/<\/a><\/span><\/p>\n<p><span style=\"color: #000000;\"><strong>\u2022 Marzec<\/strong><\/span><\/p>\n<p>&#8211;&nbsp;<a href=\"https:\/\/sp22.pl\/nowa\/index.php\/2025\/04\/10\/przyjazna-klasa-marzec\/\"><span style=\"color: #000000;\">fotorelacja<\/span><\/a><\/p>\n<p>&#8211;&nbsp;<a href=\"https:\/\/sp22.pl\/nowa\/wp-content\/uploads\/Pliki\/Do_pobrania_static\/Tworzenie%20strony%20www\/Strefa%20ucznia%20-%20Samorz%C4%85d\/przyjazna_klasa_punktacja_marzec_kwiecie%C5%84_2024_2025.xlsx\"><span style=\"color: #000000;\">punktacja \/xlsx 12 KB\/<\/span><\/a><\/p>\n<p><span style=\"color: #000000;\"><strong>\u2022 Kwiecie\u0144<\/strong><\/span><\/p>\n<p>&#8211;&nbsp;<a style=\"color: #000000;\" href=\"https:\/\/sp22.pl\/nowa\/index.php\/2025\/06\/04\/przyjazna-klasa-kwiecien\/\">fotorelacja<\/a><\/p>\n<p>&#8211;&nbsp;<a style=\"color: #000000;\" href=\"https:\/\/sp22.pl\/nowa\/wp-content\/uploads\/Pliki\/Do_pobrania_static\/Tworzenie%20strony%20www\/Strefa%20ucznia%20-%20Samorz%C4%85d\/przyjazna_klasa_punktacja_marzec_kwiecie%C5%84_2024_2025.xlsx\">punktacja \/xlsx 12 KB\/<\/a><\/p>\n<p><span style=\"color: #000000;\"><strong>\u2022 Maj<\/strong><\/span><\/p>\n<p><span style=\"color: #000000;\">&#8211; <a href=\"https:\/\/sp22.pl\/nowa\/index.php\/2025\/06\/05\/przyjazna-klasa-maj\/\">fotorelacja<\/a><\/span><\/p>\n<p><strong><span style=\"color: #000000;\">PRZEDSI\u0118WZI\u0118CIA SAMORZ\u0104DU UCZNIOWSKIEGO &#8211; rok szkolny 2024\/2025<\/span><\/strong><\/p>\n<p><a href=\"https:\/\/sp22.pl\/nowa\/index.php\/2024\/09\/22\/apel-sukcesow\/\"><span style=\"color: #000000;\">\u2666 Apel Sukces\u00f3w<\/span><\/a><\/p>\n<p><a href=\"https:\/\/sp22.pl\/nowa\/index.php\/2024\/10\/11\/dzien-chlopaka\/\"><span style=\"color: #000000;\">\u2666 Dzie\u0144 Ch\u0142opaka<\/span><\/a><\/p>\n<p><a href=\"https:\/\/sp22.pl\/nowa\/index.php\/2024\/10\/27\/kwiaty-dla-wszystkich-pracownikow-szkoly\/\"><span style=\"color: #000000;\">\u2666 Dzie\u0144 Edukacji Narodowej<\/span><\/a><\/p>\n<p><a href=\"https:\/\/sp22.pl\/nowa\/index.php\/2024\/10\/27\/wybory-do-samorzadu-uczniowskiego\/\"><span style=\"color: #000000;\">\u2666 Wybory do Rady Samorz\u0105du Uczniowskiego<\/span><\/a><\/p>\n<p><a href=\"https:\/\/sp22.pl\/nowa\/index.php\/2024\/11\/17\/dzien-postaci-z-bajek\/\"><span style=\"color: #000000;\">\u2666 Dzie\u0144 Postaci z Bajek<\/span><\/a><\/p>\n<p><a href=\"https:\/\/sp22.pl\/nowa\/index.php\/2024\/11\/18\/7510\/\"><span style=\"color: #000000;\">\u2666 Kotyliony dla go\u015bci Koncertu Patriotycznego<\/span><\/a><\/p>\n<p><a href=\"https:\/\/sp22.pl\/nowa\/index.php\/2024\/11\/23\/dzien-zyczliwosci\/\"><span style=\"color: #000000;\">\u2666 Dzie\u0144 \u017byczliwo\u015bci<\/span><\/a><\/p>\n<p><a href=\"https:\/\/sp22.pl\/nowa\/index.php\/2024\/12\/01\/zabawa-andrzejkowa\/\"><span style=\"color: #000000;\">\u2666 Zabawa andrzejkowa<\/span><\/a><\/p>\n<p><a href=\"https:\/\/sp22.pl\/nowa\/index.php\/2024\/12\/02\/dzien-pluszowego-misia-w-naszej-szkole\/\"><span style=\"color: #000000;\">\u2666 Dzie\u0144 Pluszowego Misia<\/span><\/a><\/p>\n<p><a href=\"https:\/\/sp22.pl\/nowa\/index.php\/2025\/02\/05\/8903\/\"><span style=\"color: #000000;\">\u2666 Najpi\u0119kniejsza \u015bwi\u0105teczna dekoracja sali &#8211; konkurs dla klas I &#8211; III&nbsp;<\/span><\/a><\/p>\n<p><a href=\"https:\/\/sp22.pl\/nowa\/index.php\/2025\/02\/18\/szkolne-obchody-walentynek-z-samorzadem-uczniowskim\/\"><span style=\"color: #000000;\">\u2666 Szkolne obchody Walentynek z Samorz\u0105dem Uczniowskim&nbsp;<\/span><\/a><\/p>\n<p><a href=\"https:\/\/sp22.pl\/nowa\/index.php\/2025\/03\/14\/szkolne-obchody-dnia-kobiet\/\"><span style=\"color: #000000;\">\u2666 Szkolne Obchody Dnia Kobiet<\/span><\/a><\/p>\n<p><a href=\"https:\/\/sp22.pl\/nowa\/index.php\/2025\/06\/02\/podsumowanie-konkursu-na-najladniejsza-wiosenna-dekoracje-sali-klasy-1-3\/\"><span style=\"color: #000000;\">\u2666 Podsumowanie konkursu na naj\u0142adniejsz\u0105 wiosenn\u0105 dekoracj\u0119 sali lekcyjnej (klasy 1-3)<\/span><\/a><\/p>\n<p><a href=\"https:\/\/sp22.pl\/nowa\/index.php\/2025\/06\/24\/kolo-samorzadu-uczniowskiego-podsumowanie-dzialalnosci-2024-2025\/\"><span style=\"color: #000000;\">\u2666 Podsumowanie dzia\u0142alno\u015bci 2024\/2025<\/span><\/a><\/p>\n<p>&nbsp;<\/p>\n<p>&nbsp;<\/p>\n<p>&nbsp;<\/p>\n","protected":false},"excerpt":{"rendered":"<p>&#46;&#46;&#46;<\/p>\n","protected":false},"author":4,"featured_media":0,"parent":7126,"menu_order":0,"comment_status":"closed","ping_status":"closed","template":"","meta":{"ngg_post_thumbnail":0,"footnotes":""},"class_list":["post-12602","page","type-page","status-publish","hentry"],"_links":{"self":[{"href":"https:\/\/sp22.pl\/nowa\/index.php\/wp-json\/wp\/v2\/pages\/12602","targetHints":{"allow":["GET"]}}],"collection":[{"href":"https:\/\/sp22.pl\/nowa\/index.php\/wp-json\/wp\/v2\/pages"}],"about":[{"href":"https:\/\/sp22.pl\/nowa\/index.php\/wp-json\/wp\/v2\/types\/page"}],"author":[{"embeddable":true,"href":"https:\/\/sp22.pl\/nowa\/index.php\/wp-json\/wp\/v2\/users\/4"}],"replies":[{"embeddable":true,"href":"https:\/\/sp22.pl\/nowa\/index.php\/wp-json\/wp\/v2\/comments?post=12602"}],"version-history":[{"count":4,"href":"https:\/\/sp22.pl\/nowa\/index.php\/wp-json\/wp\/v2\/pages\/12602\/revisions"}],"predecessor-version":[{"id":12609,"href":"https:\/\/sp22.pl\/nowa\/index.php\/wp-json\/wp\/v2\/pages\/12602\/revisions\/12609"}],"up":[{"embeddable":true,"href":"https:\/\/sp22.pl\/nowa\/index.php\/wp-json\/wp\/v2\/pages\/7126"}],"wp:attachment":[{"href":"https:\/\/sp22.pl\/nowa\/index.php\/wp-json\/wp\/v2\/media?parent=12602"}],"curies":[{"name":"wp","href":"https:\/\/api.w.org\/{rel}","templated":true}]}}