{"id":12406,"date":"2025-11-13T21:06:19","date_gmt":"2025-11-13T20:06:19","guid":{"rendered":"https:\/\/sp22.pl\/nowa\/?page_id=12406"},"modified":"2026-03-16T06:24:54","modified_gmt":"2026-03-16T05:24:54","slug":"szkolne-przedsiewziecia-2025-2026","status":"publish","type":"page","link":"https:\/\/sp22.pl\/nowa\/index.php\/z-zycia-szkol\/szkolne-przedsiewziecia\/szkolne-przedsiewziecia-2025-2026\/","title":{"rendered":"Szkolne przedsi\u0119wzi\u0119cia 2025\/2026"},"content":{"rendered":"<p><span style=\"color: #000000;\"><a style=\"color: #000000;\" href=\"https:\/\/sp22.pl\/nowa\/index.php\/2025\/09\/03\/uroczystosc-rozpoczecia-roku-szkolnego-2025-2026\/\">\u2666 Uroczysto\u015b\u0107 rozpocz\u0119cia roku szkolnego 2025\/2026<\/a><\/span><\/p>\n<p><span style=\"color: #000000;\"><a style=\"color: #000000;\" href=\"https:\/\/sp22.pl\/nowa\/index.php\/2025\/09\/05\/uczniowie-mowia-tak-dla-kiss-and-ride\/\">\u2666 Uczniowie m\u00f3wi\u0105 TAK! dla &#8222;Kiss and Ride&#8221;<\/a><\/span><\/p>\n<p><span style=\"color: #000000;\"><a style=\"color: #000000;\" href=\"https:\/\/sp22.pl\/nowa\/index.php\/2025\/09\/10\/swiatowy-dzien-zapobiegania-samobojstwom\/\">\u2666 \u015awiatowy Dzie\u0144 Zapobiegania Samob\u00f3jstwom<\/a><\/span><\/p>\n<p><span style=\"color: #000000;\"><a style=\"color: #000000;\" href=\"https:\/\/sp22.pl\/nowa\/index.php\/2025\/09\/11\/narodowe-czytanie-w-ksiaznicy-plockiej\/\">\u2666 Narodowe Czytanie w Ksi\u0105\u017cnicy P\u0142ockiej<\/a><\/span><\/p>\n<p><span style=\"color: #000000;\"><a style=\"color: #000000;\" href=\"https:\/\/sp22.pl\/nowa\/index.php\/2025\/09\/14\/jak-sie-nie-zaplatac-w-sieci-zajecia-dla-uczniow-klas-iv\/\">\u2666 &#8222;Jak si\u0119 nie zapl\u0105ta\u0107 w sieci? &#8211; zaj\u0119cia dla uczni\u00f3w klasy IV<\/a><\/span><\/p>\n<p><span style=\"color: #000000;\"><a style=\"color: #000000;\" href=\"https:\/\/sp22.pl\/nowa\/index.php\/2025\/09\/15\/ogolnopolski-projekt-edukacyjnego-poznaje-technologiczne-triki-osiagam-swietne-wyniki\/\">\u2666 Og\u00f3lnopolski Projekt Edukacyjny &#8222;Poznaj\u0119 technologiczne triki, osi\u0105gam \u015bwietne wyniki&#8221;&nbsp;<\/a><\/span><\/p>\n<p><span style=\"color: #000000;\"><a style=\"color: #000000;\" href=\"https:\/\/sp22.pl\/nowa\/index.php\/2025\/09\/29\/swiatowy-dzien-pierwszej-pomocy\/\">\u2666 \u015awiatowy Dzie\u0144 Pierwszej Pomocy<\/a><\/span><\/p>\n<p><span style=\"color: #000000;\"><a style=\"color: #000000;\" href=\"https:\/\/sp22.pl\/nowa\/index.php\/2025\/09\/29\/festyn-rodzinny-dzien-pelen-radosci-i-niezapomnianych-wrazen\/\">\u2666 Festyn Rodzinny &#8211; dzie\u0144 pe\u0142en rado\u015bci i niezapomnianych wra\u017ce\u0144!<\/a><\/span><\/p>\n<p><span style=\"color: #000000;\"><a style=\"color: #000000;\" href=\"https:\/\/sp22.pl\/nowa\/index.php\/2025\/09\/30\/powiatowe-sztafetowe-biegi-przelajowe-sukcesy-reprezentacji-sp-nr-22-w-plocku\/\">\u2666 Powiatowe Sztafetowe Biegi Prze\u0142ajowe &#8211; Sukcesy Reprezentacji SP22 w P\u0142ocku!<\/a><\/span><\/p>\n<p><span style=\"color: #000000;\"><a style=\"color: #000000;\" href=\"https:\/\/sp22.pl\/nowa\/index.php\/2025\/10\/04\/piana-party-eksplozja-radosci-i-dobrej-zabawy\/\">\u2666 Piana Party &#8211; eksplozja rado\u015bci i dobrej zabawy!<\/a><\/span><\/p>\n<p><span style=\"color: #000000;\"><a style=\"color: #000000;\" href=\"https:\/\/sp22.pl\/nowa\/index.php\/2025\/10\/06\/dzien-chlopaka-w-naszej-szkole\/\">\u2666 Dzie\u0144 Ch\u0142opaka w naszej szkole<\/a><\/span><\/p>\n<p><a href=\"https:\/\/sp22.pl\/nowa\/index.php\/2025\/10\/07\/rajd-pieczonego-ziemniaka\/\"><span style=\"color: #000000;\">\u2666 Rajd Pieczonego Ziemniaka<\/span><\/a><\/p>\n<p><a href=\"https:\/\/sp22.pl\/nowa\/index.php\/2025\/10\/08\/konkurs-plastyczno-jezykowy-zamien-slowo-w-obraz\/\"><span style=\"color: #000000;\">\u2666 Konkurs plastyczno-j\u0119zykowy &#8211; &#8222;Zamie\u0144 s\u0142owo w obraz&#8221;<\/span><\/a><\/p>\n<p><a href=\"https:\/\/sp22.pl\/nowa\/index.php\/2025\/10\/08\/artystyczna-przygoda-klasy-2a-z-ceramika\/\"><span style=\"color: #000000;\">\u2666 Artystyczna przygoda klasy 2a z ceramik\u0105<\/span><\/a><\/p>\n<p><a href=\"https:\/\/sp22.pl\/nowa\/index.php\/2025\/10\/08\/beztroskie-zwierzatka-w-klasach-2\/\"><span style=\"color: #000000;\">\u2666 Beztroskie zwierz\u0105tka w klasach 2<\/span><\/a><\/p>\n<p><a href=\"https:\/\/sp22.pl\/nowa\/index.php\/2025\/10\/08\/spotkanie-z-policjantem\/\"><span style=\"color: #000000;\">\u2666 Bezpieczna droga do szko\u0142y<\/span><\/a><\/p>\n<p><a href=\"https:\/\/sp22.pl\/nowa\/index.php\/2025\/10\/09\/podsumowanie-ii-etapu-konkursu-przyjazna-klasa\/\"><span style=\"color: #000000;\">\u2666 Podsumowanie II etapu konkursu &#8222;Przyjazna klasa&#8221;<\/span><\/a><\/p>\n<p><span style=\"color: #000000;\"><a style=\"color: #000000;\" href=\"https:\/\/sp22.pl\/nowa\/index.php\/2025\/10\/10\/12154\/\">\u2666 Apel Sukcesu &#8211; uhonorowanie stypendyst\u00f3w Prezydenta Miasta P\u0142ocka<\/a><\/span><\/p>\n<p><a href=\"https:\/\/sp22.pl\/nowa\/index.php\/2025\/10\/13\/dzien-zdrowia-psychicznego-w-naszej-szkole\/\"><span style=\"color: #000000;\">\u2666 Dzie\u0144 Zdrowia Psychicznego w naszej szkole!<\/span><\/a><\/p>\n<p><a href=\"https:\/\/sp22.pl\/nowa\/index.php\/2025\/10\/14\/kuchnie-swiata-miesiac-wloski\/\"><span style=\"color: #000000;\">\u2666 Kuchnia \u015bwiata &#8211; miesi\u0105c w\u0142oski<\/span><\/a><\/p>\n<p><a href=\"https:\/\/sp22.pl\/nowa\/index.php\/2025\/10\/20\/dzien-edukacji-narodowej-4\/\"><span style=\"color: #000000;\">\u2666 Dzie\u0144 Edukacji Narodowej<\/span><\/a><\/p>\n<p><span style=\"color: #000000;\"><a style=\"color: #000000;\" href=\"https:\/\/sp22.pl\/nowa\/index.php\/2025\/10\/20\/wybory-do-rady-samorzadu-uczniowskiego-2025-2026\/\">\u2666 Wybory do Rady Samorz\u0105du Uczniowskiego 2025\/2026<\/a><\/span><\/p>\n<p><span style=\"color: #000000;\"><a style=\"color: #000000;\" href=\"https:\/\/sp22.pl\/nowa\/index.php\/2025\/10\/20\/wybory-do-rady-samorzadu-uczniowskiego-2025-2026\/\">\u2666 Wielki sukces nasze uczennicy!<\/a><\/span><\/p>\n<p><span style=\"color: #000000;\"><a style=\"color: #000000;\" href=\"https:\/\/sp22.pl\/nowa\/index.php\/2025\/10\/21\/rada-su-w-ratuszu\/\">\u2666 Spotkanie Samorz\u0105d\u00f3w Uczniowskich w Urz\u0119dzie Miasta P\u0142ocka<\/a><\/span><\/p>\n<p><span style=\"color: #000000;\"><a style=\"color: #000000;\" href=\"https:\/\/sp22.pl\/nowa\/index.php\/2025\/10\/22\/lego-w-bibliotece-tu-kwitnie-wyobraznia-2\/\">\u2666 LEGO w bibliotece &#8211; tu kwitnie wyobra\u017ania<\/a><\/span><\/p>\n<p><span style=\"color: #000000;\"><a style=\"color: #000000;\" href=\"https:\/\/sp22.pl\/nowa\/index.php\/2025\/10\/23\/ii-konferenecja-powiatowa-dla-nauczycieli-cudowne-i-niepojete-edukacja-dzieci-i-mlodziezy-w-spektrum-autyzmu\/\">\u2666 II Konferencja Powiatowa dla Nauczycieli &#8222;Cudowne i Niepoj\u0119te &#8211; edukacja dzieci i m\u0142odzie\u017cy w spektrum autyzmu&#8221;<\/a><\/span><\/p>\n<p><span style=\"color: #000000;\"><a style=\"color: #000000;\" href=\"https:\/\/sp22.pl\/nowa\/index.php\/2025\/10\/27\/spotkanie-nowo-wybranej-rady-samorzadu-uczniowskiego-z-dyrekcja-szkoly\/\">\u2666 Spotkanie nowo wybranej Rady Samorz\u0105du Uczniowskiego z Dyrekcj\u0105 Szko\u0142y<\/a><\/span><\/p>\n<p><span style=\"color: #000000;\"><a style=\"color: #000000;\" href=\"https:\/\/sp22.pl\/nowa\/index.php\/2025\/11\/03\/kosmiczni-odkrywcy-w-szkolnej-bibliotece\/\">\u2666 Kosmiczni Odkrywcy w szkolnej bibliotece<\/a><\/span><\/p>\n<p><span style=\"color: #000000;\"><a style=\"color: #000000;\" href=\"https:\/\/sp22.pl\/nowa\/index.php\/2025\/11\/03\/12231\/\">\u2666 Konkurs InstaLogik VII edycja \u2013 klasyfikacja I etapu<\/a><\/span><\/p>\n<p><span style=\"color: #000000;\"><a style=\"color: #000000;\" href=\"https:\/\/sp22.pl\/nowa\/index.php\/2025\/11\/04\/adwokaci-rozjasniaja-prawo\/\">\u2666 Adwokaci rozja\u015bniaj\u0105 prawo<\/a><\/span><\/p>\n<p><span style=\"color: #000000;\"><a style=\"color: #000000;\" href=\"https:\/\/sp22.pl\/nowa\/index.php\/2025\/11\/06\/zajecia-wf-u-w-styli-ninja\/\">\u2666 Zaj\u0119cia WF-u w stylu Ninja<\/a><\/span><\/p>\n<p><span style=\"color: #000000;\"><a style=\"color: #000000;\" href=\"https:\/\/sp22.pl\/nowa\/index.php\/2025\/11\/06\/bialo-czerwone-kotyliony-od-samorzadu-uczniowskiego\/\">\u2666 Bia\u0142o-czerwone kotyliony od Samorz\u0105du Uczniowskiego<\/a><\/span><\/p>\n<p><span style=\"color: #000000;\"><a style=\"color: #000000;\" href=\"https:\/\/sp22.pl\/nowa\/index.php\/2025\/11\/07\/bajkowy-dzien-w-naszej-szkole\/\">\u2666 Bajkowy dzie\u0144 w naszej szkole<\/a><\/span><\/p>\n<p><span style=\"color: #000000;\"><a style=\"color: #000000;\" href=\"https:\/\/sp22.pl\/nowa\/index.php\/2025\/11\/07\/swiatowy-dzien-profilaktyki-moja-droga-do-zdrowia\/\">\u2666 \u015awiatowy Dzie\u0144 Profilaktyki \u201eMoja droga do zdrowia\u201d<\/a><\/span><\/p>\n<p><span style=\"color: #000000;\"><a style=\"color: #000000;\" href=\"https:\/\/sp22.pl\/nowa\/index.php\/2025\/11\/07\/rozstrzygniecie-konkursu-plastycznego-bezpieczna-droga-do-szkoly\/\">\u2666 Rozstrzygni\u0119cie konkursu plastycznego \u201eBezpieczna droga do szko\u0142y\u201d<\/a><\/span><\/p>\n<p><span style=\"color: #000000;\"><a style=\"color: #000000;\" href=\"https:\/\/sp22.pl\/nowa\/index.php\/2025\/11\/07\/spotkanie-z-funkcjonariuszami-strazy-miejskiej\/\">\u2666 Spotkanie z Funkcjonariuszami Stra\u017cy Miejskiej<\/a><\/span><\/p>\n<p><span style=\"color: #000000;\"><a style=\"color: #000000;\" href=\"https:\/\/sp22.pl\/nowa\/index.php\/2025\/11\/07\/szkola-do-hymnu-2025\/\">\u2666 SZKO\u0141A DO HYMNU 2025<\/a><\/span><\/p>\n<p><a href=\"https:\/\/sp22.pl\/nowa\/index.php\/2025\/11\/10\/szkola-pamieta-3\/\"><span style=\"color: #000000;\">\u2666 Szko\u0142a pami\u0119ta<\/span><\/a><\/p>\n<p><span style=\"color: #000000;\"><a style=\"color: #000000;\" href=\"https:\/\/sp22.pl\/nowa\/index.php\/2025\/11\/13\/plock-na-drogach-do-wolnosci-czyli-szkolne-obchody-swieta-niepodleglosci\/\">\u2666 \u201eP\u0142ock na drogach do wolno\u015bci\u201d, czyli szkolne obchody \u015awi\u0119ta Niepodleg\u0142o\u015bci<\/a><\/span><\/p>\n<p><a href=\"https:\/\/sp22.pl\/nowa\/index.php\/2025\/11\/15\/talenciaki-w-naszej-szkole\/\"><span style=\"color: #000000;\">\u2666 Talenciaki w naszej Szkole!&nbsp;<\/span><\/a><\/p>\n<p><span style=\"color: #000000;\"><a style=\"color: #000000;\" href=\"https:\/\/sp22.pl\/nowa\/index.php\/2025\/11\/15\/bohateron-w-naszej-szkole\/\">\u2666 BohaterOn w naszej Szkole<\/a><\/span><\/p>\n<p><a href=\"https:\/\/sp22.pl\/nowa\/index.php\/2025\/11\/16\/pysznie-zdrowo-i-wesolo-warsztaty-kulinarne-klas-i-iii\/\"><span style=\"color: #000000;\">\u2666 Pysznie, zdrowo i weso\u0142o &#8211; warsztaty kulinarne klas I-III<\/span><\/a><\/p>\n<p><a href=\"https:\/\/sp22.pl\/nowa\/index.php\/2025\/11\/16\/samorzad-uczniowski-na-obchodach-narodowego-swieta-niepodleglosci-w-plocku\/\"><span style=\"color: #000000;\">\u2666 Samorz\u0105d Uczniowski podczas obchod\u00f3w Narodowego \u015awi\u0119ta Niepodleg\u0142o\u015bci w P\u0142ocku<\/span><\/a><\/p>\n<p><a href=\"https:\/\/sp22.pl\/nowa\/index.php\/2025\/11\/17\/kuchnie-swiata-dzien-polski-2\/\"><span style=\"color: #000000;\">\u2666 Kuchnie \u015bwiata &#8211; dzie\u0144 polski<\/span><\/a><\/p>\n<p><a href=\"https:\/\/sp22.pl\/nowa\/index.php\/2025\/11\/17\/wycieczka-wolontariuszy-ze-szkolnego-klubu-wolontariatu-uskrzydleni-na-cmentarz-garnizonowy-w-plocku\/\"><span style=\"color: #000000;\">\u2666 Wizyta Wolontariuszy ze Szkolnego Klubu Wolontariatu &#8222;Uskrzydleni&#8221; na Cmentarzu Garnizonowym w P\u0142ocku<\/span><\/a><\/p>\n<p><a href=\"https:\/\/sp22.pl\/nowa\/index.php\/2025\/11\/19\/zajecia-socjoterapeutyczne-w-klasach-4-8\/\"><span style=\"color: #000000;\">\u2666 Zaj\u0119cia socjoterapeutyczne w klasach 4-8<\/span><\/a><\/p>\n<p><a href=\"https:\/\/sp22.pl\/nowa\/index.php\/2025\/11\/19\/szkolna-debata-w-ramach-programu-szkola-dobrego-slowa\/\"><span style=\"color: #000000;\">\u2666 Szkolna Debata edukacyjna w ramach programu \u201eSzko\u0142a Dobrego S\u0142owa\u201d<\/span><\/a><\/p>\n<p><a href=\"https:\/\/sp22.pl\/nowa\/index.php\/2025\/11\/20\/12505\/\"><span style=\"color: #000000;\">\u2666 Wolontariusze ze Szkolnego Klubu Wolontariatu \u201eUskrzydleni\u201d w p\u0142ockim Schronisku dla Zwierz\u0105t<\/span><\/a><\/p>\n<p><a href=\"https:\/\/sp22.pl\/nowa\/index.php\/2025\/11\/20\/nasza-szkola-przystapila-do-ogolnopolskiego-programu-szkola-dobrego-slowa\/\"><span style=\"color: #000000;\">\u2666 Og\u00f3lnopolski Program \u201eSzko\u0142a Dobrego S\u0142owa\u201d<\/span><\/a><\/p>\n<p><a href=\"https:\/\/sp22.pl\/nowa\/index.php\/2025\/11\/20\/edukacja-z-wojskiem-2\/\"><span style=\"color: #000000;\">\u2666 Edukacja z wojskiem<\/span><\/a><\/p>\n<p><a href=\"https:\/\/sp22.pl\/nowa\/index.php\/2025\/11\/21\/biblioteka-zaprasza-czlowieka-czyli-miedzynarodowy-miesiac-bibliotek-szkolnych\/\"><span style=\"color: #000000;\">\u2666 &#8222;Biblioteka zaprasza cz\u0142owieka&#8221;, czyli Mi\u0119dzynarodowy Miesi\u0105c Bibliotek Szkolnych<\/span><\/a><\/p>\n<p><a href=\"https:\/\/sp22.pl\/nowa\/index.php\/2025\/11\/26\/dzien-zyczliwosci-i-pozdrowien-w-naszej-szkole\/\"><span style=\"color: #000000;\">\u2666 Dzie\u0144 \u017byczliwo\u015bci i Pozdrowie\u0144 w naszej Szkole<\/span><\/a><\/p>\n<p><a href=\"https:\/\/sp22.pl\/nowa\/index.php\/2025\/11\/27\/dyniowe-love-jesienna-akcja-zyczliwosci-w-klasach-trzecich\/\"><span style=\"color: #000000;\">\u2666 &#8222;Dyniowe Love&#8221; &#8211; jesienne akcja \u017cyczliwo\u015bci w klasach trzecich<\/span><\/a><\/p>\n<p><a href=\"https:\/\/sp22.pl\/nowa\/index.php\/2025\/11\/27\/rozstrzygniecie-konkursu-moj-czas-wolny-bezpieczny-i-zdrowy\/\"><span style=\"color: #000000;\">\u2666 Rozstrzygni\u0119cie konkursu &#8222;M\u00f3j czas wolny &#8211; bezpieczny i zdrowy&#8221;<\/span><\/a><\/p>\n<p><a href=\"https:\/\/sp22.pl\/nowa\/index.php\/2025\/12\/01\/literatura-i-gotowanie-w-jednym-garze-turniej-o-tytul-masterchefa-literackiej-kuchni-ksiaznicy-plockiej\/\"><span style=\"color: #000000;\">\u2666 Literatura i gotowanie jednym garze &#8211; Turniej o tytu\u0142 Masterchefa Literackiej Kuchni Ksi\u0105\u017cnicy P\u0142ockiej<\/span><\/a><\/p>\n<p><a href=\"https:\/\/sp22.pl\/nowa\/index.php\/2025\/12\/03\/andrzejkowa-dyskoteka-pelna-magii-i-wspanialej-zabawy\/\"><span style=\"color: #000000;\">\u2666 Andrzejkowa dyskoteka pe\u0142na magii i wspania\u0142ej zabawy!<\/span><\/a><\/p>\n<p><a href=\"https:\/\/sp22.pl\/nowa\/index.php\/2025\/12\/03\/wielka-wioslarska-lekcja-wf-u\/\"><span style=\"color: #000000;\">\u2666 Wielka Wio\u015blarska Lekcja WF-u<\/span><\/a><\/p>\n<p><a href=\"https:\/\/sp22.pl\/nowa\/index.php\/2025\/12\/05\/andrzejkowa-olimpiada-sportowa\/\"><span style=\"color: #000000;\">\u2666 Andrzejkowa Olimpiada Sportowa<\/span><\/a><\/p>\n<p><a href=\"https:\/\/sp22.pl\/nowa\/index.php\/2025\/12\/06\/to-byla-magia\/\"><span style=\"color: #000000;\">\u2666 Po prostu MAGIA&#8230;<\/span><\/a><\/p>\n<p><a href=\"https:\/\/sp22.pl\/nowa\/index.php\/2025\/12\/08\/projekt-edukacyjny-janusz-korczak-w-sercach-dzieci\/\"><span style=\"color: #000000;\">\u2666 Projekt edukacyjny \u201eJanusz Korczak w sercach dzieci&#8221;<\/span><\/a><\/p>\n<p><a href=\"https:\/\/sp22.pl\/nowa\/index.php\/2025\/12\/09\/mikolaj-tu-byl\/\"><span style=\"color: #000000;\">\u2666 Miko\u0142aj tu by\u0142&#8230;<\/span><\/a><\/p>\n<p><a href=\"https:\/\/sp22.pl\/nowa\/index.php\/2025\/12\/10\/konkurs-recytatorski\/\"><span style=\"color: #000000;\">\u2666 Konkurs recytatorski<\/span><\/a><\/p>\n<p><a href=\"https:\/\/sp22.pl\/nowa\/index.php\/2025\/12\/10\/miedzynarodowy-dzien-osob-z-niepelnosprawnosciami-w-naszej-szkole\/\"><span style=\"color: #000000;\">\u2666 Mi\u0119dzynarodowy Dzie\u0144 Os\u00f3b z Niepe\u0142nosprawno\u015bciami w naszej Szkole<\/span><\/a><\/p>\n<p><a href=\"https:\/\/sp22.pl\/nowa\/index.php\/2025\/12\/10\/miedzynarodowy-dzien-osob-z-niepelnosprawnosciami-w-naszej-szkole\/\"><span style=\"color: #000000;\">\u2666 S\u0105 w\u015br\u00f3d nas niezr\u00f3wnani specjali\u015bci od wsp\u00f3\u0142czesnych zagro\u017ce\u0144 zdrowia.<\/span><\/a><\/p>\n<p><a href=\"https:\/\/sp22.pl\/nowa\/index.php\/2025\/12\/10\/miedzynarodowy-dzien-osob-z-niepelnosprawnosciami-w-naszej-szkole\/\"><span style=\"color: #000000;\">\u2666 Edukacja Ekologiczna: nasi Uczniowie zostali &#8222;Biobohaterami&#8221;<\/span><\/a><\/p>\n<p><a href=\"https:\/\/sp22.pl\/nowa\/index.php\/2025\/12\/12\/akcja-bohateron-w-naszej-szkole\/\"><span style=\"color: #000000;\">\u2666 Akcja BohaterOn w naszej Szkole<\/span><\/a><\/p>\n<p><a href=\"https:\/\/sp22.pl\/nowa\/index.php\/2025\/12\/12\/aleja-dobrego-slowa-akcja-szkolnego-wolontariatu-uskrzydleni\/\"><span style=\"color: #000000;\">\u2666 Aleja Dobrego S\u0142owa &#8211; akcja szkolnego wolontariatu &#8222;Uskrzydleni&#8221;<\/span><\/a><\/p>\n<p><a href=\"https:\/\/sp22.pl\/nowa\/index.php\/2025\/12\/14\/vii-edycja-konkursu-matematyczno-informatycznego-instalogik-wyniki-ii-etapu\/\"><span style=\"color: #000000;\">\u2666 VII edycja konkursu matematyczno-informatycznego InstaLogik &#8211; wyniki II etapu<\/span><\/a><\/p>\n<p><a href=\"https:\/\/sp22.pl\/nowa\/index.php\/2025\/12\/14\/13121\/\"><span style=\"color: #000000;\">\u2666 Ma\u0142y gest, wielka pomoc<\/span><\/a><\/p>\n<p><a href=\"https:\/\/sp22.pl\/nowa\/index.php\/2025\/12\/16\/szkolny-dzien-wolontariusza\/\"><span style=\"color: #000000;\">\u2666 Szkolny Dzie\u0144 Wolontariusza<\/span><\/a><\/p>\n<p><a href=\"https:\/\/sp22.pl\/nowa\/index.php\/2025\/12\/16\/akcja-paka-dla-rodaka\/\"><span style=\"color: #000000;\">\u2666 Akcja &#8222;Paka dla Rodaka&#8221;<\/span><\/a><\/p>\n<p><a href=\"https:\/\/sp22.pl\/nowa\/index.php\/2025\/12\/16\/zyczenia-prosto-z-serca-wzruszajaca-lekcja-empatii\/\"><span style=\"color: #000000;\">\u2666 \u017byczenia prosto z serca &#8211; wzruszaj\u0105ca lekcja empatii<\/span><\/a><\/p>\n<p><a href=\"https:\/\/sp22.pl\/nowa\/index.php\/2025\/12\/17\/wybory-do-mlodziezowej-rady-miasta-plocka-podsumowanie\/\"><span style=\"color: #000000;\">\u2666 &nbsp;Wybory do M\u0142odzie\u017cowej Rady Miasta P\u0142ocka &#8211; podsumowanie<\/span><\/a><\/p>\n<p><a href=\"https:\/\/sp22.pl\/nowa\/index.php\/2025\/12\/17\/podziekowanie-za-udzial-w-akcji-gwiazdka-dla-hospicjum\/\"><span style=\"color: #000000;\">\u2666 Podzi\u0119kowanie za udzia\u0142 w akcji &#8222;Gwiazdka dla Hospicjum&#8221;<\/span><\/a><\/p>\n<p><a href=\"https:\/\/sp22.pl\/nowa\/index.php\/2025\/12\/17\/swiateczne-warsztaty-plastyczne-rodzinkowo\/\"><span style=\"color: #000000;\">\u2666 \u015awi\u0105teczne warsztaty plastyczne &#8222;Rodzinkowo&#8221;<\/span><\/a><\/p>\n<p><a href=\"https:\/\/sp22.pl\/nowa\/index.php\/2025\/12\/17\/betlejemskie-swiatlo-pokoju-w-naszej-szkole\/\"><span style=\"color: #000000;\">\u2666 Betlejemskie \u015awiat\u0142o Pokoju w naszej Szkole<\/span><\/a><\/p>\n<p><a href=\"https:\/\/sp22.pl\/nowa\/index.php\/2025\/12\/19\/charytatywny-koncert-koled-swiatlo-nadziei-2\/\"><span style=\"color: #000000;\">\u2666 Charytatywny Koncert Kol\u0119d &#8222;\u015awiat\u0142o nadziei&#8221;<\/span><\/a><\/p>\n<p><a href=\"https:\/\/sp22.pl\/nowa\/index.php\/2026\/01\/08\/bozonarodzeniowe-koledowanie-2\/\"><span style=\"color: #000000;\">\u2666 Bo\u017conorodzeniowe kol\u0119dowanie<\/span><\/a><\/p>\n<p><a href=\"https:\/\/sp22.pl\/nowa\/index.php\/2026\/01\/08\/bozonarodzeniowe-koledowanie-2\/\"><span style=\"color: #000000;\">\u2666 Dzie\u0144 Pi\u017camy w naszej Szkole<\/span><\/a><\/p>\n<p><a href=\"https:\/\/sp22.pl\/nowa\/index.php\/2026\/01\/15\/chor-szkolny-w-swiezej-odslonie\/\"><span style=\"color: #000000;\">\u2666 Ch\u00f3r szkolny w \u015bwie\u017cej ods\u0142onie<\/span><\/a><\/p>\n<p><a href=\"https:\/\/sp22.pl\/nowa\/index.php\/2026\/01\/19\/kuchnie-swiata-dzien-ukrainski-2\/\"><span style=\"color: #000000;\">\u2666 Kuchnie \u015bwiata &#8211; dzie\u0144 ukrai\u0144ski<\/span><\/a><\/p>\n<p><a href=\"https:\/\/sp22.pl\/nowa\/index.php\/2026\/01\/20\/dzien-patrona-szkoly-2\/\"><span style=\"color: #000000;\">\u2666 Dzie\u0144 Patrona Szko\u0142y<\/span><\/a><\/p>\n<p><a href=\"https:\/\/sp22.pl\/nowa\/index.php\/2026\/01\/22\/osiagniecia-sportowe-w-naszej-szkole\/\"><span style=\"color: #000000;\">\u2666 Osi\u0105gni\u0119cia sportowe w naszej Szkole &#8211; I okres<\/span><\/a><\/p>\n<p><a href=\"https:\/\/sp22.pl\/nowa\/index.php\/2026\/01\/24\/szkolny-konkurs-plastyczny-krol-macius-i-w-kosmosie\/\"><span style=\"color: #000000;\">\u2666 Szkolny konkurs plastyczny &#8222;Kr\u00f3l Maciu\u015b I w kosmosie&#8221;<\/span><\/a><\/p>\n<p><span style=\"color: #000000;\"><a style=\"color: #000000;\" href=\"https:\/\/sp22.pl\/nowa\/index.php\/2026\/01\/25\/bal-karnawalowy-klas-1-3-3\/\">\u2666 Bal karnawa\u0142owy klas 1-3<\/a><\/span><\/p>\n<p><a href=\"https:\/\/sp22.pl\/nowa\/index.php\/2026\/02\/02\/wizyta-panstwowej-strazy-pozarnej\/\"><span style=\"color: #000000;\">\u2666 Wizyta Pa\u0144stwowej Stra\u017cy Po\u017carnej&nbsp;<\/span><\/a><\/p>\n<p><a href=\"https:\/\/sp22.pl\/nowa\/index.php\/2026\/02\/05\/dla-kazdego-cos-dobrego\/\"><span style=\"color: #000000;\">\u2666 Dla ka\u017cdego co\u015b dobrego!<\/span><\/a><\/p>\n<p><a href=\"https:\/\/sp22.pl\/nowa\/index.php\/2026\/02\/07\/biale-szalenstwo-w-murzasichlu-relacja-z-obozu-narciarskiego\/\"><span style=\"color: #000000;\">\u2666 Bia\u0142e Szale\u0144stwo w Murzasichle: Relacja z Obozu Narciarskiego<\/span><\/a><\/p>\n<p><a href=\"https:\/\/sp22.pl\/nowa\/index.php\/2026\/02\/10\/karnawalowe-szalenstwo-klas-4-8-forum-szkoly-w-rytmie-belgijki\/\"><span style=\"color: #000000;\">\u2666 Karnawa\u0142owe szale\u0144stwo klas 4-8<\/span><\/a><\/p>\n<p><a href=\"https:\/\/sp22.pl\/nowa\/index.php\/2026\/02\/10\/34-final-wielkiej-orkiestry-swiatecznej-pomocy\/\"><span style=\"color: #000000;\">\u2666 34. Fina\u0142 Wielki Orkiestry \u015awi\u0105tecznej Pomocy<\/span><\/a><\/p>\n<p><span style=\"color: #000000;\"><a style=\"color: #000000;\" href=\"https:\/\/sp22.pl\/nowa\/index.php\/2026\/02\/13\/dzien-bezpiecznego-internetu-w-naszej-szkole\/\">\u2666 Dzie\u0144 Bezpiecznego Internetu w naszej Szkole<\/a><\/span><\/p>\n<p><a href=\"https:\/\/sp22.pl\/nowa\/index.php\/2026\/02\/16\/13671\/\"><span style=\"color: #000000;\">\u2666 Dzie\u0144 otwarty w naszej Szkole!<\/span><\/a><\/p>\n<p><a href=\"https:\/\/sp22.pl\/nowa\/index.php\/2026\/02\/16\/igrzyska-trzeciego-w-naszej-szkole\/\"><span style=\"color: #000000;\">\u2666 Igrzyska Trzeciego w naszej Szkole!<\/span><\/a><\/p>\n<p><a href=\"https:\/\/sp22.pl\/nowa\/index.php\/2026\/02\/17\/nowosci-w-bibliotece\/\"><span style=\"color: #000000;\">\u2666 Nowo\u015bci w bibliotece<\/span><\/a><\/p>\n<p><a href=\"https:\/\/sp22.pl\/nowa\/index.php\/2026\/02\/19\/poczta-walentynkowa-samorzadu-uczniowskiego\/\"><span style=\"color: #000000;\">\u2666 Poczta Walentynkowa Samorz\u0105du Uczniowskiego<\/span><\/a><\/p>\n<p><a href=\"https:\/\/sp22.pl\/nowa\/index.php\/2026\/02\/19\/pasowanie-pierwszoklasistow-na-czytelnika\/\"><span style=\"color: #000000;\">\u2666 Pasowanie pierwszoklasist\u00f3w na czytelnika<\/span><\/a><\/p>\n<p><a href=\"https:\/\/sp22.pl\/nowa\/index.php\/2026\/02\/20\/szkola-dla-szesciolatkow\/\"><span style=\"color: #000000;\">\u2666 Szko\u0142a dla szcze\u015bciolatk\u00f3w<\/span><\/a><\/p>\n<p><a href=\"https:\/\/sp22.pl\/nowa\/index.php\/2026\/02\/23\/kuchnie-swiata-dzien-grecki-2\/\"><span style=\"color: #000000;\">\u2666 Kuchnie \u015bwiata &#8211; dzie\u0144 grecki<\/span><\/a><\/p>\n<p><a href=\"https:\/\/sp22.pl\/nowa\/index.php\/2026\/02\/23\/sukces-naszej-uczennicy\/\"><span style=\"color: #000000;\">\u2666 Sukces naszej uczennicy!<\/span><\/a><\/p>\n<p><a href=\"https:\/\/sp22.pl\/nowa\/index.php\/2026\/03\/02\/loteria-fantowa-drugie-zycie-zabawek-2\/\"><span style=\"color: #000000;\">\u2666 Zabawa fantowa &#8222;Drugie \u017cycie zabawek&#8221;<\/span><\/a><\/p>\n<p><a href=\"https:\/\/sp22.pl\/nowa\/index.php\/2026\/03\/03\/konkurs-na-logo-szkoly-rozstrzygniety\/\"><span style=\"color: #000000;\">\u2666 Konkurs na logo szko\u0142y rozstrzygni\u0119ty!<\/span><\/a><\/p>\n<p><a href=\"https:\/\/sp22.pl\/nowa\/index.php\/2026\/03\/03\/apel-sukcesu-2\/\"><span style=\"color: #000000;\">\u2666 Apel Sukcesu<\/span><\/a><\/p>\n<p><a href=\"https:\/\/sp22.pl\/nowa\/index.php\/2026\/03\/05\/wizyta-mazowieckiej-kurator-oswiaty\/\"><span style=\"color: #000000;\">\u2666 Wizyta Mazowieckiej Kurator O\u015bwiaty<\/span><\/a><\/p>\n<p><a href=\"https:\/\/sp22.pl\/nowa\/index.php\/2026\/03\/16\/dzien-kobiet-w-naszej-szkole\/\"><span style=\"color: #000000;\">\u2666 Dzie\u0144 Kobiet w naszej Szkole!<\/span><\/a><\/p>\n<h1 class=\"post-title entry-title\">&nbsp;<\/h1>\n<h1 class=\"post-title entry-title\">&nbsp;<\/h1>\n<p>&nbsp;<\/p>\n<p>&nbsp;<\/p>\n","protected":false},"excerpt":{"rendered":"<p>&#46;&#46;&#46;<\/p>\n","protected":false},"author":5,"featured_media":0,"parent":184,"menu_order":0,"comment_status":"closed","ping_status":"closed","template":"","meta":{"ngg_post_thumbnail":0,"footnotes":""},"class_list":["post-12406","page","type-page","status-publish","hentry"],"_links":{"self":[{"href":"https:\/\/sp22.pl\/nowa\/index.php\/wp-json\/wp\/v2\/pages\/12406","targetHints":{"allow":["GET"]}}],"collection":[{"href":"https:\/\/sp22.pl\/nowa\/index.php\/wp-json\/wp\/v2\/pages"}],"about":[{"href":"https:\/\/sp22.pl\/nowa\/index.php\/wp-json\/wp\/v2\/types\/page"}],"author":[{"embeddable":true,"href":"https:\/\/sp22.pl\/nowa\/index.php\/wp-json\/wp\/v2\/users\/5"}],"replies":[{"embeddable":true,"href":"https:\/\/sp22.pl\/nowa\/index.php\/wp-json\/wp\/v2\/comments?post=12406"}],"version-history":[{"count":68,"href":"https:\/\/sp22.pl\/nowa\/index.php\/wp-json\/wp\/v2\/pages\/12406\/revisions"}],"predecessor-version":[{"id":14114,"href":"https:\/\/sp22.pl\/nowa\/index.php\/wp-json\/wp\/v2\/pages\/12406\/revisions\/14114"}],"up":[{"embeddable":true,"href":"https:\/\/sp22.pl\/nowa\/index.php\/wp-json\/wp\/v2\/pages\/184"}],"wp:attachment":[{"href":"https:\/\/sp22.pl\/nowa\/index.php\/wp-json\/wp\/v2\/media?parent=12406"}],"curies":[{"name":"wp","href":"https:\/\/api.w.org\/{rel}","templated":true}]}}