{"id":1160,"date":"2022-06-18T22:03:43","date_gmt":"2022-06-18T20:03:43","guid":{"rendered":"http:\/\/pavelpa2.vot.pl\/?page_id=1160"},"modified":"2025-10-01T14:23:13","modified_gmt":"2025-10-01T12:23:13","slug":"rodo","status":"publish","type":"page","link":"https:\/\/sp22.pl\/nowa\/index.php\/rodo\/","title":{"rendered":"RODO"},"content":{"rendered":"<h5 style=\"text-align: center;\"><span style=\"color: #000000;\"><strong>KLAUZULE INFORMACYJNE<\/strong><\/span><\/h5>\n<h5 style=\"text-align: center;\"><span style=\"color: #000000;\"><strong>SZKO\u0141Y PODSTAWOWEJ Z ODDZIA\u0141AMI INTEGRACYJNYMI NR 22<\/strong><\/span><\/h5>\n<h5 style=\"text-align: center;\"><span style=\"color: #000000;\"><strong> IM. JANUSZA KORCZAKA W P\u0141OCKU&nbsp;<\/strong><\/span><\/h5>\n<h5 style=\"text-align: center;\"><span style=\"color: #000000;\"><strong>DOTYCZ\u0104CE OCHRONY DANYCH OSOBOWYCH<\/strong><\/span><\/h5>\n<p><span style=\"color: #000000;\">ROK SZKOLNY 2025\/2026<\/span><\/p>\n<p><span style=\"color: #000000;\">\u2666 <a style=\"color: #000000;\" href=\"https:\/\/sp22.pl\/nowa\/wp-content\/uploads\/Pliki\/Do_pobrania_static\/Tworzenie%20strony%20www\/Rodo%20Bezpieczny%20internet\/01%20Klauzula_og%C3%B3lna_sp22_2025_26.docx\">Klauzula og\u00f3lna Szko\u0142y Podstawowej z Oddzia\u0142ami Integracyjnymi nr 22 im. Janusza Korczaka w P\u0142ocku \/docx 25 KB\/ <\/a>&nbsp;<\/span><\/p>\n<p><span style=\"color: #000000;\">\u2666 <a style=\"color: #000000;\" href=\"https:\/\/sp22.pl\/nowa\/wp-content\/uploads\/Pliki\/Do_pobrania_static\/Tworzenie%20strony%20www\/Rodo%20Bezpieczny%20internet\/02%20Klauzula_dotycz%C4%85ca_odbioru_dziecka_ze_szko%C5%82y_2025_26.docx\">Klauzula informacyjna dotycz\u0105ca odbioru dziecka ze szko\u0142y \/docx 22 KB\/<\/a><\/span><\/p>\n<p><span style=\"color: #000000;\">\u2666 <a style=\"color: #000000;\" href=\"https:\/\/sp22.pl\/nowa\/wp-content\/uploads\/Pliki\/Do_pobrania_static\/Tworzenie%20strony%20www\/Rodo%20Bezpieczny%20internet\/03%20Klauzula_dotycz%C4%85ca_udzia%C5%82u_w_lekcjach_religii_etyki_2025_26.docx\">Klauzula informacyjna dotycz\u0105ca deklaracji udzia\u0142u dziecka w zaj\u0119ciach religii\/etyki \/docx 23 KB\/<\/a><\/span><\/p>\n<p><span style=\"color: #000000;\">\u2666 <a style=\"color: #000000;\" href=\"https:\/\/sp22.pl\/nowa\/wp-content\/uploads\/Pliki\/Do_pobrania_static\/Tworzenie%20strony%20www\/Rodo%20Bezpieczny%20internet\/04%20Klauzula_dotycz%C4%85ca_rozpowszechniania_wizerunku_ucznia_2025_26.docx\">Klauzula informacyjna dotycz\u0105ca zgody na rozpowszechnianie wizerunku ucznia \/docx 27 KB\/<\/a><\/span><\/p>\n<p><span style=\"color: #000000;\">\u2666 <a style=\"color: #000000;\" href=\"https:\/\/sp22.pl\/nowa\/wp-content\/uploads\/Pliki\/Do_pobrania_static\/Tworzenie%20strony%20www\/Rodo%20Bezpieczny%20internet\/05%20Klauzula_dotycz%C4%85ca_rezygnacji_EZ_2025_26.docx\">Klauzula informacyjna dotycz\u0105ca pisemnej rezygnacji rodzica\/opiekuna ucznia z uczestnictwa w zaj\u0119ciach &#8222;Edukacja zdrowotna&#8221; \/docx 17 KB\/<\/a><\/span><\/p>\n<p><span style=\"color: #000000;\">\u2666 <a style=\"color: #000000;\" href=\"https:\/\/sp22.pl\/nowa\/wp-content\/uploads\/Pliki\/Do_pobrania_static\/Tworzenie%20strony%20www\/Rodo%20Bezpieczny%20internet\/06%20Klauzula_dotycz%C4%85ca_stanu_zdrowia_ucznia_2025_26.docx\">Klauzula informacyjna dotycz\u0105ca stanu zdrowia dziecka \/docx 15 KB\/<\/a><\/span><\/p>\n<p><span style=\"color: #000000;\">\u2666 <a style=\"color: #000000;\" href=\"https:\/\/sp22.pl\/nowa\/wp-content\/uploads\/Pliki\/Do_pobrania_static\/Tworzenie%20strony%20www\/Rodo%20Bezpieczny%20internet\/07%20Klauzula_dotycz%C4%85ca_udzia%C5%82u_w_zaj%C4%99ciach_%C5%9Bwietlicowych_2025_26.docx\">Klauzula informacyjna dotycz\u0105ca realizacji zaj\u0119\u0107 \u015bwietlicowych \/docx 23 KB\/<\/a>&nbsp;<\/span><\/p>\n<p><span style=\"color: #000000;\">\u2666 <a style=\"color: #000000;\" href=\"https:\/\/sp22.pl\/nowa\/wp-content\/uploads\/Pliki\/Do_pobrania_static\/Tworzenie%20strony%20www\/Rodo%20Bezpieczny%20internet\/08%20Klauzula_dotycz%C4%85ca_zg%C5%82oszenie_w_konkursie_2025_26.docx\">Klauzula informacyjna dotycz\u0105ca zg\u0142oszenia ucznia do udzia\u0142u w konkursie \/docx 22 KB\/<\/a><\/span><\/p>\n<p><span style=\"color: #000000;\">\u2666 <a style=\"color: #000000;\" href=\"https:\/\/sp22.pl\/nowa\/wp-content\/uploads\/Pliki\/Do_pobrania_static\/Tworzenie%20strony%20www\/Rodo%20Bezpieczny%20internet\/09%20Klauzula_dotycz%C4%85ca_wydania_legitymacji_2025_26.docx\">Klauzula informacyjna dotycz\u0105ca wydania legitymacji \/docx 22 KB\/<\/a><\/span><\/p>\n<p><span style=\"color: #000000;\">\u2666 <\/span><a href=\"https:\/\/sp22.pl\/nowa\/wp-content\/uploads\/Pliki\/Do_pobrania_static\/Tworzenie%20strony%20www\/Rodo%20Bezpieczny%20internet\/10%20Klauzula_dotycz%C4%85ca_monitoringu_2025_26.docx\"><span style=\"color: #000000;\">Klauzula informacyjna dotycz\u0105ca monitoringu \/docx 21 KB\/<\/span><\/a><\/p>\n","protected":false},"excerpt":{"rendered":"<p>&#46;&#46;&#46;<\/p>\n","protected":false},"author":1,"featured_media":0,"parent":0,"menu_order":0,"comment_status":"closed","ping_status":"closed","template":"","meta":{"ngg_post_thumbnail":0,"footnotes":""},"class_list":["post-1160","page","type-page","status-publish","hentry"],"_links":{"self":[{"href":"https:\/\/sp22.pl\/nowa\/index.php\/wp-json\/wp\/v2\/pages\/1160","targetHints":{"allow":["GET"]}}],"collection":[{"href":"https:\/\/sp22.pl\/nowa\/index.php\/wp-json\/wp\/v2\/pages"}],"about":[{"href":"https:\/\/sp22.pl\/nowa\/index.php\/wp-json\/wp\/v2\/types\/page"}],"author":[{"embeddable":true,"href":"https:\/\/sp22.pl\/nowa\/index.php\/wp-json\/wp\/v2\/users\/1"}],"replies":[{"embeddable":true,"href":"https:\/\/sp22.pl\/nowa\/index.php\/wp-json\/wp\/v2\/comments?post=1160"}],"version-history":[{"count":58,"href":"https:\/\/sp22.pl\/nowa\/index.php\/wp-json\/wp\/v2\/pages\/1160\/revisions"}],"predecessor-version":[{"id":11595,"href":"https:\/\/sp22.pl\/nowa\/index.php\/wp-json\/wp\/v2\/pages\/1160\/revisions\/11595"}],"wp:attachment":[{"href":"https:\/\/sp22.pl\/nowa\/index.php\/wp-json\/wp\/v2\/media?parent=1160"}],"curies":[{"name":"wp","href":"https:\/\/api.w.org\/{rel}","templated":true}]}}