{"id":1112,"date":"2022-06-18T10:01:39","date_gmt":"2022-06-18T08:01:39","guid":{"rendered":"http:\/\/pavelpa2.vot.pl\/?page_id=1112"},"modified":"2024-10-22T05:54:06","modified_gmt":"2024-10-22T03:54:06","slug":"medalisci-sp22","status":"publish","type":"page","link":"https:\/\/sp22.pl\/nowa\/index.php\/medalisci-sp22\/","title":{"rendered":"MEDALI\u015aCI SZKO\u0141Y PODSTAWOWEJ NR 22 W P\u0141OCKU"},"content":{"rendered":"<h4 style=\"text-align: center;\"><u>MEDALI\u015aCI SZKO\u0141Y PODSTAWOWEJ Z ODDZIA\u0141AMI INTEGRACYJNYMI NR 22<\/u><\/h4>\n<h4 style=\"text-align: center;\"><u>IM. JANUSZA KORCZAKA W P\u0141OCKU<\/u><\/h4>\n<p><img loading=\"lazy\" decoding=\"async\" class=\"aligncenter size-medium\" src=\"https:\/\/sp22.pl\/nowa\/wp-content\/uploads\/Pliki\/Do_pobrania_static\/Tworzenie%20strony%20www\/Medali%C5%9Bci%20SP22\/historia_medalu_korczaka.jpg?_t=1655546890\" alt=\"Historia medalu Janusza Korczaka\" width=\"768\" height=\"576\"><\/p>\n<p style=\"text-align: center;\"><a href=\"https:\/\/sp22.pl\/nowa\/wp-content\/uploads\/Pliki\/Do_pobrania_static\/Tworzenie%20strony%20www\/Medali%C5%9Bci%20SP22\/medal_Korczaka_regulamin.pdf?_t=1655731428\" target=\"_blank\" rel=\"noopener\"><strong>Regulamin przyznawania Medalu Janusza Korczaka \/plik PDF\/<\/strong><\/a>&nbsp; &nbsp;<\/p>\n<p>&nbsp;<\/p>\n<p style=\"text-align: center;\">&nbsp; &nbsp; &nbsp; &nbsp; <img loading=\"lazy\" decoding=\"async\" class=\"alignnone\" src=\"https:\/\/sp22.pl\/nowa\/wp-content\/uploads\/Pliki\/Do_pobrania_static\/Tworzenie%20strony%20www\/Medali%C5%9Bci%20SP22\/medali%C5%9Bci_Oskar_Flor%C4%99cki.png?_t=1655543186\" alt=\"Zdj\u0119cie - Oskar Flor\u0119cki - medalista - rok szkolny 2008\/2009 \" width=\"300\" height=\"375\">&nbsp; &nbsp;<img loading=\"lazy\" decoding=\"async\" class=\"alignnone\" src=\"https:\/\/sp22.pl\/nowa\/wp-content\/uploads\/Pliki\/Do_pobrania_static\/Tworzenie%20strony%20www\/Medali%C5%9Bci%20SP22\/medali%C5%9Bci_Natalia_D%C4%99bska.png?_t=1655543186\" alt=\"Zdj\u0119cie - Natalia D\u0119bska - medalista - rok szkolny 2008\/2009 \" width=\"300\" height=\"375\">&nbsp; &nbsp;<\/p>\n<p>&nbsp; &nbsp; &nbsp; &nbsp; &nbsp; &nbsp; &nbsp; &nbsp; &nbsp; &nbsp; &nbsp; &nbsp; &nbsp; &nbsp; &nbsp; &nbsp; &nbsp; &nbsp;<img loading=\"lazy\" decoding=\"async\" class=\"alignnone\" src=\"https:\/\/sp22.pl\/nowa\/wp-content\/uploads\/Pliki\/Do_pobrania_static\/Tworzenie%20strony%20www\/Medali%C5%9Bci%20SP22\/medali%C5%9Bci_Eliza_Markiewicz.png?_t=1655543186\" alt=\"Zdj\u0119cie - Eliza Markiewicz - medalista - rok szkolny 2008\/2009 \" width=\"300\" height=\"375\">&nbsp; &nbsp; <img loading=\"lazy\" decoding=\"async\" class=\"alignnone\" src=\"https:\/\/sp22.pl\/nowa\/wp-content\/uploads\/Pliki\/Do_pobrania_static\/Tworzenie%20strony%20www\/Medali%C5%9Bci%20SP22\/medali%C5%9Bci_Aleksandra_Brzozowska.png?_t=1655546623\" alt=\"Zdj\u0119cie - Aleksandra Brzozowska - medalista - rok szkolny 2009\/2010 \" width=\"300\" height=\"375\">&nbsp; &nbsp;<\/p>\n<p>&nbsp; &nbsp; &nbsp; &nbsp; &nbsp; &nbsp; &nbsp; &nbsp; &nbsp; &nbsp; &nbsp; &nbsp; &nbsp; &nbsp; &nbsp; &nbsp; &nbsp; <img loading=\"lazy\" decoding=\"async\" class=\"alignnone\" src=\"https:\/\/sp22.pl\/nowa\/wp-content\/uploads\/Pliki\/Do_pobrania_static\/Tworzenie%20strony%20www\/Medali%C5%9Bci%20SP22\/medali%C5%9Bci_Kamil_Krakowski.png?_t=1655546623\" alt=\"Zdj\u0119cie - Kamil Krakowski - medalista - rok szkolny 2010\/2011 \" width=\"300\" height=\"375\">&nbsp; &nbsp; <img loading=\"lazy\" decoding=\"async\" class=\"alignnone\" src=\"https:\/\/sp22.pl\/nowa\/wp-content\/uploads\/Pliki\/Do_pobrania_static\/Tworzenie%20strony%20www\/Medali%C5%9Bci%20SP22\/medali%C5%9Bci_Monika_Wiewi%C3%B3rowska.png?_t=1655546623\" alt=\"Zdj\u0119cie - Monika Wiewi\u00f3rowska - medalista - rok szkolny 2011\/2012 \" width=\"300\" height=\"375\">&nbsp; &nbsp;<\/p>\n<p>&nbsp; &nbsp; &nbsp; &nbsp; &nbsp; &nbsp; &nbsp; &nbsp; &nbsp; &nbsp; &nbsp; &nbsp; &nbsp; &nbsp; &nbsp; &nbsp; &nbsp;<img loading=\"lazy\" decoding=\"async\" class=\"alignnone\" src=\"https:\/\/sp22.pl\/nowa\/wp-content\/uploads\/Pliki\/Do_pobrania_static\/Tworzenie%20strony%20www\/Medali%C5%9Bci%20SP22\/medali%C5%9Bci_Julia_Mosakowska.png?_t=1655548062\" alt=\"Zdj\u0119cie - Julia Mosakowska - medalista - rok szkolny 2012\/2013 \" width=\"300\" height=\"375\">&nbsp; &nbsp;&nbsp;<img loading=\"lazy\" decoding=\"async\" class=\"alignnone\" src=\"https:\/\/sp22.pl\/nowa\/wp-content\/uploads\/Pliki\/Do_pobrania_static\/Tworzenie%20strony%20www\/Medali%C5%9Bci%20SP22\/medali%C5%9Bci_Dominika_Ronek.png?_t=1655548062\" alt=\"Zdj\u0119cie - Dominika Ronek - medalista - rok szkolny 2013\/2014 \" width=\"300\" height=\"375\">&nbsp; &nbsp;<\/p>\n<p>&nbsp; &nbsp; &nbsp; &nbsp; &nbsp; &nbsp; &nbsp; &nbsp; &nbsp; &nbsp; &nbsp; &nbsp; &nbsp; &nbsp; &nbsp; &nbsp; &nbsp;<img loading=\"lazy\" decoding=\"async\" class=\"alignnone\" src=\"https:\/\/sp22.pl\/nowa\/wp-content\/uploads\/Pliki\/Do_pobrania_static\/Tworzenie%20strony%20www\/Medali%C5%9Bci%20SP22\/medali%C5%9Bci_Agata_Fighiera.png?_t=1655548062\" alt=\"Zdj\u0119cie - Agata Fighiera - medalista - rok szkolny 2014\/2015 \" width=\"300\" height=\"375\">&nbsp; &nbsp; <img loading=\"lazy\" decoding=\"async\" class=\"alignnone\" src=\"https:\/\/sp22.pl\/nowa\/wp-content\/uploads\/Pliki\/Do_pobrania_static\/Tworzenie%20strony%20www\/Medali%C5%9Bci%20SP22\/medali%C5%9Bci_Kinga_Michalak.png?_t=1655549436\" alt=\"Zdj\u0119cie - Kinga Michalak - medalista - rok szkolny 2015\/2016 \" width=\"300\" height=\"375\">&nbsp; &nbsp; &nbsp; &nbsp;<\/p>\n<p>&nbsp; &nbsp; &nbsp; &nbsp; &nbsp; &nbsp; &nbsp; &nbsp; &nbsp; &nbsp; &nbsp; &nbsp; &nbsp; &nbsp; &nbsp; &nbsp; &nbsp;<img loading=\"lazy\" decoding=\"async\" class=\"alignnone\" src=\"https:\/\/sp22.pl\/nowa\/wp-content\/uploads\/Pliki\/Do_pobrania_static\/Tworzenie%20strony%20www\/Medali%C5%9Bci%20SP22\/medali%C5%9Bci_Iga_K%C4%99pczy%C5%84ska.png?_t=1655549435\" alt=\"Zdj\u0119cie - Olga K\u0119pczy\u0144ska - medalista - rok szkolny 2018\/2019 \" width=\"300\" height=\"375\">&nbsp; &nbsp; <img loading=\"lazy\" decoding=\"async\" class=\"alignnone\" src=\"https:\/\/sp22.pl\/nowa\/wp-content\/uploads\/Pliki\/Do_pobrania_static\/Tworzenie%20strony%20www\/Medali%C5%9Bci%20SP22\/medali%C5%9Bci_Laura_Lewandowska.png?_t=1655549436\" alt=\"Zdj\u0119cie - Laura Lewandowska - medalista - rok szkolny 2019\/2020 \" width=\"300\" height=\"375\">&nbsp; &nbsp;<\/p>\n<p>&nbsp; &nbsp; &nbsp; &nbsp; &nbsp; &nbsp; &nbsp; &nbsp; &nbsp; &nbsp; &nbsp; &nbsp; &nbsp; &nbsp; &nbsp; &nbsp; &nbsp;<img loading=\"lazy\" decoding=\"async\" class=\"alignnone\" src=\"https:\/\/sp22.pl\/nowa\/wp-content\/uploads\/Pliki\/Do_pobrania_static\/Tworzenie%20strony%20www\/Medali%C5%9Bci%20SP22\/medali%C5%9Bci_Julia_Gajewska.png?_t=1655549436\" alt=\"Zdj\u0119cie - Julia Gajewska - medalista - rok szkolny 2020\/2021 \" width=\"300\" height=\"375\">&nbsp; &nbsp; <img loading=\"lazy\" decoding=\"async\" class=\"size-full alignnone\" src=\"https:\/\/sp22.pl\/nowa\/wp-content\/gallery\/medalisci-szkoly-podstawowej-nr-22-w-plocku\/medali%C5%9Bci_Olga_Kacprzak.png?_t=1662999918\" width=\"300\" height=\"375\">&nbsp; &nbsp; &nbsp; &nbsp;&nbsp;<\/p>\n<p>&nbsp; &nbsp; &nbsp; &nbsp; &nbsp; &nbsp; &nbsp; &nbsp; &nbsp; &nbsp; &nbsp; &nbsp; &nbsp; &nbsp; &nbsp; &nbsp; &nbsp; <img loading=\"lazy\" decoding=\"async\" class=\"wp-image-6984 alignnone\" src=\"https:\/\/sp22.pl\/nowa\/wp-content\/uploads\/2024\/10\/Marecel_Ploskonski_medalista_2022_2023.png\" alt=\"\" width=\"300\" height=\"375\" srcset=\"https:\/\/sp22.pl\/nowa\/wp-content\/uploads\/2024\/10\/Marecel_Ploskonski_medalista_2022_2023.png 1600w, https:\/\/sp22.pl\/nowa\/wp-content\/uploads\/2024\/10\/Marecel_Ploskonski_medalista_2022_2023-240x300.png 240w, https:\/\/sp22.pl\/nowa\/wp-content\/uploads\/2024\/10\/Marecel_Ploskonski_medalista_2022_2023-819x1024.png 819w, https:\/\/sp22.pl\/nowa\/wp-content\/uploads\/2024\/10\/Marecel_Ploskonski_medalista_2022_2023-768x960.png 768w, https:\/\/sp22.pl\/nowa\/wp-content\/uploads\/2024\/10\/Marecel_Ploskonski_medalista_2022_2023-1229x1536.png 1229w\" sizes=\"auto, (max-width: 300px) 100vw, 300px\" \/>&nbsp; &nbsp;<img loading=\"lazy\" decoding=\"async\" class=\"size-full wp-image-6985 alignnone\" src=\"https:\/\/sp22.pl\/nowa\/wp-content\/uploads\/2024\/10\/Szymon_Spiewla_medalista_2023_2024.png\" alt=\"\" width=\"300\" height=\"375\" srcset=\"https:\/\/sp22.pl\/nowa\/wp-content\/uploads\/2024\/10\/Szymon_Spiewla_medalista_2023_2024.png 1600w, https:\/\/sp22.pl\/nowa\/wp-content\/uploads\/2024\/10\/Szymon_Spiewla_medalista_2023_2024-240x300.png 240w, https:\/\/sp22.pl\/nowa\/wp-content\/uploads\/2024\/10\/Szymon_Spiewla_medalista_2023_2024-819x1024.png 819w, https:\/\/sp22.pl\/nowa\/wp-content\/uploads\/2024\/10\/Szymon_Spiewla_medalista_2023_2024-768x960.png 768w, https:\/\/sp22.pl\/nowa\/wp-content\/uploads\/2024\/10\/Szymon_Spiewla_medalista_2023_2024-1229x1536.png 1229w\" sizes=\"auto, (max-width: 300px) 100vw, 300px\" \/><\/p>\n<p style=\"text-align: left;\">&nbsp;<\/p>\n","protected":false},"excerpt":{"rendered":"<p>&#46;&#46;&#46;<\/p>\n","protected":false},"author":1,"featured_media":0,"parent":0,"menu_order":0,"comment_status":"closed","ping_status":"closed","template":"","meta":{"ngg_post_thumbnail":0,"footnotes":""},"class_list":["post-1112","page","type-page","status-publish","hentry"],"_links":{"self":[{"href":"https:\/\/sp22.pl\/nowa\/index.php\/wp-json\/wp\/v2\/pages\/1112","targetHints":{"allow":["GET"]}}],"collection":[{"href":"https:\/\/sp22.pl\/nowa\/index.php\/wp-json\/wp\/v2\/pages"}],"about":[{"href":"https:\/\/sp22.pl\/nowa\/index.php\/wp-json\/wp\/v2\/types\/page"}],"author":[{"embeddable":true,"href":"https:\/\/sp22.pl\/nowa\/index.php\/wp-json\/wp\/v2\/users\/1"}],"replies":[{"embeddable":true,"href":"https:\/\/sp22.pl\/nowa\/index.php\/wp-json\/wp\/v2\/comments?post=1112"}],"version-history":[{"count":23,"href":"https:\/\/sp22.pl\/nowa\/index.php\/wp-json\/wp\/v2\/pages\/1112\/revisions"}],"predecessor-version":[{"id":6987,"href":"https:\/\/sp22.pl\/nowa\/index.php\/wp-json\/wp\/v2\/pages\/1112\/revisions\/6987"}],"wp:attachment":[{"href":"https:\/\/sp22.pl\/nowa\/index.php\/wp-json\/wp\/v2\/media?parent=1112"}],"curies":[{"name":"wp","href":"https:\/\/api.w.org\/{rel}","templated":true}]}}