{"id":1108,"date":"2022-06-17T23:10:19","date_gmt":"2022-06-17T21:10:19","guid":{"rendered":"http:\/\/pavelpa2.vot.pl\/?page_id=1108"},"modified":"2022-06-18T19:29:14","modified_gmt":"2022-06-18T17:29:14","slug":"program-unijny","status":"publish","type":"page","link":"https:\/\/sp22.pl\/nowa\/index.php\/program-unijny\/","title":{"rendered":"PROGRAM UNIJNY"},"content":{"rendered":"<h5 style=\"text-align: center;\"><strong><u>PROJEKT &#8222;Z PODSTAW\u00d3WK\u0104 W \u015aWIAT&#8221;<\/u><\/strong><\/h5>\n<p style=\"text-align: center;\"><a href=\"https:\/\/sp22.pl\/nowa\/wp-content\/uploads\/Pliki\/Do_pobrania_static\/Tworzenie%20strony%20www\/Program%20Unijny\/projekt_z_podstawowka_w_swiat_info_2018_19.pdf?_t=1655487830\" target=\"_blank\" rel=\"noopener\"><strong>&#8222;Z podstaw\u00f3wk\u0105 w \u015bwiat&#8221; &#8211; informacja o projekcie \/plik PDF\/<\/strong><\/a><\/p>\n<p style=\"text-align: center;\"><a href=\"https:\/\/sp22.pl\/nowa\/wp-content\/uploads\/Pliki\/Do_pobrania_static\/Tworzenie%20strony%20www\/Program%20Unijny\/projekt_z_podstawowka_w_swiat_reg_rekrutacji_2018_19.pdf?_t=1655487830\" target=\"_blank\" rel=\"noopener\"><strong>&#8222;Z podstaw\u00f3wk\u0105 w \u015bwiat&#8221; &#8211; regulamin rekrutacji \/plik PDF\/<\/strong><\/a><\/p>\n<p style=\"text-align: center;\"><a href=\"https:\/\/sp22.pl\/nowa\/wp-content\/uploads\/Pliki\/Do_pobrania_static\/Tworzenie%20strony%20www\/Program%20Unijny\/projekt_z_podstawowka_fotki_2019_20.pdf?_t=1655487830\" target=\"_blank\" rel=\"noopener\"><strong>Zdj\u0119cia z zaj\u0119\u0107 dofinansowanych ze \u015brodk\u00f3w UE w ramach projektu &#8222;Z podstaw\u00f3wk\u0105 w \u015bwiat&#8221; \/plik PDF\/<\/strong><\/a><\/p>\n<p>&nbsp;<\/p>\n","protected":false},"excerpt":{"rendered":"<p>&#46;&#46;&#46;<\/p>\n","protected":false},"author":1,"featured_media":0,"parent":0,"menu_order":0,"comment_status":"closed","ping_status":"closed","template":"","meta":{"ngg_post_thumbnail":0,"footnotes":""},"class_list":["post-1108","page","type-page","status-publish","hentry"],"_links":{"self":[{"href":"https:\/\/sp22.pl\/nowa\/index.php\/wp-json\/wp\/v2\/pages\/1108","targetHints":{"allow":["GET"]}}],"collection":[{"href":"https:\/\/sp22.pl\/nowa\/index.php\/wp-json\/wp\/v2\/pages"}],"about":[{"href":"https:\/\/sp22.pl\/nowa\/index.php\/wp-json\/wp\/v2\/types\/page"}],"author":[{"embeddable":true,"href":"https:\/\/sp22.pl\/nowa\/index.php\/wp-json\/wp\/v2\/users\/1"}],"replies":[{"embeddable":true,"href":"https:\/\/sp22.pl\/nowa\/index.php\/wp-json\/wp\/v2\/comments?post=1108"}],"version-history":[{"count":5,"href":"https:\/\/sp22.pl\/nowa\/index.php\/wp-json\/wp\/v2\/pages\/1108\/revisions"}],"predecessor-version":[{"id":1140,"href":"https:\/\/sp22.pl\/nowa\/index.php\/wp-json\/wp\/v2\/pages\/1108\/revisions\/1140"}],"wp:attachment":[{"href":"https:\/\/sp22.pl\/nowa\/index.php\/wp-json\/wp\/v2\/media?parent=1108"}],"curies":[{"name":"wp","href":"https:\/\/api.w.org\/{rel}","templated":true}]}}